{"id":7531,"date":"2025-05-19T02:23:59","date_gmt":"2025-05-19T02:23:59","guid":{"rendered":"https:\/\/www.largepillow.com\/product\/fries-inspired-bean-bag-couch-chair-comfort-for-everyone"},"modified":"2025-11-05T02:16:40","modified_gmt":"2025-11-05T02:16:40","slug":"bulvyciu-ikveptas-pufas-sofa-kede-visiems","status":"publish","type":"product","link":"https:\/\/www.largepillow.com\/lt\/product\/fries-inspired-bean-bag-couch-chair-comfort-for-everyone","title":{"rendered":"Bulvy\u010di\u0173 \u012fkv\u0117ptas pufo formos kr\u0117slas \u2013 patogumas visiems"},"content":{"rendered":"[zc_getpagecontent mb=&#8221;mb_aplus&#8221; apid=&#8221;122&#8243;]\n","protected":false},"excerpt":{"rendered":"<ul>\n<li>Reguliuojamas ir pritaikomas: paaugliams skirtos bulvy\u010di\u0173 fri pufo k\u0117d\u0117s suteikia visi\u0161k\u0105 lankstum\u0105. Reguliuokite bulvy\u010di\u0173 pad\u0117t\u012f ir kiek\u012f, kad j\u016bs\u0173 k\u016bnui b\u016bt\u0173 patogiausi. Visi\u0161kai atsigulkite po bulvyt\u0117mis, kad jaukiai apgaubtum\u0117te, suma\u017eindami fizin\u012f nuovarg\u012f ir nerim\u0105. Atsis\u0117skite ant pufo sofos, skaitykite knyg\u0105 ar m\u0117gaukit\u0117s filmu kartu, kad j\u016bs\u0173 laisvalaikis b\u016bt\u0173 dar malonesnis.<\/li>\n<li>Unikalus bulvy\u010di\u0173 fri dizainas: m\u016bs\u0173 pufas \u012fkv\u0117ptas vis\u0173 m\u0117gstamiausio u\u017ekand\u017eio \u2013 bulvy\u010di\u0173 fri! \u0160iame pufe, kuriame yra 25 atskiros bulvyt\u0117s, galima i\u0161d\u0117lioti \u012fvairiuose auk\u0161\u010diuose ir deriniuose. \u012esitaisykite tarpuose tarp bulvy\u010di\u0173, m\u0117gaukit\u0117s komfortu ir atsipalaidavimu arba su\u017eaiskite \u017eaisming\u0105 \u201cpagalvi\u0173 kov\u0105\u201d su draugais, atskirai i\u0161imdami bulvytes. Prakti\u0161kas ir \u017eavus, jis suteikia j\u016bs\u0173 gyvenimui nauj\u0105 linksmybi\u0173 lyg\u012f.<\/li>\n<li>I\u0161skirtinis komfortas ir patvarumas: M\u016bs\u0173 bulvy\u010di\u0173 fri pufo sofas yra pagamintas i\u0161 mink\u0161to ir patogaus trumpo pliu\u0161o ir yra pripildytas puraus poliesterio. Patirkite skendimo ir spaudimo malonum\u0105, nes bulvyt\u0117s prilaiko j\u016bs\u0173 k\u016bn\u0105. Bulvy\u010di\u0173 indelis u\u017epildytas didelio tankio putomis, kurios u\u017etikrina ilgalaik\u012f formos i\u0161laikym\u0105 be deformacijos. Indo u\u017etrauktuko dizainas leid\u017eia j\u012f lengvai valyti ir pri\u017ei\u016br\u0117ti.<\/li>\n<li>Linksmas ir stilingas dekoras: realisti\u0161ka bulvy\u010di\u0173 fri spalv\u0173 gama ir \u0161ilta bei jauki i\u0161vaizda suteikia \u017eaismingumo bet kuriai erdvei. \u0160i unikali sofa-lova gali b\u016bti pastatyta bet kuriame j\u016bs\u0173 nam\u0173 kampelyje \u2013 tai puiki vieta \u0161eimos \u017eaidim\u0173 vakarams, skaitymui ar mokymosi veiklai.<\/li>\n<li>Kompresin\u0117 pakuot\u0117: M\u016bs\u0173 paaugliams skirti pufai yra suspausti vakuume, tod\u0117l atidarius jie gali laikinai deformuotis ir suplon\u0117ti. Tai n\u0117ra kokyb\u0117s problema. Tiesiog palaukite 48\u201372 valandas, \u0161velniai pakratykite ir paglostykite puf\u0105, kad jis atgaut\u0173 pradin\u0119 form\u0105.<\/li>\n<\/ul>","protected":false},"featured_media":7524,"comment_status":"open","ping_status":"closed","template":"","meta":[],"product_brand":[],"product_cat":[228],"product_tag":[],"class_list":{"0":"post-7531","1":"product","2":"type-product","3":"status-publish","4":"has-post-thumbnail","6":"product_cat-cushions","8":"first","9":"outofstock","10":"sold-individually","11":"shipping-taxable","12":"purchasable","13":"product-type-simple"},"_links":{"self":[{"href":"https:\/\/www.largepillow.com\/lt\/wp-json\/wp\/v2\/product\/7531","targetHints":{"allow":["GET"]}}],"collection":[{"href":"https:\/\/www.largepillow.com\/lt\/wp-json\/wp\/v2\/product"}],"about":[{"href":"https:\/\/www.largepillow.com\/lt\/wp-json\/wp\/v2\/types\/product"}],"replies":[{"embeddable":true,"href":"https:\/\/www.largepillow.com\/lt\/wp-json\/wp\/v2\/comments?post=7531"}],"wp:featuredmedia":[{"embeddable":true,"href":"https:\/\/www.largepillow.com\/lt\/wp-json\/wp\/v2\/media\/7524"}],"wp:attachment":[{"href":"https:\/\/www.largepillow.com\/lt\/wp-json\/wp\/v2\/media?parent=7531"}],"wp:term":[{"taxonomy":"product_brand","embeddable":true,"href":"https:\/\/www.largepillow.com\/lt\/wp-json\/wp\/v2\/product_brand?post=7531"},{"taxonomy":"product_cat","embeddable":true,"href":"https:\/\/www.largepillow.com\/lt\/wp-json\/wp\/v2\/product_cat?post=7531"},{"taxonomy":"product_tag","embeddable":true,"href":"https:\/\/www.largepillow.com\/lt\/wp-json\/wp\/v2\/product_tag?post=7531"}],"curies":[{"name":"wp","href":"https:\/\/api.w.org\/{rel}","templated":true}]}}