{"id":7541,"date":"2025-05-19T02:51:40","date_gmt":"2025-05-19T02:51:40","guid":{"rendered":"https:\/\/www.largepillow.com\/product\/cloud-shaped-dog-cat-bed-with-removable-cover-easy-clean"},"modified":"2025-05-19T04:14:09","modified_gmt":"2025-05-19T04:14:09","slug":"debesu-formos-sunu-ir-kaciu-guolis-su-nuimamu-uzvalkalu-lengvai-valomas","status":"publish","type":"product","link":"https:\/\/www.largepillow.com\/lt\/product\/cloud-shaped-dog-cat-bed-with-removable-cover-easy-clean","title":{"rendered":"Debesies formos \u0161un\u0173 ir ka\u010di\u0173 guolis su nuimamu u\u017evalkalu, lengvai valomas"},"content":{"rendered":"[zc_getpagecontent mb=&#8221;mb_aplus&#8221; apid=&#8221;127&#8243;]\n","protected":false},"excerpt":{"rendered":"<ul>\n<li>Eleganti\u0161kas debesies dizainas: \u0161is vidutinio dyd\u017eio \u0161un\u0173 guolis pasi\u017eymi \u017eavingu debes\u0173 \u012fkv\u0117ptu dizainu, kuris ne tik atspindi augintinio nat\u016bralios poilsio vietos danguje esm\u0119, bet ir yra puikus akcentas j\u016bs\u0173 nam\u0173 interjere; jo mink\u0161ti, netaisyklingi kra\u0161tai imituoja puraus tikro debesies i\u0161vaizd\u0105, suteikdami vizualiai patraukli\u0105 ir kvie\u010dian\u010di\u0105 erdv\u0119 j\u016bs\u0173 augintiniui pails\u0117ti.<\/li>\n<li>Patogumas ir atrama: Guolis pagamintas i\u0161 didelio tankio, ger\u0105 atram\u0105 suteikian\u010dio kempin\u0117s pagrindo, tod\u0117l j\u016bs\u0173 augintinio k\u016bnui suteikia tvirt\u0105, bet patogi\u0105 atram\u0105; aplinkinis pagalv\u0117l\u0117 u\u017epildyta mink\u0161ta PP medvilne, kuri ne tik suteikia jaukumo, bet ir suteikia \u0161velni\u0105 pagalv\u0117l\u0119 aplink kra\u0161tus, u\u017etikrindama, kad j\u016bs\u0173 augintinis jaust\u0173si saugiai ir patogiai.<\/li>\n<li>Patvarus su neslystan\u010diu pagrindu: Guolis pagamintas i\u0161 patvaraus, mink\u0161to balto audinio, kur\u012f lengva nuimti, skalbti ir pri\u017ei\u016br\u0117ti, o neslystantis dugnas u\u017etikrina, kad guolis laikyt\u0173si savo vietoje net ir ant lygi\u0173 grind\u0173, suma\u017eindamas rizik\u0105, kad j\u016bs\u0173 augintinis j\u012f stumdys ar slys naudodamas.<\/li>\n<li>Erdvi vieta keliems augintiniams: \u0160is debesies formos \u0161un\u0173 guolis, kurio vidin\u0117 erdv\u0117 yra 80 \u00d7 40 centimetr\u0173, yra pakankamai erdvus, kad patogiai tilpt\u0173 vienas vidutinio dyd\u017eio \u0161uo arba iki trij\u0173 ma\u017e\u0173 \u0161un\u0173, tod\u0117l tai puikus pasirinkimas augintini\u0173 savininkams, turintiems kelis augintinius, norintiems kiekvienam suteikti patogi\u0105 ir bendr\u0105 poilsio zon\u0105.<\/li>\n<li>Universalus ir stilingas: D\u0117l estetinio patrauklumo ir prakti\u0161ko dizaino j\u012f galima pastatyti bet kuriame nam\u0173 kambaryje, \u012fskaitant svetaines, miegamuosius ir net saul\u0117tus balkonus, neaukojant stiliaus ar komforto.<\/li>\n<\/ul>","protected":false},"featured_media":7532,"comment_status":"open","ping_status":"closed","template":"","meta":[],"product_brand":[],"product_cat":[227],"product_tag":[],"class_list":{"0":"post-7541","1":"product","2":"type-product","3":"status-publish","4":"has-post-thumbnail","6":"product_cat-pet-supplies","8":"first","9":"outofstock","10":"shipping-taxable","11":"purchasable","12":"product-type-simple"},"_links":{"self":[{"href":"https:\/\/www.largepillow.com\/lt\/wp-json\/wp\/v2\/product\/7541","targetHints":{"allow":["GET"]}}],"collection":[{"href":"https:\/\/www.largepillow.com\/lt\/wp-json\/wp\/v2\/product"}],"about":[{"href":"https:\/\/www.largepillow.com\/lt\/wp-json\/wp\/v2\/types\/product"}],"replies":[{"embeddable":true,"href":"https:\/\/www.largepillow.com\/lt\/wp-json\/wp\/v2\/comments?post=7541"}],"wp:featuredmedia":[{"embeddable":true,"href":"https:\/\/www.largepillow.com\/lt\/wp-json\/wp\/v2\/media\/7532"}],"wp:attachment":[{"href":"https:\/\/www.largepillow.com\/lt\/wp-json\/wp\/v2\/media?parent=7541"}],"wp:term":[{"taxonomy":"product_brand","embeddable":true,"href":"https:\/\/www.largepillow.com\/lt\/wp-json\/wp\/v2\/product_brand?post=7541"},{"taxonomy":"product_cat","embeddable":true,"href":"https:\/\/www.largepillow.com\/lt\/wp-json\/wp\/v2\/product_cat?post=7541"},{"taxonomy":"product_tag","embeddable":true,"href":"https:\/\/www.largepillow.com\/lt\/wp-json\/wp\/v2\/product_tag?post=7541"}],"curies":[{"name":"wp","href":"https:\/\/api.w.org\/{rel}","templated":true}]}}