{"id":7563,"date":"2025-05-19T03:29:58","date_gmt":"2025-05-19T03:29:58","guid":{"rendered":"https:\/\/www.largepillow.com\/product\/foldable-book-shaped-floor-pillow-cushion-unique-fun-gift"},"modified":"2025-06-17T23:03:30","modified_gmt":"2025-06-17T23:03:30","slug":"sulankstoma-knygos-formos-grindu-pagalve-unikali-ir-smagi-dovana","status":"publish","type":"product","link":"https:\/\/www.largepillow.com\/lt\/product\/foldable-book-shaped-floor-pillow-cushion-unique-fun-gift","title":{"rendered":"Sulankstoma knygos formos grind\u0173 pagalv\u0117l\u0117, unikali ir smagi dovana"},"content":{"rendered":"[zc_getpagecontent mb=&#8221;mb_aplus&#8221; apid=&#8221;106&#8243;]\n","protected":false},"excerpt":{"rendered":"<ul>\n<li>Universalumas ir k\u016brybi\u0161kumas \u2013 u\u017era\u0161in\u0117s formos grind\u0173 pagalv\u0117l\u0117 yra daugiau nei tik s\u0117d\u0117jimo vieta; tai prakti\u0161kumo ir k\u016brybi\u0161kumo derinys; Atidarius ji virsta dviem sujungtais pagalv\u0117l\u0117mis, suteikian\u010diomis papildom\u0105 s\u0117d\u0117jimo viet\u0105 arba atlo\u0161\u0105, tod\u0117l idealiai tinka tiek namams, tiek biurui. Unikali u\u017era\u0161in\u0117s i\u0161vaizda ne tik suteikia \u017eaismingumo nam\u0173 dekorui, bet ir \u017eadina j\u016bs\u0173 vaizduot\u0119.<\/li>\n<li>Patogus daikt\u0173 laikymas \u2013 \u0161i pagalv\u0117l\u0117 turi daiktad\u0117\u017e\u0119, tod\u0117l ji yra ne tik patogi s\u0117dyn\u0117, bet ir prakti\u0161kas daikt\u0173 laikymo sprendimas, kuriame galite lengvai laikyti knygas, \u017eurnalus ar kitus smulkius daiktus, palaikydami tvark\u0105 erdv\u0117se ir skaitymo med\u017eiag\u0105 ranka pasiekiamoje vietoje, puikiai tinkantis knyg\u0173 m\u0117g\u0117jams.<\/li>\n<li>Patogi skaitymo patirtis \u2013 didelio tankio, ger\u0105 atram\u0105 suteikiantis putplastis suteikia patogi\u0105 s\u0117d\u0117jimo patirt\u012f ir atram\u0105, u\u017etikrindamas, kad tiek vaikai, tiek suaugusieji gal\u0117t\u0173 m\u0117gautis jaukiu skaitymo kampeliu ant grind\u0173, suma\u017eindami diskomfort\u0105 po ilg\u0173 skaitymo seans\u0173.<\/li>\n<li>Daugiafunkcionalumas fotografijai ir dekorui \u2013 unikalus \u0161ios pagalv\u0117l\u0117s dizainas ir ry\u0161kios spalvos paver\u010dia j\u0105 i\u0161skirtiniu rekvizitu fotografijoje. Ji gali tapti k\u016brybingu fonu \u0161eimos nuotraukoms ar profesionalioms fotosesijoms, taip pat tarnauti kaip interjero dekoro dalis, suteikianti bet kuriai erdvei gyvumo ir individualumo.<\/li>\n<li>Idealiai tinka \u0161vent\u0117ms ir dovanoms \u2013 puiki \u0161ventin\u0117 dovana ie\u0161kantiems ka\u017eko smagaus ir prakti\u0161ko. Tai ne tik puiki kal\u0117din\u0117 dovana, bet ir ypatinga dovana bet kokiai \u0161ventei, pavyzd\u017eiui, gimtadieniui ir Helovinui, nustebinsianti ir prajuokinsianti j\u016bs\u0173 draugus ir \u0161eimos narius.<\/li>\n<\/ul>","protected":false},"featured_media":7551,"comment_status":"open","ping_status":"closed","template":"","meta":[],"product_brand":[],"product_cat":[228],"product_tag":[],"class_list":{"0":"post-7563","1":"product","2":"type-product","3":"status-publish","4":"has-post-thumbnail","6":"product_cat-cushions","8":"first","9":"outofstock","10":"sold-individually","11":"shipping-taxable","12":"purchasable","13":"product-type-simple"},"_links":{"self":[{"href":"https:\/\/www.largepillow.com\/lt\/wp-json\/wp\/v2\/product\/7563","targetHints":{"allow":["GET"]}}],"collection":[{"href":"https:\/\/www.largepillow.com\/lt\/wp-json\/wp\/v2\/product"}],"about":[{"href":"https:\/\/www.largepillow.com\/lt\/wp-json\/wp\/v2\/types\/product"}],"replies":[{"embeddable":true,"href":"https:\/\/www.largepillow.com\/lt\/wp-json\/wp\/v2\/comments?post=7563"}],"wp:featuredmedia":[{"embeddable":true,"href":"https:\/\/www.largepillow.com\/lt\/wp-json\/wp\/v2\/media\/7551"}],"wp:attachment":[{"href":"https:\/\/www.largepillow.com\/lt\/wp-json\/wp\/v2\/media?parent=7563"}],"wp:term":[{"taxonomy":"product_brand","embeddable":true,"href":"https:\/\/www.largepillow.com\/lt\/wp-json\/wp\/v2\/product_brand?post=7563"},{"taxonomy":"product_cat","embeddable":true,"href":"https:\/\/www.largepillow.com\/lt\/wp-json\/wp\/v2\/product_cat?post=7563"},{"taxonomy":"product_tag","embeddable":true,"href":"https:\/\/www.largepillow.com\/lt\/wp-json\/wp\/v2\/product_tag?post=7563"}],"curies":[{"name":"wp","href":"https:\/\/api.w.org\/{rel}","templated":true}]}}