{"id":7571,"date":"2025-05-19T03:46:33","date_gmt":"2025-05-19T03:46:33","guid":{"rendered":"https:\/\/www.largepillow.com\/product\/3d-felt-donut-pet-bed-with-mat-for-cats-small-dogs"},"modified":"2025-05-19T04:14:09","modified_gmt":"2025-05-19T04:14:09","slug":"3d-veltinio-spurgos-formos-naminiu-gyvuneliu-lova-su-kilimeliu-katems-ir-maziems-sunims","status":"publish","type":"product","link":"https:\/\/www.largepillow.com\/lt\/product\/3d-felt-donut-pet-bed-with-mat-for-cats-small-dogs\/","title":{"rendered":"3D veltinio spurgos formos augintini\u0173 guolis su kilim\u0117liu kat\u0117ms ir ma\u017eiems \u0161unims"},"content":{"rendered":"[zc_getpagecontent mb=&#8221;mb_aplus&#8221; apid=&#8221;123&#8243;]\n","protected":false},"excerpt":{"rendered":"<ul>\n<li>Madingas spurg\u0173 \u012fkv\u0117ptas dizainas \u2013 m\u016bs\u0173 augintinio guolis yra ne tik vieta j\u016bs\u0173 p\u016bkuotam draugui pails\u0117ti; tai i\u0161skirtinis k\u016brinys; pasi\u017eymi parametriniu menu \u2013 \u012fkv\u0117ptu dizainu su ry\u0161kia spalv\u0173 gama. Tai ne tik lova; tai stilingas dekoro elementas, galintis pakeisti bet kur\u012f j\u016bs\u0173 nam\u0173 kambar\u012f.<\/li>\n<li>Paprastas 3D d\u0117lion\u0117s \u201epasidaryk pats\u201c surinkimas \u2013 paverskite savo augintinio guolio surinkimo proces\u0105 \u012fsimintina bendravimo patirtimi; M\u016bs\u0173 ma\u017ea \u0161uns lova pagaminta i\u0161 didelio stiprumo veltinio r\u0117mo, tod\u0117l surinkimas yra labai paprastas. Tai taip paprasta, kad galite \u012ftraukti vis\u0105 \u0161eim\u0105, sukurti smagi\u0105 ir \u012ftraukian\u010di\u0105 veikl\u0105, kartu kurdami jauki\u0105 prieglobst\u012f savo mylimam augintiniui.<\/li>\n<li>Ne\u0161iojamas ir lengvai sulankstomas \u2013 d\u0117l sulankstomos konstrukcijos jis kompakti\u0161kai telpa automobilio baga\u017ein\u0117je, lagamine ar spintel\u0117je; nesvarbu, ar leid\u017eiat\u0117s \u012f kelion\u0119, kraustot\u0117s \u012f naujus namus, ar tiesiog lankote draug\u0105, j\u016bs\u0173 augintinis gal\u0117s m\u0117gautis pa\u017e\u012fstama ir patogia poilsio vieta, kad ir kur eitum\u0117te.<\/li>\n<li>Patvarumas ir komfortas \u2013 pagalv\u0117l\u0117 aptraukta itin mink\u0161tu, odai draugi\u0161ku aksominiu audiniu, u\u017etikrinan\u010diu \u0161veln\u0173 prisilietim\u0105 prie j\u016bs\u0173 augintinio kailio; u\u017epildyta didelio tankio PP medvilne, ji suteikia mink\u0161t\u0105, debes\u0117lio pavidalo komfort\u0105, kur\u012f j\u016bs\u0173 augintinis pamils.<\/li>\n<li>Erdvi prieglauda ma\u017eiems augintiniams \u2013 nesvarbu, ar esate pers\u0173, ragdolio ar trumpaplauk\u0117s kat\u0117s savininkas, ar turite ma\u017e\u0173 \u0161un\u0173 veisli\u0173, toki\u0173 kaip pudeliai, pomeranai ar \u010dihuahua, m\u016bs\u0173 augintini\u0173 guolis suteikia jiems daug vietos atsipalaiduoti, pasitempti ir patogiai nusn\u016bsti.<\/li>\n<\/ul>","protected":false},"featured_media":7564,"comment_status":"open","ping_status":"closed","template":"","meta":[],"product_brand":[],"product_cat":[227],"product_tag":[],"class_list":{"0":"post-7571","1":"product","2":"type-product","3":"status-publish","4":"has-post-thumbnail","6":"product_cat-pet-supplies","8":"first","9":"instock","10":"shipping-taxable","11":"purchasable","12":"product-type-simple"},"_links":{"self":[{"href":"https:\/\/www.largepillow.com\/lt\/wp-json\/wp\/v2\/product\/7571","targetHints":{"allow":["GET"]}}],"collection":[{"href":"https:\/\/www.largepillow.com\/lt\/wp-json\/wp\/v2\/product"}],"about":[{"href":"https:\/\/www.largepillow.com\/lt\/wp-json\/wp\/v2\/types\/product"}],"replies":[{"embeddable":true,"href":"https:\/\/www.largepillow.com\/lt\/wp-json\/wp\/v2\/comments?post=7571"}],"wp:featuredmedia":[{"embeddable":true,"href":"https:\/\/www.largepillow.com\/lt\/wp-json\/wp\/v2\/media\/7564"}],"wp:attachment":[{"href":"https:\/\/www.largepillow.com\/lt\/wp-json\/wp\/v2\/media?parent=7571"}],"wp:term":[{"taxonomy":"product_brand","embeddable":true,"href":"https:\/\/www.largepillow.com\/lt\/wp-json\/wp\/v2\/product_brand?post=7571"},{"taxonomy":"product_cat","embeddable":true,"href":"https:\/\/www.largepillow.com\/lt\/wp-json\/wp\/v2\/product_cat?post=7571"},{"taxonomy":"product_tag","embeddable":true,"href":"https:\/\/www.largepillow.com\/lt\/wp-json\/wp\/v2\/product_tag?post=7571"}],"curies":[{"name":"wp","href":"https:\/\/api.w.org\/{rel}","templated":true}]}}