{"id":7579,"date":"2025-05-19T04:00:06","date_gmt":"2025-05-19T04:00:06","guid":{"rendered":"https:\/\/www.largepillow.com\/product\/high-side-washable-calming-beds-for-dogs-cats"},"modified":"2026-02-05T21:14:43","modified_gmt":"2026-02-05T21:14:43","slug":"aukstos-sonines-plaunamos-raminancios-lovos-sunims-ir-katems","status":"publish","type":"product","link":"https:\/\/www.largepillow.com\/lt\/product\/high-side-washable-calming-beds-for-dogs-cats","title":{"rendered":"Auk\u0161tos pus\u0117s plaunamos raminan\u010dios lovos \u0161unims ir kat\u0117ms"},"content":{"rendered":"[zc_getpagecontent mb=&#8221;mb_aplus&#8221; apid=&#8221;121&#8243;]\n","protected":false},"excerpt":{"rendered":"<ul>\n<li>Auk\u0161tos sienel\u0117s u\u017etikrina maksimal\u0173 saugum\u0105 \u2013 \u0161i nerim\u0105 ma\u017einanti augintini\u0173 lova, pasi\u017eyminti auk\u0161tu atlo\u0161u, sukuria jauki\u0105 ir saugi\u0105 erdv\u0119 j\u016bs\u0173 ma\u017eiems \u0161unims ir ka\u010diukams; pakeltos sienel\u0117s suteikia komforto poj\u016bt\u012f, imituodamos \u0161ilt\u0105 apkabinim\u0105, kuris padeda augintiniams jaustis saugiai ir patogiai, skatina gilesn\u012f ir ramesn\u012f mieg\u0105.<\/li>\n<li>Gilus miegas ir raminantis poveikis \u2013 sukurtas skatinti gil\u0173, nepertraukiam\u0105 mieg\u0105, \u0161is raminantis \u0161un\u0173 guolis puikiai tinka augintiniams, kuriems reikia ramios poilsio vietos; mink\u0161tos ir prabangios med\u017eiagos kartu su auk\u0161tais kra\u0161tais ramina nerimaujan\u010dius augintinius, tod\u0117l tai idealus pasirinkimas tiems, kurie link\u0119 \u012f stres\u0105 ar hiperaktyvum\u0105.<\/li>\n<li>Plaunamas, kad prie\u017ei\u016bra b\u016bt\u0173 paprasta \u2013 patogus guolis turi nuimam\u0105 ir skalbiam\u0105 u\u017evalkal\u0105, u\u017etikrinant\u012f lengv\u0105 valym\u0105 ir higieni\u0161k\u0105 aplink\u0105 j\u016bs\u0173 p\u016bkuotiems draugams; tiesiog nuimkite u\u017evalkal\u0105 ir \u012fmeskite j\u012f \u012f skalbimo ma\u0161in\u0105, kad guolis i\u0161likt\u0173 gaivus ir be ne\u0161varum\u0173, plauk\u0173 bei kvap\u0173.<\/li>\n<li>Puikiai tinka ma\u017eiems \u0161unims ir ka\u010diukams \u2013 \u0161is guolis sukurtas galvojant apie ma\u017eus \u0161unis ir ka\u010diukus, suteikia jiems pakankamai vietos susisukti ir atsipalaiduoti; d\u0117l kompakti\u0161ko dyd\u017eio jis tinka \u012fvairioms gyvenamosioms erdv\u0117ms, nesvarbu, ar tai jaukus kampelis miegamajame, ar vieta svetain\u0117je.<\/li>\n<li>Tvirta ir patvari konstrukcija \u2013 pagaminta i\u0161 auk\u0161tos kokyb\u0117s med\u017eiag\u0173, \u012fskaitant tvirt\u0105 kempin\u0117s pagalv\u0117l\u0117s pagrind\u0105 ir patvarius aksominius \u0161onus, \u0161i augintini\u0173 lova yra sukurta ilgam tarnavimui; neslystantis dugnas laiko lov\u0105 vietoje, neleid\u017eia jai slysti, kai j\u016bs\u0173 augintinis juda, taip u\u017etikrinant ilgalaik\u012f naudojim\u0105 ir stabilum\u0105.<\/li>\n<li>Nuimamas pagalv\u0117l\u0117 pritaikomam komfortui \u2013 auk\u0161ta \u0161ios augintinio lovos pagalv\u0117l\u0117 yra patogiai nuimama, tod\u0117l galite reguliuoti lovos pad\u0117t\u012f pagal savo augintinio pageidavimus; pagalv\u0117l\u0117 tvirtai pritvirtinama prie pagrindinio kilim\u0117lio augintiniui. Nu\u0117mus pagrindin\u012f kilim\u0117l\u012f, j\u012f galima naudoti atskirai, tod\u0117l tai universalus pasirinkimas skirtingiems j\u016bs\u0173 augintinio poreikiams.<\/li>\n<\/ul>","protected":false},"featured_media":7572,"comment_status":"open","ping_status":"closed","template":"","meta":[],"product_brand":[],"product_cat":[227],"product_tag":[],"class_list":{"0":"post-7579","1":"product","2":"type-product","3":"status-publish","4":"has-post-thumbnail","6":"product_cat-pet-supplies","8":"first","9":"instock","10":"shipping-taxable","11":"purchasable","12":"product-type-simple"},"_links":{"self":[{"href":"https:\/\/www.largepillow.com\/lt\/wp-json\/wp\/v2\/product\/7579","targetHints":{"allow":["GET"]}}],"collection":[{"href":"https:\/\/www.largepillow.com\/lt\/wp-json\/wp\/v2\/product"}],"about":[{"href":"https:\/\/www.largepillow.com\/lt\/wp-json\/wp\/v2\/types\/product"}],"replies":[{"embeddable":true,"href":"https:\/\/www.largepillow.com\/lt\/wp-json\/wp\/v2\/comments?post=7579"}],"wp:featuredmedia":[{"embeddable":true,"href":"https:\/\/www.largepillow.com\/lt\/wp-json\/wp\/v2\/media\/7572"}],"wp:attachment":[{"href":"https:\/\/www.largepillow.com\/lt\/wp-json\/wp\/v2\/media?parent=7579"}],"wp:term":[{"taxonomy":"product_brand","embeddable":true,"href":"https:\/\/www.largepillow.com\/lt\/wp-json\/wp\/v2\/product_brand?post=7579"},{"taxonomy":"product_cat","embeddable":true,"href":"https:\/\/www.largepillow.com\/lt\/wp-json\/wp\/v2\/product_cat?post=7579"},{"taxonomy":"product_tag","embeddable":true,"href":"https:\/\/www.largepillow.com\/lt\/wp-json\/wp\/v2\/product_tag?post=7579"}],"curies":[{"name":"wp","href":"https:\/\/api.w.org\/{rel}","templated":true}]}}