{"id":802,"date":"2022-09-17T13:48:56","date_gmt":"2022-09-17T13:48:56","guid":{"rendered":"https:\/\/www.largepillow.com\/product\/wedge-pillow-for-acid-reflux_37_38_39_40"},"modified":"2026-03-13T16:55:31","modified_gmt":"2026-03-13T16:55:31","slug":"pleisto-formos-pagalve-2","status":"publish","type":"product","link":"https:\/\/www.largepillow.com\/lt\/product\/wedge-bolster-pillow","title":{"rendered":"Plei\u0161to formos pagalv\u0117"},"content":{"rendered":"<p>Patogiausia plei\u0161to formos pagalv\u0117<\/p>\n<p>Ie\u0161kote tobulos pagalv\u0117s skaitymui ar televizoriaus \u017ei\u016br\u0117jimui? Pristatome \u201eWedge Bolster\u201c pagalv\u0119 \u2013 auk\u0161\u010diausios kokyb\u0117s pakelt\u0105 galv\u016bgal\u012f, u\u017etikrinan\u010di\u0105 i\u0161skirtin\u012f komfort\u0105 ir atram\u0105.<\/p>\n<p>D\u0117l i\u0161lenktos formos ir dviej\u0173 eili\u0173 pakelto atlo\u0161o dizaino \u0161i XL dyd\u017eio pagalv\u0117 tinkamai palaiko kakl\u0105 ir nugar\u0105 s\u0117dint lovoje. Daugiafunkcis dizainas puikiai tinka kaip vertikali nugaros pagalv\u0117, plei\u0161to formos pagalv\u0117 arba koj\u0173 pagalv\u0117. <\/p>\n<p>Pagamintas i\u0161 100% poliesterio su ekologi\u0161ku poliesterio pluo\u0161to u\u017epildu, audinys atrodo kaip linas ir dera prie bet kokio miegamojo interjero. Nuimamas u\u017evalkalas yra lengvai skalbiamas skalbimo ma\u0161inoje. \u0160is didelis galv\u016bgalio pagalv\u0117l\u0117s dydis taip pat turi ma\u017eas \u0161onines ki\u0161enes knygoms, nuotolinio valdymo pultams, telefonams ir kt. laikyti. <\/p>\n<p>\u0160tai k\u0105 kai kurie klientai tur\u0117jo pasakyti:<\/p>\n<p>\u201cMan labai patinka \u0161ios plei\u0161to formos lovos pagalv\u0117s i\u0161vaizda ir poj\u016btis. Lininis audinys labai mink\u0161tas, o spalva puikiai atrodo mano miegamajame.\u201d<\/p>\n<p>\u201c\u0160i skaitymo pagalv\u0117 suteikia fantasti\u0161k\u0105 nugaros atram\u0105. Galiu valand\u0173 valandas s\u0117d\u0117ti lovoje be kaklo ar nugaros skausmo.\u201d<\/p>\n<p>\u201cPakeltas dizainas puikiai tinka skaityti ar dirbti su ne\u0161iojamuoju kompiuteriu lovoje. Tai puikus atlo\u0161as, kuris patogiai laikosi vertikaliai.\u201d<\/p>\n<p>\u201cA\u0161 pasirinkau 160 cm dyd\u012f ir jis u\u017eima vis\u0105 lovos galv\u016bgal\u012f. Pakankamai didelis, kad gal\u0117\u010diau atsis\u0117sti ir \u017ei\u016br\u0117ti filmus.\u201d<\/p>\n<p>Kadangi si\u016blomi ilgiai svyruoja nuo 100 cm iki 200 cm, tikrai rasite savo erdvei tinkan\u010dio \u201eWedge Bolster\u201c pagalv\u0117s dyd\u017eio. Suteikite savo nugarai, kaklui ir kojoms komforto, kurio jie nusipelno! \u012esigykite daugiafunkc\u0119 galv\u016bgalio pagalv\u0119 jau \u0161iandien.<\/p>","protected":false},"excerpt":{"rendered":"<ul>\n<li><strong>Maksimalus komfortas:<\/strong> \u0160i XL dyd\u017eio pakeltas galv\u016bgalio pagalv\u0117l\u0117 d\u0117l savo i\u0161lenktos formos suteikia puik\u0173 komfort\u0105. \u0160i skaitymo galv\u016bgalio pagalv\u0117l\u0117 gali pad\u0117ti jums nejausti \u012ftampos lovoje, sofos-lovos ar ku\u0161et\u0117s metu, tod\u0117l puikiai tinka dirbant naktin\u0117ms pel\u0117doms, knyg\u0173 myl\u0117tojams ir \u017ei\u016brint televizori\u0173 lovoje.<\/li>\n<li><strong>Pakeltas atlo\u0161o dizainas:<\/strong> M\u0117gaukit\u0117s neprilygstamu komfortu su m\u016bs\u0173 unikaliu dviej\u0173 eili\u0173 pakelto atlo\u0161o galv\u016bgalio pagalv\u0117s dizainu. Pakeltas atlo\u0161as suteikia puiki\u0105 atram\u0105 j\u016bs\u0173 kaklui ir nugarai, tod\u0117l tai puiki vieta atsipalaiduoti ir skaityti lovoje.<\/li>\n<li><strong>Daugiafunkcin\u0117 pagalv\u0117:<\/strong> Tur\u0117dama tris skirtingus naudojimo b\u016bdus, m\u016bs\u0173 pagalv\u0117 puikiai tinka bet kokiai situacijai. Nesvarbu, ar norite j\u0105 naudoti kaip vertikali\u0105 nugaros pagalv\u0119, plei\u0161to formos pagalv\u0119 ar kaip koj\u0173 pagalv\u0119 didesnei atramai, tai idealus aksesuaras patogiam poilsiui ir atsipalaidavimui.<\/li>\n<li><strong>Auk\u0161\u010diausios kokyb\u0117s meistri\u0161kumas:<\/strong> Pagaminta i\u0161 lino imitacijos audinio, kurio sud\u0117tis yra 100% poliesteris, m\u016bs\u0173 galv\u016bgalio pagalv\u0117l\u0117 u\u017epildyta ekologi\u0161ku ir didelio atsparumo poliesterio pluo\u0161to u\u017epildu. Nuimam\u0105 pagalv\u0117l\u0119 lengva skalbti skalbimo ma\u0161inoje, o ma\u017eos \u0161onin\u0117s ki\u0161en\u0117s suteikia prakti\u0161kumo \u0161iam ir taip prabangiam gaminiui.<\/li>\n<li><strong>Lengva plauti:<\/strong> Galv\u016bgalio u\u017evalkalas prie pagalv\u0117s vidin\u0117s pus\u0117s pritvirtintas sagomis ir lengvai nuimamas paprastu u\u017etrauktuku. Tod\u0117l j\u012f valyti paprasta. Tiesiog nuimkite u\u017evalkal\u0105 ir greitai i\u0161skalbkite skalbimo ma\u0161inoje, kad pagalv\u0117 atrodyt\u0173 kaip nauja.<\/li>\n<li><strong>Dydis:<\/strong> 100 cm (I 100 x P 26 x A 55 | 3 stulpeli\u0173 mygtukai), 120 cm (I 120 x P 26 x A 55 | 4 stulpeli\u0173 mygtukai), 140 cm (I 140 x P 26 x A 55 | 4 stulpeli\u0173 mygtukai), 160 cm (I 160 x P 26 x A 55 | 5 stulpeli\u0173 mygtukai), 180 cm (I 180 x P 26 x A 55 | 6 stulpeli\u0173 mygtukai), 200 cm (I 200 x P 26 x A 55 | 7 stulpeli\u0173 mygtukai).<\/li>\n<\/ul>","protected":false},"featured_media":788,"comment_status":"open","ping_status":"closed","template":"","meta":[],"product_brand":[],"product_cat":[15],"product_tag":[164,161,168,163,143,169,162,167,65],"class_list":{"0":"post-802","1":"product","2":"type-product","3":"status-publish","4":"has-post-thumbnail","6":"product_cat-large-wedge-pillow","7":"product_tag-detachable-bolster-bed-cushion","8":"product_tag-elevated-headboard-pillow","9":"product_tag-headboard-pillow","10":"product_tag-leg-pillow","11":"product_tag-multifunctional-pillow","12":"product_tag-support-pillow","13":"product_tag-upright-back-pillow","14":"product_tag-wedge-bolster-pillow","15":"product_tag-wedge-pillow","17":"first","18":"instock","19":"shipping-taxable","20":"purchasable","21":"product-type-variable"},"_links":{"self":[{"href":"https:\/\/www.largepillow.com\/lt\/wp-json\/wp\/v2\/product\/802","targetHints":{"allow":["GET"]}}],"collection":[{"href":"https:\/\/www.largepillow.com\/lt\/wp-json\/wp\/v2\/product"}],"about":[{"href":"https:\/\/www.largepillow.com\/lt\/wp-json\/wp\/v2\/types\/product"}],"replies":[{"embeddable":true,"href":"https:\/\/www.largepillow.com\/lt\/wp-json\/wp\/v2\/comments?post=802"}],"wp:featuredmedia":[{"embeddable":true,"href":"https:\/\/www.largepillow.com\/lt\/wp-json\/wp\/v2\/media\/788"}],"wp:attachment":[{"href":"https:\/\/www.largepillow.com\/lt\/wp-json\/wp\/v2\/media?parent=802"}],"wp:term":[{"taxonomy":"product_brand","embeddable":true,"href":"https:\/\/www.largepillow.com\/lt\/wp-json\/wp\/v2\/product_brand?post=802"},{"taxonomy":"product_cat","embeddable":true,"href":"https:\/\/www.largepillow.com\/lt\/wp-json\/wp\/v2\/product_cat?post=802"},{"taxonomy":"product_tag","embeddable":true,"href":"https:\/\/www.largepillow.com\/lt\/wp-json\/wp\/v2\/product_tag?post=802"}],"curies":[{"name":"wp","href":"https:\/\/api.w.org\/{rel}","templated":true}]}}