{"id":8155,"date":"2025-06-11T04:01:50","date_gmt":"2025-06-11T04:01:50","guid":{"rendered":"https:\/\/www.largepillow.com\/product\/large-floor-loveseat-casual-recliner-for-gaming-reading"},"modified":"2026-01-21T02:17:34","modified_gmt":"2026-01-21T02:17:34","slug":"didelis-dvieju-vietu-atlosiamas-atlosiamas-kreslas-zaidimams-ir-skaitymui","status":"publish","type":"product","link":"https:\/\/www.largepillow.com\/lt\/product\/large-floor-loveseat-casual-recliner-for-gaming-reading","title":{"rendered":"Didel\u0117 grind\u0173 sofa, laisvalaikio atlo\u0161iamas kr\u0117slas \u017eaidimams, skaitymui"},"content":{"rendered":"[zc_getpagecontent mb=&#8221;mb_aplus&#8221; apid=&#8221;136&#8243;]\n","protected":false},"excerpt":{"rendered":"<ul>\n<li>Lengva sumontuoti: M\u016bs\u0173 didelis poilsio kr\u0117slas yra vakuumin\u0117je pakuot\u0117je, o sofos u\u017evalkalai ir 4 putplas\u010dio r\u0117mai bus supakuoti \u012f 3 pakuotes. Kadangi n\u0117ra metalin\u0117s konstrukcijos, j\u012f surinkti labai paprasta \u2013 tiesiog leiskite putplas\u010diui i\u0161sipl\u0117sti 24\u201348 valandas, kai gausite, ir surinkite pagal m\u016bs\u0173 montavimo vaizdo \u012fra\u0161\u0105. Didelis u\u017etrauktukas apa\u010dioje leid\u017eia lengvai pri\u017ei\u016br\u0117ti, nes j\u012f galima nuimti ir skalbti skalbimo ma\u0161inoje.<\/li>\n<li>Prabangus komfortas: patirkite prabangos prisilietim\u0105 su m\u016bs\u0173 dideliu \u0161ezlongu, skirtu naudoti viduje, aptrauktu itin mink\u0161tu pla\u010di\u0173 dry\u017ei\u0173 trumpu pliu\u0161iniu audiniu, kuris savo mink\u0161tumu ir elegancija pranoksta standartin\u012f velvetin\u012f audin\u012f. Jo mink\u0161tumas apgaubia jus, leisdamas j\u016bs\u0173 k\u016bnui atsipalaiduoti ir pasinerti \u012f atsipalaidavimo karalyst\u0119. Pastaba: pla\u010diai dry\u017euotas trumpas pliu\u0161as gali \u0161iek tiek pasi\u0161alinti d\u0117l audinio savybi\u0173, ta\u010diau tai neturi \u012ftakos naudojimui.<\/li>\n<li>Stabilus ir raminantis atramos ta\u0161kas: M\u016bs\u0173 didelis \u0161ezlongas, pagamintas i\u0161 tvirto putplas\u010dio pagrindo ir gausiai pripildytas puraus poliesterio pluo\u0161to, u\u017etikrina tobul\u0105 tvirtos atramos ir dievi\u0161ko mink\u0161tumo pusiausvyr\u0105. I\u0161radingas laiptuotas atlo\u0161o ir poranki\u0173 dizainas sukuria kokono efekt\u0105, suteikdamas saugumo ir komforto jausm\u0105, kuris atlaiko laiko i\u0161bandym\u0105, nesulinkdamas ir nesugri\u016bdamas.<\/li>\n<li>Universalus ir erdvus: m\u016bs\u0173 erdvus \u0161ezlongas skland\u017eiai prisitaiko prie j\u016bs\u0173 gyvenimo b\u016bdo \u2013 tiek kaip jauki sofa-lova svetain\u0117je, tiek kaip atpalaiduojantis \u0161ezlongas miegamajame. Idealiai tinka darbui, poilsiui ar pramogoms \u2013 tai puikus kompanionas \u012fvairiai veiklai \u2013 nuo film\u0173 vakar\u0173 ir skaitymo sesij\u0173 iki kokybi\u0161ko laiko su artimaisiais.<\/li>\n<li>\u0160iuolaikinis \u017eavesys: Didel\u0117 poilsio sofa pasi\u017eymi eleganti\u0161ka, modernia estetika, kuri skland\u017eiai integruojasi \u012f j\u016bs\u0173 erdv\u0119. Jos neutrali spalv\u0173 palet\u0117 yra nepaprastai stilinga, o dvi deran\u010dios dekoratyvin\u0117s pagalv\u0117l\u0117s papildo j\u016bs\u0173 nam\u0173 interjer\u0105 eleganti\u0161ka, suderinta i\u0161vaizda, kuri akimirksniu pakelia bet kurio kambario kamp\u0105 \u012f auk\u0161tesn\u012f lyg\u012f.<\/li>\n<\/ul>","protected":false},"featured_media":8142,"comment_status":"open","ping_status":"closed","template":"","meta":[],"product_brand":[],"product_cat":[228],"product_tag":[],"class_list":{"0":"post-8155","1":"product","2":"type-product","3":"status-publish","4":"has-post-thumbnail","6":"product_cat-cushions","8":"first","9":"instock","10":"sale","11":"sold-individually","12":"shipping-taxable","13":"purchasable","14":"product-type-simple"},"_links":{"self":[{"href":"https:\/\/www.largepillow.com\/lt\/wp-json\/wp\/v2\/product\/8155","targetHints":{"allow":["GET"]}}],"collection":[{"href":"https:\/\/www.largepillow.com\/lt\/wp-json\/wp\/v2\/product"}],"about":[{"href":"https:\/\/www.largepillow.com\/lt\/wp-json\/wp\/v2\/types\/product"}],"replies":[{"embeddable":true,"href":"https:\/\/www.largepillow.com\/lt\/wp-json\/wp\/v2\/comments?post=8155"}],"wp:featuredmedia":[{"embeddable":true,"href":"https:\/\/www.largepillow.com\/lt\/wp-json\/wp\/v2\/media\/8142"}],"wp:attachment":[{"href":"https:\/\/www.largepillow.com\/lt\/wp-json\/wp\/v2\/media?parent=8155"}],"wp:term":[{"taxonomy":"product_brand","embeddable":true,"href":"https:\/\/www.largepillow.com\/lt\/wp-json\/wp\/v2\/product_brand?post=8155"},{"taxonomy":"product_cat","embeddable":true,"href":"https:\/\/www.largepillow.com\/lt\/wp-json\/wp\/v2\/product_cat?post=8155"},{"taxonomy":"product_tag","embeddable":true,"href":"https:\/\/www.largepillow.com\/lt\/wp-json\/wp\/v2\/product_tag?post=8155"}],"curies":[{"name":"wp","href":"https:\/\/api.w.org\/{rel}","templated":true}]}}