{"id":8223,"date":"2025-06-12T02:27:17","date_gmt":"2025-06-12T02:27:17","guid":{"rendered":"https:\/\/www.largepillow.com\/product\/family-floor-couch-set-3-seater-ottoman-bolster"},"modified":"2025-06-17T14:08:43","modified_gmt":"2025-06-17T14:08:43","slug":"triju-vietu-seimos-grindu-sofos-komplektas-su-ottomano-pagalvele","status":"publish","type":"product","link":"https:\/\/www.largepillow.com\/lt\/product\/family-floor-couch-set-3-seater-ottoman-bolster","title":{"rendered":"\u0160eimynin\u0117s grind\u0173 sofos komplektas: 3 viet\u0173, su pufu ir pagalv\u0117l\u0117mis"},"content":{"rendered":"[zc_getpagecontent mb=&#8221;mb_aplus&#8221; apid=&#8221;131&#8243;]\n","protected":false},"excerpt":{"rendered":"<ul>\n<li>Novatori\u0161kas dviej\u0173 zon\u0173 dizainas: \u0161i modulin\u0117 sekcijin\u0117 grind\u0173 sofa yra i\u0161radingai sukurta taip, kad sukurt\u0173 atskiras, ta\u010diau harmoningas erdves t\u0117vams ir vaikams; Trij\u0173 viet\u0173 i\u0161d\u0117stymas gali b\u016bti sukonfig\u016bruotas taip, kad padalyt\u0173 erdv\u0119, leisdamas t\u0117vams netrukdomai sutelkti d\u0117mes\u012f \u012f darb\u0105, o vaikai m\u0117gaut\u0173si \u017eaidimais ar poilsiu netoliese.<\/li>\n<li>Erdvus 113 coli\u0173 i\u0161d\u0117stymas: 113 coli\u0173 plo\u010dio stalas suteikia pakankamai vietos abiem veikloms; t\u0117vai gali i\u0161d\u0117lioti savo darbo priemones vienoje pus\u0117je, o vaikai turi pakankamai vietos \u017eaisti su \u017eaislais ar skaityti knygas neu\u017eimdami vieni kit\u0173 erdvi\u0173, taip skatindami taik\u0173 samb\u016bv\u012f.<\/li>\n<li>Patogios putplas\u010dio pagalv\u0117l\u0117s: auk\u0161tos kokyb\u0117s putplas\u010dio pagalv\u0117l\u0117s yra ne tik mink\u0161tos, kad atsipalaidavt\u0173, bet ir atlaikyt\u0173 ilgas s\u0117d\u0117jimo valandas; nesvarbu, ar t\u0117vai u\u017esi\u0117m\u0119 darbo reikalais, ar vaikai pasin\u0117r\u0119 \u012f film\u0105, patogios s\u0117dyn\u0117s u\u017etikrina, kad diskomfortas nebla\u0161kyt\u0173 n\u0117 vienos pus\u0117s.<\/li>\n<li>Universalus pufas: pridedamas pufas gali b\u016bti naudojamas kaip atskiras darbo pavir\u0161ius t\u0117vams, nes jo plok\u0161\u010dias vir\u0161us suteikia stabil\u0173 pavir\u0161i\u0173 ne\u0161iojamiesiems kompiuteriams ar dokumentams; vaikams jis gali b\u016bti naudojamas kaip papildoma s\u0117dyn\u0117 \u017eaid\u017eiant arba koj\u0173 atrama \u017ei\u016brint animacinius filmukus, taip pagerinant j\u0173 specialios zonos funkcionalum\u0105.<\/li>\n<li>Cilindro formos pagalv\u0117l\u0117: unikali cilindro formos pagalv\u0117l\u0117 suteikia tikslin\u0119 atram\u0105; t\u0117vai gali j\u0105 naudoti juosmens atramai ilg\u0173 darbo sesij\u0173 metu, suma\u017eindami nugaros nuovarg\u012f, o vaikai gali prie jos prisiglausti, kad patogiau skaitydami ar ils\u0117damiesi, tod\u0117l tiek darbas, tiek \u017eaidimai tampa malonesni.<\/li>\n<\/ul>","protected":false},"featured_media":8209,"comment_status":"open","ping_status":"closed","template":"","meta":[],"product_brand":[],"product_cat":[228],"product_tag":[],"class_list":{"0":"post-8223","1":"product","2":"type-product","3":"status-publish","4":"has-post-thumbnail","6":"product_cat-cushions","8":"first","9":"instock","10":"sold-individually","11":"shipping-taxable","12":"purchasable","13":"product-type-simple"},"_links":{"self":[{"href":"https:\/\/www.largepillow.com\/lt\/wp-json\/wp\/v2\/product\/8223","targetHints":{"allow":["GET"]}}],"collection":[{"href":"https:\/\/www.largepillow.com\/lt\/wp-json\/wp\/v2\/product"}],"about":[{"href":"https:\/\/www.largepillow.com\/lt\/wp-json\/wp\/v2\/types\/product"}],"replies":[{"embeddable":true,"href":"https:\/\/www.largepillow.com\/lt\/wp-json\/wp\/v2\/comments?post=8223"}],"wp:featuredmedia":[{"embeddable":true,"href":"https:\/\/www.largepillow.com\/lt\/wp-json\/wp\/v2\/media\/8209"}],"wp:attachment":[{"href":"https:\/\/www.largepillow.com\/lt\/wp-json\/wp\/v2\/media?parent=8223"}],"wp:term":[{"taxonomy":"product_brand","embeddable":true,"href":"https:\/\/www.largepillow.com\/lt\/wp-json\/wp\/v2\/product_brand?post=8223"},{"taxonomy":"product_cat","embeddable":true,"href":"https:\/\/www.largepillow.com\/lt\/wp-json\/wp\/v2\/product_cat?post=8223"},{"taxonomy":"product_tag","embeddable":true,"href":"https:\/\/www.largepillow.com\/lt\/wp-json\/wp\/v2\/product_tag?post=8223"}],"curies":[{"name":"wp","href":"https:\/\/api.w.org\/{rel}","templated":true}]}}