{"id":8233,"date":"2025-06-12T02:31:41","date_gmt":"2025-06-12T02:31:41","guid":{"rendered":"https:\/\/www.largepillow.com\/product\/plush-cloud-modular-sofa-with-chaise-removable-covers"},"modified":"2025-06-17T14:00:28","modified_gmt":"2025-06-17T14:00:28","slug":"pliusine-debesu-moduline-sofa-su-nuimamais-sezlongo-uzvalkalais","status":"publish","type":"product","link":"https:\/\/www.largepillow.com\/lt\/product\/plush-cloud-modular-sofa-with-chaise-removable-covers","title":{"rendered":"Pliu\u0161in\u0117 modulin\u0117 sofa \u201eCloud\u201c su \u0161ezlongu ir nuimamais u\u017evalkalais"},"content":{"rendered":"[zc_getpagecontent mb=&#8221;mb_aplus&#8221; apid=&#8221;130&#8243;]\n","protected":false},"excerpt":{"rendered":"<ul>\n<li>MODULINIS DIZAINAS: 106 coli\u0173 L formos sekcijin\u0117 sofa su universaliu s\u0117d\u0117jimo moduli\u0173 deriniu su giliomis s\u0117dyn\u0117mis ir \u0161ezlongu, u\u017etikrinan\u010diu maksimal\u0173 komfort\u0105 ir lankstum\u0105.<\/li>\n<li>DEBESIO KAIP KOMFORTAS: Pliu\u0161inis kailio apmu\u0161alas su bekaule atramine konstrukcija \u0161velniai pakelia kiekvien\u0105 k\u016bno centimetr\u0105, sukurdamas ne\u012ftik\u0117tinai mink\u0161t\u0105 s\u0117d\u0117jimo patirt\u012f.<\/li>\n<li>ERGONOMI\u0160KOS SAVYB\u0116S: Kv\u0117puojanti, i\u0161lenkto pavir\u0161iaus med\u017eiaga apsaugo nuo nuovargio ilgai s\u0117dint ar gulint.<\/li>\n<li>PARUO\u0160TA NAUDOTI: Tiesiog i\u0161d\u0117stykite modulius savo gyvenamojoje erdv\u0117je pagal savo pageidavimus.<\/li>\n<li>PRABANGIOS DETAL\u0116S: Sm\u0117lio spalvos pliu\u0161inis kailio u\u017evalkalas su i\u0161skirtiniu briaunotu tekst\u016bros ra\u0161tu sukuria eleganti\u0161k\u0105, \u0161iuolaiki\u0161k\u0105 estetik\u0105 ir i\u0161laiko auk\u0161\u010diausi\u0105 komfort\u0105.<\/li>\n<\/ul>","protected":false},"featured_media":8224,"comment_status":"open","ping_status":"closed","template":"","meta":[],"product_brand":[],"product_cat":[228],"product_tag":[],"class_list":{"0":"post-8233","1":"product","2":"type-product","3":"status-publish","4":"has-post-thumbnail","6":"product_cat-cushions","8":"first","9":"outofstock","10":"sold-individually","11":"shipping-taxable","12":"purchasable","13":"product-type-simple"},"_links":{"self":[{"href":"https:\/\/www.largepillow.com\/lt\/wp-json\/wp\/v2\/product\/8233","targetHints":{"allow":["GET"]}}],"collection":[{"href":"https:\/\/www.largepillow.com\/lt\/wp-json\/wp\/v2\/product"}],"about":[{"href":"https:\/\/www.largepillow.com\/lt\/wp-json\/wp\/v2\/types\/product"}],"replies":[{"embeddable":true,"href":"https:\/\/www.largepillow.com\/lt\/wp-json\/wp\/v2\/comments?post=8233"}],"wp:featuredmedia":[{"embeddable":true,"href":"https:\/\/www.largepillow.com\/lt\/wp-json\/wp\/v2\/media\/8224"}],"wp:attachment":[{"href":"https:\/\/www.largepillow.com\/lt\/wp-json\/wp\/v2\/media?parent=8233"}],"wp:term":[{"taxonomy":"product_brand","embeddable":true,"href":"https:\/\/www.largepillow.com\/lt\/wp-json\/wp\/v2\/product_brand?post=8233"},{"taxonomy":"product_cat","embeddable":true,"href":"https:\/\/www.largepillow.com\/lt\/wp-json\/wp\/v2\/product_cat?post=8233"},{"taxonomy":"product_tag","embeddable":true,"href":"https:\/\/www.largepillow.com\/lt\/wp-json\/wp\/v2\/product_tag?post=8233"}],"curies":[{"name":"wp","href":"https:\/\/api.w.org\/{rel}","templated":true}]}}