{"id":8262,"date":"2025-06-12T07:43:13","date_gmt":"2025-06-12T07:43:13","guid":{"rendered":"https:\/\/www.largepillow.com\/product\/multi-use-pillow-for-comfortable-sleep-sitting-with-back-support"},"modified":"2025-11-15T16:05:15","modified_gmt":"2025-11-15T16:05:15","slug":"daugiafunkcine-pagalve-patogiam-miegui-sedint-su-nugaros-atrama","status":"publish","type":"product","link":"https:\/\/www.largepillow.com\/lt\/product\/multi-use-pillow-for-comfortable-sleep-sitting-with-back-support\/","title":{"rendered":"Daugiafunkc\u0117 pagalv\u0117 patogiam miegui ir s\u0117d\u0117jimui su nugaros atrama"},"content":{"rendered":"[zc_getpagecontent mb=&#8221;mb_aplus&#8221; apid=&#8221;117&#8243;]\n","protected":false},"excerpt":{"rendered":"<ul>\n<li>Universalus atsigavimas po BBL operacijos: m\u016bs\u0173 BBL pagalvi\u0173 po operacijos rinkinys sukurtas patogumui ir universalumui po BBL operacijos. J\u012f sudaro putplas\u010dio BBL pagalv\u0117 ir nugaros atramos pagalv\u0117. J\u0173 universalumas leid\u017eia jas naudoti kartu kaip pagalv\u0119 veidu \u017eemyn po BBL operacijos arba kaip BBL s\u0117dmen\u0173 pak\u0117limo pagalv\u0117s ir nugaros atramos pagalv\u0117l\u0117s rinkin\u012f, kuris puikiai patenkina j\u016bs\u0173 \u012fvairius poreikius po BBL operacijos.<\/li>\n<li>Patogus miegas gulint ant pilvo: unikalus pagalv\u0117s, nukreiptos veidu \u017eemyn, skyli\u0173 dizainas leid\u017eia miegoti veidu \u017eemyn, skatinant optimal\u0173 komfort\u0105 ir kv\u0117pavim\u0105. \u0160i pad\u0117tis padeda atsigauti po operacijos, \u012fskaitant BBL operacij\u0105 ar kitas aki\u0173 operacijas, o pagalv\u0119 galima reguliuoti, kad b\u016bt\u0173 suteikta papildoma atrama, apkabinant rankas priekyje.<\/li>\n<li>Klub\u0173 pak\u0117limo atrama ir nugaros pamink\u0161tinimas: Putplas\u010dio s\u0117dmen\u0173 pagalv\u0117 padeda klub\u0173 atsigavimui, o PP medviln\u0117s nugaros pagalv\u0117 suteikia atram\u0105 nugarai ir leid\u017eia ilgai s\u0117d\u0117ti be diskomforto. Idealiai tinka \u012fvairiems s\u0117d\u0117jimo pavir\u0161iams, pavyzd\u017eiui, restoran\u0173 k\u0117d\u0117ms, biuro k\u0117d\u0117ms, automobili\u0173 s\u0117dyn\u0117ms ir kt., \u0161ios \u201ebbl\u201c pagalv\u0117s po operacijos miegui patenkins j\u016bs\u0173 komforto poreikius po operacijos.<\/li>\n<li>Patvarus ir patogus dizainas: Pagamintas i\u0161 didelio tankio putplas\u010dio, m\u016bs\u0173 BBL pagalvi\u0173 komplektas gali atlaikyti iki 220 svar\u0173 svor\u012f nesusmigdamas ir nesuplok\u0161t\u0117damas. Purus poliesterio u\u017epildas u\u017etikrina patogi\u0105 atram\u0105, o mink\u0161ti aksominiai u\u017evalkalai yra nuimami ir skalbiami skalbimo ma\u0161inoje, kad b\u016bt\u0173 lengva pri\u017ei\u016br\u0117ti.<\/li>\n<li>Daugiafunkcis naudojimas: \u0160ios pagalv\u0117s gali b\u016bti naudojamos ne tik pooperaciniam laikotarpiui, bet ir kaip masa\u017ein\u0117 pagalv\u0117 arba atrama veiklai veidu \u017eemyn, pavyzd\u017eiui, miegui prie stalo ar pilvui. Nugaros atramos pagalv\u0117 skirta savaranki\u0161kam naudojimui ir gali b\u016bti naudojama kaip skaitymo pagalv\u0117 nugaros atramai pooperaciniu laikotarpiu.<\/li>\n<li>Greitas formos atsigavimas: atkreipkite d\u0117mes\u012f, kad pagalv\u0117 veidu \u017eemyn gali \u0161iek tiek susispausti atsis\u0117dus, tod\u0117l negal\u0117site pasiekti viso jos \u016bgio. M\u016bs\u0173 pagalvi\u0173 komplektai yra vakuumin\u0117je pakuot\u0117je. I\u0161pakavus, jie gr\u012f\u0161 \u012f pradin\u0119 form\u0105 per 48\u201372 valandas.<\/li>\n<\/ul>","protected":false},"featured_media":8255,"comment_status":"open","ping_status":"closed","template":"","meta":[],"product_brand":[],"product_cat":[228],"product_tag":[],"class_list":{"0":"post-8262","1":"product","2":"type-product","3":"status-publish","4":"has-post-thumbnail","6":"product_cat-cushions","8":"first","9":"instock","10":"shipping-taxable","11":"purchasable","12":"product-type-simple"},"_links":{"self":[{"href":"https:\/\/www.largepillow.com\/lt\/wp-json\/wp\/v2\/product\/8262","targetHints":{"allow":["GET"]}}],"collection":[{"href":"https:\/\/www.largepillow.com\/lt\/wp-json\/wp\/v2\/product"}],"about":[{"href":"https:\/\/www.largepillow.com\/lt\/wp-json\/wp\/v2\/types\/product"}],"replies":[{"embeddable":true,"href":"https:\/\/www.largepillow.com\/lt\/wp-json\/wp\/v2\/comments?post=8262"}],"wp:featuredmedia":[{"embeddable":true,"href":"https:\/\/www.largepillow.com\/lt\/wp-json\/wp\/v2\/media\/8255"}],"wp:attachment":[{"href":"https:\/\/www.largepillow.com\/lt\/wp-json\/wp\/v2\/media?parent=8262"}],"wp:term":[{"taxonomy":"product_brand","embeddable":true,"href":"https:\/\/www.largepillow.com\/lt\/wp-json\/wp\/v2\/product_brand?post=8262"},{"taxonomy":"product_cat","embeddable":true,"href":"https:\/\/www.largepillow.com\/lt\/wp-json\/wp\/v2\/product_cat?post=8262"},{"taxonomy":"product_tag","embeddable":true,"href":"https:\/\/www.largepillow.com\/lt\/wp-json\/wp\/v2\/product_tag?post=8262"}],"curies":[{"name":"wp","href":"https:\/\/api.w.org\/{rel}","templated":true}]}}