{"id":866,"date":"2022-09-17T14:44:55","date_gmt":"2022-09-17T14:44:55","guid":{"rendered":"https:\/\/www.largepillow.com\/product\/wedge-pillow-for-acid-reflux_37_38_39_40_41_42_43"},"modified":"2025-04-18T01:36:58","modified_gmt":"2025-04-18T01:36:58","slug":"nugaros-pagalve-miegui","status":"publish","type":"product","link":"https:\/\/www.largepillow.com\/lt\/product\/back-pillow-for-sleeping","title":{"rendered":"Nugaros pagalv\u0117 miegui"},"content":{"rendered":"<p>Nugaros pagalv\u0117 miegui: i\u0161skirtinis komforto aksesuaras<\/p>\n<p>Ar pavargote nuo diskomforto, kai bandote atsipalaiduoti lovoje, sofoje, ku\u0161ete ar sofos lentynoje? Ar da\u017enai sunku \u012fsitaisyti patogiai skaitant, \u017ei\u016brint televizori\u0173 ar dirbant lovoje? Jei taip, nugaros pagalv\u0117 miegui yra puikus aksesuaras jums!<\/p>\n<p>Vienas i\u0161 i\u0161skirtini\u0173 \u0161io gaminio savybi\u0173 yra i\u0161lenkta forma, u\u017etikrinanti puik\u0173 komfort\u0105. \u0160i skaitymo pagalv\u0117 su galv\u016bgaliu gali pad\u0117ti jums i\u0161likti be \u012ftampos, kad ir kur b\u016btum\u0117te. Nesvarbu, ar esate naktin\u0117 pel\u0117da, m\u0117gstanti dirbti iki v\u0117lumos, knyg\u0173 grau\u017eikas, m\u0117gstantis skaityti lovoje, ar tiesiog m\u0117gstantis \u017ei\u016br\u0117ti televizori\u0173 lovoje, \u0161i pagalv\u0117 jums tiks.<\/p>\n<p>Dar viena unikali nugaros pagalv\u0117s miegui savyb\u0117 \u2013 pakeltas atlo\u0161as. D\u0117l dviej\u0173 eili\u0173 pakelto atlo\u0161o \u0161i pagalv\u0117 suteikia puiki\u0105 atram\u0105 kaklui ir nugarai. Tod\u0117l ji puikiai tinka tiems, kurie ken\u010dia nuo nugaros ar kaklo skausm\u0173, arba visiems, kurie tiesiog nori atsipalaiduoti ir paskaityti lovoje.<\/p>\n<p>Daugiafunkcis nugaros pagalv\u0117s miegui dizainas yra dar vienas svarbus jos privalumas. Tur\u0117dama tris skirtingus naudojimo b\u016bdus, \u0161i pagalv\u0117 puikiai tinka bet kokiai situacijai. Nesvarbu, ar norite j\u0105 naudoti kaip vertikali\u0105 nugaros pagalv\u0119, plei\u0161to formos pagalv\u0119, ar kaip koj\u0173 pagalv\u0119 didesnei atramai, tai idealus aksesuaras patogiam poilsiui ir atsipalaidavimui.<\/p>\n<p>Kalbant apie meistri\u0161kum\u0105, miegojimo pagalv\u0117 nugarai pagaminta i\u0161 auk\u0161tos kokyb\u0117s med\u017eiag\u0173. Lino imitacijos audinys pagamintas i\u0161 100% poliesterio, o pagalv\u0117 u\u017epildyta ekologi\u0161ku ir didelio elastingumo poliesterio pluo\u0161to u\u017epildu. Be to, nuimam\u0105 pagalv\u0117l\u0119 lengva skalbti skalbimo ma\u0161inoje, o ma\u017eos \u0161onin\u0117s ki\u0161en\u0117s suteikia prakti\u0161kumo \u0161iam ir taip prabangiam gaminiui.<\/p>\n<p>Vienas patraukliausi\u0173 \u0161ios pagalv\u0117s aspekt\u0173 yra jos naudojimo ir prie\u017ei\u016bros paprastumas. Galv\u016bgalio u\u017evalkalas prie pagalv\u0117s vidin\u0117s pus\u0117s pritvirtintas sagomis ir lengvai nuimamas paprastu u\u017etrauktuku. Tai leid\u017eia lengvai valyti. Tiesiog nuimkite u\u017evalkal\u0105 ir greitai i\u0161skalbkite skalbimo ma\u0161inoje, kad pagalv\u0117 atrodyt\u0173 kaip nauja.<\/p>\n<p>Nugaros pagalv\u0117 miegui yra \u012fvairi\u0173 dyd\u017ei\u0173, kad tikt\u0173 bet kokio dyd\u017eio lovai: 100 cm, 120 cm, 140 cm, 160 cm, 180 cm ir 200 cm. Tai leid\u017eia lengvai rasti tobul\u0105 variant\u0105, atitinkant\u012f j\u016bs\u0173 konkre\u010dius poreikius.<\/p>\n<p>Kaip ra\u0161o vienas patenkintas klientas: \u201c\u0160i pagalv\u0117 kei\u010dia \u017eaidimo taisykles! Ji suteikia tiek daug atramos ir komforto, o d\u0117l daugyb\u0117s naudojimo b\u016bd\u0173 ji puikiai tinka bet kokiai situacijai. Labai rekomenduoju j\u0105 visiems, norintiems pagerinti savo miego ir atsipalaidavimo patirt\u012f.\u201d<\/p>\n<p>Apskritai, nugaros pagalv\u0117 miegui yra puiki investicija visiems, norintiems pagerinti savo komfort\u0105 ir atsipalaidavimo patirt\u012f. D\u0117l auk\u0161tos kokyb\u0117s gamybos, daugiafunkcinio dizaino ir paprasto naudojimo bei prie\u017ei\u016bros \u0161i pagalv\u0117 tikrai taps m\u0117gstamiausiu aksesuaru daugel\u012f met\u0173.<\/p>","protected":false},"excerpt":{"rendered":"<ul>\n<li><strong>Maksimalus komfortas:<\/strong> \u0160i XL dyd\u017eio pakeltas galv\u016bgalio pagalv\u0117l\u0117 d\u0117l savo i\u0161lenktos formos suteikia puik\u0173 komfort\u0105. \u0160i skaitymo galv\u016bgalio pagalv\u0117l\u0117 gali pad\u0117ti jums nejausti \u012ftampos lovoje, sofos-lovos ar ku\u0161et\u0117s metu, tod\u0117l puikiai tinka dirbant naktin\u0117ms pel\u0117doms, knyg\u0173 myl\u0117tojams ir \u017ei\u016brint televizori\u0173 lovoje.<\/li>\n<li><strong>Pakeltas atlo\u0161o dizainas:<\/strong> M\u0117gaukit\u0117s neprilygstamu komfortu su m\u016bs\u0173 unikaliu dviej\u0173 eili\u0173 pakelto atlo\u0161o galv\u016bgalio pagalv\u0117s dizainu. Pakeltas atlo\u0161as suteikia puiki\u0105 atram\u0105 j\u016bs\u0173 kaklui ir nugarai, tod\u0117l tai puiki vieta atsipalaiduoti ir skaityti lovoje.<\/li>\n<li><strong>Daugiafunkcin\u0117 pagalv\u0117:<\/strong> Tur\u0117dama tris skirtingus naudojimo b\u016bdus, m\u016bs\u0173 pagalv\u0117 puikiai tinka bet kokiai situacijai. Nesvarbu, ar norite j\u0105 naudoti kaip vertikali\u0105 nugaros pagalv\u0119, plei\u0161to formos pagalv\u0119 ar kaip koj\u0173 pagalv\u0119 didesnei atramai, tai idealus aksesuaras patogiam poilsiui ir atsipalaidavimui.<\/li>\n<li><strong>Auk\u0161\u010diausios kokyb\u0117s meistri\u0161kumas:<\/strong> Pagaminta i\u0161 lino imitacijos audinio, kurio sud\u0117tis yra 100% poliesteris, m\u016bs\u0173 galv\u016bgalio pagalv\u0117l\u0117 u\u017epildyta ekologi\u0161ku ir didelio atsparumo poliesterio pluo\u0161to u\u017epildu. Nuimam\u0105 pagalv\u0117l\u0119 lengva skalbti skalbimo ma\u0161inoje, o ma\u017eos \u0161onin\u0117s ki\u0161en\u0117s suteikia prakti\u0161kumo \u0161iam ir taip prabangiam gaminiui.<\/li>\n<li><strong>Lengva plauti:<\/strong> Galv\u016bgalio u\u017evalkalas prie pagalv\u0117s vidin\u0117s pus\u0117s pritvirtintas sagomis ir lengvai nuimamas paprastu u\u017etrauktuku. Tod\u0117l j\u012f valyti paprasta. Tiesiog nuimkite u\u017evalkal\u0105 ir greitai i\u0161skalbkite skalbimo ma\u0161inoje, kad pagalv\u0117 atrodyt\u0173 kaip nauja.<\/li>\n<li><strong>Dydis:<\/strong> 100 cm (I 100 x P 26 x A 55 | 3 stulpeli\u0173 mygtukai), 120 cm (I 120 x P 26 x A 55 | 4 stulpeli\u0173 mygtukai), 140 cm (I 140 x P 26 x A 55 | 4 stulpeli\u0173 mygtukai), 160 cm (I 160 x P 26 x A 55 | 5 stulpeli\u0173 mygtukai), 180 cm (I 180 x P 26 x A 55 | 6 stulpeli\u0173 mygtukai), 200 cm (I 200 x P 26 x A 55 | 7 stulpeli\u0173 mygtukai).<\/li>\n<\/ul>","protected":false},"featured_media":852,"comment_status":"open","ping_status":"closed","template":"","meta":[],"product_brand":[],"product_cat":[15],"product_tag":[160,66,164,161,163,143,162,65],"class_list":{"0":"post-866","1":"product","2":"type-product","3":"status-publish","4":"has-post-thumbnail","6":"product_cat-large-wedge-pillow","7":"product_tag-back-pillow-for-sleeping","8":"product_tag-back-support-pillow","9":"product_tag-detachable-bolster-bed-cushion","10":"product_tag-elevated-headboard-pillow","11":"product_tag-leg-pillow","12":"product_tag-multifunctional-pillow","13":"product_tag-upright-back-pillow","14":"product_tag-wedge-pillow","16":"first","17":"instock","18":"featured","19":"shipping-taxable","20":"purchasable","21":"product-type-variable"},"_links":{"self":[{"href":"https:\/\/www.largepillow.com\/lt\/wp-json\/wp\/v2\/product\/866","targetHints":{"allow":["GET"]}}],"collection":[{"href":"https:\/\/www.largepillow.com\/lt\/wp-json\/wp\/v2\/product"}],"about":[{"href":"https:\/\/www.largepillow.com\/lt\/wp-json\/wp\/v2\/types\/product"}],"replies":[{"embeddable":true,"href":"https:\/\/www.largepillow.com\/lt\/wp-json\/wp\/v2\/comments?post=866"}],"wp:featuredmedia":[{"embeddable":true,"href":"https:\/\/www.largepillow.com\/lt\/wp-json\/wp\/v2\/media\/852"}],"wp:attachment":[{"href":"https:\/\/www.largepillow.com\/lt\/wp-json\/wp\/v2\/media?parent=866"}],"wp:term":[{"taxonomy":"product_brand","embeddable":true,"href":"https:\/\/www.largepillow.com\/lt\/wp-json\/wp\/v2\/product_brand?post=866"},{"taxonomy":"product_cat","embeddable":true,"href":"https:\/\/www.largepillow.com\/lt\/wp-json\/wp\/v2\/product_cat?post=866"},{"taxonomy":"product_tag","embeddable":true,"href":"https:\/\/www.largepillow.com\/lt\/wp-json\/wp\/v2\/product_tag?post=866"}],"curies":[{"name":"wp","href":"https:\/\/api.w.org\/{rel}","templated":true}]}}