{"id":914,"date":"2022-09-18T08:07:44","date_gmt":"2022-09-18T08:07:44","guid":{"rendered":"https:\/\/www.largepillow.com\/product\/wedge-pillow-for-acid-reflux_37_38_39_40_41_42_43_44_45_46"},"modified":"2025-06-12T17:32:43","modified_gmt":"2025-06-12T17:32:43","slug":"pagalvele-lovai","status":"publish","type":"product","link":"https:\/\/www.largepillow.com\/lt\/product\/bolster-pillow-for-bed","title":{"rendered":"Lovos pagalv\u0117"},"content":{"rendered":"<p>Lovos pagalv\u0117 \u201eBolster\u201c \u2013 tobulas aksesuaras jaukiam vakarui namuose arba tingiai dienai, praleistai ilsintis lovoje. \u0160i ypa\u010d didel\u0117 pakeltas galv\u016bgalio pagalv\u0117 d\u0117l unikalios i\u0161lenktos formos suteikia maksimal\u0173 komfort\u0105, leid\u017eiant\u012f nejausti \u012ftampos dirbant, skaitant ar \u017ei\u016brint televizori\u0173 lovoje. <\/p>\n<p>Pakeltas galv\u016bgalio pagalv\u0117s atlo\u0161as suteikia puiki\u0105 atram\u0105 kaklui ir nugarai, tod\u0117l tai puiki vieta atsipalaiduoti ir skaityti lovoje. Pagalv\u0117 taip pat puikiai tinka bet kokiai situacijai, nes j\u0105 galima naudoti trimis skirtingais b\u016bdais. Nesvarbu, ar norite j\u0105 naudoti kaip vertikali\u0105 nugaros pagalv\u0119, plei\u0161to formos pagalv\u0119, ar kaip koj\u0173 pagalv\u0119 pakeltai atramai, \u0161i daugiafunkc\u0117 pagalv\u0117 sukurta j\u016bs\u0173 komfortui.<\/p>\n<p>Pagaminta i\u0161 auk\u0161tos kokyb\u0117s aksomo imitacijos audinio ir u\u017epildyta ekologi\u0161ku bei didelio atsparumo poliesterio pluo\u0161tu, pagalv\u0117l\u0117 lovai yra patvari ir ilgaam\u017e\u0117. Nuimam\u0105 pagalv\u0117l\u0119 lengva skalbti skalbimo ma\u0161inoje, o ma\u017eos \u0161onin\u0117s ki\u0161en\u0117s suteikia prakti\u0161kumo \u0161iam ir taip prabangiam gaminiui.<\/p>\n<p>\u0160i pagalv\u0117, kuri\u0105 galima \u012fsigyti \u0161e\u0161i\u0173 skirting\u0173 dyd\u017ei\u0173 \u2013 nuo 100 cm iki 200 cm, puikiai tinka bet kokiai lovai, sofai, ku\u0161etei ar sofai. Galite pasirinkti t\u0105, kuri atitinka j\u016bs\u0173 poreikius, nesvarbu, ar norite j\u0105 naudoti skaitymui, darbui ar tiesiog poilsiui.<\/p>\n<p>Ir nepasikliaukite vien m\u016bs\u0173 \u017eod\u017eiais. Vienas patenkintas klientas pakomentavo: \u201c\u0160i pagalv\u0117 nuostabi! Ji tokia patogi ir tobulo dyd\u017eio. Audinys mink\u0161tas ir jaukus, o daugyb\u0117 sag\u0173 leid\u017eia lengvai pritaikyti pagal savo skon\u012f. Ji tikrai verta investicijos.\u201d<\/p>\n<p>Kitas patenkintas klientas, \u012fsigij\u0119s kavos spalvos olandi\u0161ko aksomo pagalv\u0119, sak\u0117: \u201c\u0160i pagalv\u0117 tokia mink\u0161ta ir patogi. Jos dydis tobulas mano lovai, o spalva gra\u017ei. J\u0105 naudoju kiekvien\u0105 dien\u0105 skaitydamas ir \u017ei\u016br\u0117damas televizori\u0173, ir tai labai pagerino mano komforto lyg\u012f.\u201d<\/p>\n<p>Apibendrinant, \u201eBolster\u201c pagalv\u0117 lovai yra b\u016btinas pirkinys kiekvienam, m\u0117gstan\u010diam laik\u0105 lovoje. Ji si\u016blo auk\u0161\u010diausi\u0105 komfort\u0105, puiki\u0105 atram\u0105 ir yra pagaminta ilgam laikui, naudojant auk\u0161tos kokyb\u0117s meistri\u0161kum\u0105. Pasirinkite dyd\u012f ir spalv\u0105 ir patirkite visi\u0161k\u0105 atsipalaidavim\u0105.<\/p>","protected":false},"excerpt":{"rendered":"<ul>\n<li><strong>Maksimalus komfortas:<\/strong> \u0160i XL dyd\u017eio pakeltas galv\u016bgalio pagalv\u0117l\u0117 d\u0117l savo i\u0161lenktos formos suteikia puik\u0173 komfort\u0105. \u0160i skaitymo galv\u016bgalio pagalv\u0117l\u0117 gali pad\u0117ti jums nejausti \u012ftampos lovoje, sofos-lovos ar ku\u0161et\u0117s metu, tod\u0117l puikiai tinka dirbant naktin\u0117ms pel\u0117doms, knyg\u0173 myl\u0117tojams ir \u017ei\u016brint televizori\u0173 lovoje.<\/li>\n<li><strong>Pakeltas atlo\u0161o dizainas:<\/strong> M\u0117gaukit\u0117s neprilygstamu komfortu su m\u016bs\u0173 unikaliu dviej\u0173 eili\u0173 pakelto atlo\u0161o galv\u016bgalio pagalv\u0117s dizainu. Pakeltas atlo\u0161as suteikia puiki\u0105 atram\u0105 j\u016bs\u0173 kaklui ir nugarai, tod\u0117l tai puiki vieta atsipalaiduoti ir skaityti lovoje.<\/li>\n<li><strong>Daugiafunkcin\u0117 pagalv\u0117:<\/strong> Tur\u0117dama tris skirtingus naudojimo b\u016bdus, m\u016bs\u0173 pagalv\u0117 puikiai tinka bet kokiai situacijai. Nesvarbu, ar norite j\u0105 naudoti kaip vertikali\u0105 nugaros pagalv\u0119, plei\u0161to formos pagalv\u0119 ar kaip koj\u0173 pagalv\u0119 didesnei atramai, tai idealus aksesuaras patogiam poilsiui ir atsipalaidavimui.<\/li>\n<li><strong>Auk\u0161\u010diausios kokyb\u0117s meistri\u0161kumas:<\/strong> Pagaminta i\u0161 aksomo imitacijos audinio, kurio sud\u0117tis yra 100% poliesteris, m\u016bs\u0173 galv\u016bgalio pagalv\u0117l\u0117 u\u017epildyta ekologi\u0161ku ir didelio atsparumo poliesterio pluo\u0161to u\u017epildu. Nuimam\u0105 pagalv\u0117l\u0119 lengva skalbti skalbimo ma\u0161inoje, o ma\u017eos \u0161onin\u0117s ki\u0161en\u0117s suteikia prakti\u0161kumo \u0161iam ir taip prabangiam gaminiui.<\/li>\n<li><strong>Lengva plauti:<\/strong> Galv\u016bgalio u\u017evalkalas prie pagalv\u0117s vidin\u0117s pus\u0117s pritvirtintas sagomis ir lengvai nuimamas paprastu u\u017etrauktuku. Tod\u0117l j\u012f valyti paprasta. Tiesiog nuimkite u\u017evalkal\u0105 ir greitai i\u0161skalbkite skalbimo ma\u0161inoje, kad pagalv\u0117 atrodyt\u0173 kaip nauja.<\/li>\n<li><strong>Dydis:<\/strong> 100 cm (I 100 x P 26 x A 55 | 3 stulpeli\u0173 mygtukai), 120 cm (I 120 x P 26 x A 55 | 4 stulpeli\u0173 mygtukai), 140 cm (I 140 x P 26 x A 55 | 4 stulpeli\u0173 mygtukai), 160 cm (I 160 x P 26 x A 55 | 5 stulpeli\u0173 mygtukai), 180 cm (I 180 x P 26 x A 55 | 6 stulpeli\u0173 mygtukai), 200 cm (I 200 x P 26 x A 55 | 7 stulpeli\u0173 mygtukai).<\/li>\n<\/ul>","protected":false},"featured_media":905,"comment_status":"open","ping_status":"closed","template":"","meta":[],"product_brand":[],"product_cat":[15],"product_tag":[178,164,161,168,179,163,143,162,65],"class_list":{"0":"post-914","1":"product","2":"type-product","3":"status-publish","4":"has-post-thumbnail","6":"product_cat-large-wedge-pillow","7":"product_tag-bolster-pillow-for-bed","8":"product_tag-detachable-bolster-bed-cushion","9":"product_tag-elevated-headboard-pillow","10":"product_tag-headboard-pillow","11":"product_tag-headboard-reading-pillow","12":"product_tag-leg-pillow","13":"product_tag-multifunctional-pillow","14":"product_tag-upright-back-pillow","15":"product_tag-wedge-pillow","17":"first","18":"instock","19":"shipping-taxable","20":"purchasable","21":"product-type-variable"},"_links":{"self":[{"href":"https:\/\/www.largepillow.com\/lt\/wp-json\/wp\/v2\/product\/914","targetHints":{"allow":["GET"]}}],"collection":[{"href":"https:\/\/www.largepillow.com\/lt\/wp-json\/wp\/v2\/product"}],"about":[{"href":"https:\/\/www.largepillow.com\/lt\/wp-json\/wp\/v2\/types\/product"}],"replies":[{"embeddable":true,"href":"https:\/\/www.largepillow.com\/lt\/wp-json\/wp\/v2\/comments?post=914"}],"wp:featuredmedia":[{"embeddable":true,"href":"https:\/\/www.largepillow.com\/lt\/wp-json\/wp\/v2\/media\/905"}],"wp:attachment":[{"href":"https:\/\/www.largepillow.com\/lt\/wp-json\/wp\/v2\/media?parent=914"}],"wp:term":[{"taxonomy":"product_brand","embeddable":true,"href":"https:\/\/www.largepillow.com\/lt\/wp-json\/wp\/v2\/product_brand?post=914"},{"taxonomy":"product_cat","embeddable":true,"href":"https:\/\/www.largepillow.com\/lt\/wp-json\/wp\/v2\/product_cat?post=914"},{"taxonomy":"product_tag","embeddable":true,"href":"https:\/\/www.largepillow.com\/lt\/wp-json\/wp\/v2\/product_tag?post=914"}],"curies":[{"name":"wp","href":"https:\/\/api.w.org\/{rel}","templated":true}]}}