{"id":10595,"date":"2025-07-29T06:53:48","date_gmt":"2025-07-29T06:53:48","guid":{"rendered":"https:\/\/www.largepillow.com\/product\/bean-bag-lounger-sofa-giant-floor-couch-for-adults"},"modified":"2025-07-29T12:28:41","modified_gmt":"2025-07-29T12:28:41","slug":"pufs-divans-divans-milzigs-gridas-divans-pieaugusajiem","status":"publish","type":"product","link":"https:\/\/www.largepillow.com\/lv\/product\/bean-bag-lounger-sofa-giant-floor-couch-for-adults","title":{"rendered":"Pufa maisa formas d\u012bv\u0101ns \u2013 milz\u012bgs gr\u012bdas d\u012bv\u0101ns pieaugu\u0161ajiem"},"content":{"rendered":"[zc_getpagecontent mb=&#8221;mb_aplus&#8221; apid=&#8221;139&#8243;]\n","protected":false},"excerpt":{"rendered":"<ul>\n<li>Pla\u0161s dizains diviem (vai vair\u0101k!): \u0160is lielais pufu d\u012bv\u0101ns, kura izm\u0113ri ir 167 cm * 137 cm * 43 cm (66 collas x 54 collas x 17 collas), \u0113rti ietilps 2\u20133 pieaugu\u0161ajiem \u2013 ide\u0101li piem\u0113rots p\u0101riem, \u0123imen\u0113m vai draugiem. Neatkar\u012bgi no t\u0101, vai tas ir paredz\u0113ts viesistabai, gu\u013camistabai, sp\u0113\u013cu istabai vai birojam, \u0161is gu\u013camistabas atp\u016btas kr\u0113sls nodro\u0161in\u0101s m\u0101j\u012bgu un ikdieni\u0161\u0137u s\u0113dvietu jebkur, kur tas nepiecie\u0161ams.<\/li>\n<li>\u012apa\u0161i \u0113rts un atbalsto\u0161s pild\u012bjums: Atvadieties no trok\u0161\u0146ainiem, nokareniem pufu kr\u0113sliem! \u0160is pufu d\u012bv\u0101ns pieaugu\u0161ajiem ir pild\u012bts ar augst\u0101k\u0101s kvalit\u0101tes p\u016bkainu poliestera \u0161\u0137iedru, kas nodro\u0161ina lab\u0101ku atbalstu un izcilu formas saglab\u0101\u0161anu sal\u012bdzin\u0101jum\u0101 ar tradicion\u0101lajiem pufu pild\u012bjumiem. Izbaudiet p\u016bkainu komfortu bez kaitino\u0161as \u010d\u012bkst\u0113\u0161anas.<\/li>\n<li>Stil\u012bgs uzlabojums klasiskajam milzu pufam: Ar moderno dizainu un pla\u0161aj\u0101m s\u0113dviet\u0101m \u0161is nav parasts pufs. Unik\u0101li veidot\u0101 forma \u0113rti aptver 2\u20133 cilv\u0113kus, radot priv\u0101tu atp\u016btas pieredzi, kas aicina atp\u016bsties, relaks\u0113ties un justies piln\u012bb\u0101 atbalst\u012btam.<\/li>\n<li>Grezni m\u012bksts pl\u012b\u0161a audums: \u0160is divviet\u012bgais pufu d\u012bv\u0101ns ir iet\u012bts plati sv\u012btrain\u0101, \u012bs\u0101 pl\u012b\u0161a audum\u0101, kas ir tikpat m\u012bksts, cik stil\u012bgs. Tekstur\u0113tais audums pied\u0101v\u0101 izcilu maigumu un eleganci. (Piez\u012bme: Var rasties minim\u0101la auduma nobir\u0161ana, ta\u010du t\u0101 neietekm\u0113 funkcionalit\u0101ti vai komfortu.)<\/li>\n<li>Vienk\u0101r\u0161a uzst\u0101d\u012b\u0161ana un kop\u0161ana: Pieg\u0101d\u0101ts 1 iepakojum\u0101 \u0113rtai transport\u0113\u0161anai. Lielais apak\u0161\u0113jais r\u0101v\u0113jsl\u0113dz\u0113js \u013cauj to viegli no\u0146emt, un p\u0101rvalku var mazg\u0101t ve\u013cas ma\u0161\u012bn\u0101, lai nodro\u0161in\u0101tu \u0113rtu kop\u0161anu.<\/li>\n<\/ul>","protected":false},"featured_media":10582,"comment_status":"open","ping_status":"closed","template":"","meta":[],"product_brand":[],"product_cat":[228],"product_tag":[],"class_list":{"0":"post-10595","1":"product","2":"type-product","3":"status-publish","4":"has-post-thumbnail","6":"product_cat-cushions","8":"first","9":"instock","10":"sold-individually","11":"shipping-taxable","12":"purchasable","13":"product-type-simple"},"_links":{"self":[{"href":"https:\/\/www.largepillow.com\/lv\/wp-json\/wp\/v2\/product\/10595","targetHints":{"allow":["GET"]}}],"collection":[{"href":"https:\/\/www.largepillow.com\/lv\/wp-json\/wp\/v2\/product"}],"about":[{"href":"https:\/\/www.largepillow.com\/lv\/wp-json\/wp\/v2\/types\/product"}],"replies":[{"embeddable":true,"href":"https:\/\/www.largepillow.com\/lv\/wp-json\/wp\/v2\/comments?post=10595"}],"wp:featuredmedia":[{"embeddable":true,"href":"https:\/\/www.largepillow.com\/lv\/wp-json\/wp\/v2\/media\/10582"}],"wp:attachment":[{"href":"https:\/\/www.largepillow.com\/lv\/wp-json\/wp\/v2\/media?parent=10595"}],"wp:term":[{"taxonomy":"product_brand","embeddable":true,"href":"https:\/\/www.largepillow.com\/lv\/wp-json\/wp\/v2\/product_brand?post=10595"},{"taxonomy":"product_cat","embeddable":true,"href":"https:\/\/www.largepillow.com\/lv\/wp-json\/wp\/v2\/product_cat?post=10595"},{"taxonomy":"product_tag","embeddable":true,"href":"https:\/\/www.largepillow.com\/lv\/wp-json\/wp\/v2\/product_tag?post=10595"}],"curies":[{"name":"wp","href":"https:\/\/api.w.org\/{rel}","templated":true}]}}