{"id":1187,"date":"2022-09-19T03:28:05","date_gmt":"2022-09-19T03:28:05","guid":{"rendered":"https:\/\/www.largepillow.com\/product\/wedge-lumbar-pillow"},"modified":"2025-09-19T02:33:07","modified_gmt":"2025-09-19T02:33:07","slug":"liels-gultas-spilvens-2","status":"publish","type":"product","link":"https:\/\/www.largepillow.com\/lv\/product\/large-bed-bolster-cushion","title":{"rendered":"Liels gultas spilvens"},"content":{"rendered":"<p>Lielais gultas spilvens: j\u016bsu lab\u0101kais komforta sabiedrotais<\/p>\n<p>Ja jums ir gr\u016bt\u012bbas ilgsto\u0161i nos\u0113d\u0113t gult\u0101, neatkar\u012bgi no t\u0101, vai tas ir las\u012b\u0161anas, televizora skat\u012b\u0161an\u0101s vai t\u0101lru\u0146a p\u0101rl\u016bko\u0161anas nol\u016bkos, tad lielais gultas spilvens ir oblig\u0101ts pirkums. \u0160is \u0113rtais las\u012b\u0161anas spilvens pie gultas ir paredz\u0113ts, lai nodro\u0161in\u0101tu m\u012bkstu muguras atbalstu, darbojoties k\u0101 jostasvietas spilvens, lai j\u016bs justos \u0113rti un atp\u016bstos.<\/p>\n<p>Ta\u010du lielais gultas atbalsta spilvens ir vair\u0101k nek\u0101 tikai las\u012b\u0161anas spilvens. Tas ir liels \u0137erme\u0146a spilvens, kas var aizst\u0101t visus j\u016bsu parastos gultas vai jostasvietas spilvenus. Tas rada vair\u0101kas poz\u012bcijas, lai atbalst\u012btu j\u016bsu muguru, plecus, mugurkaulu, v\u0113deru un k\u0101jas, \u013caujot j\u016bsu musku\u013ciem palikt atsl\u0101bin\u0101tiem. Neatkar\u012bgi no t\u0101, vai jums ir nepiecie\u0161ams liels muguras atbalsta spilvens vai polster\u0113ts gultas atbalsta spilvens, lielo gultas atbalsta spilvenu var piel\u0101got j\u016bsu vajadz\u012bb\u0101m.<\/p>\n<p>Lielais gultas spilvens ir izgatavots no augstas kvalit\u0101tes materi\u0101liem, kas nodro\u0161ina t\u0101 formas un atbalsta saglab\u0101\u0161anu. Spilvenam ir tr\u012bsdimensiju sv\u012btras, auduma pogu pu\u0161\u0137i un piln\u012bb\u0101 apv\u012bl\u0113tas malas. Elast\u012bgais un elast\u012bgais mikropoliestera \u0161\u0137iedru pild\u012bjums nodro\u0161ina, ka spilvens saglab\u0101 savu s\u0101kotn\u0113jo formu un atbalstu. Divvirzienu r\u0101v\u0113jsl\u0113dz\u0113js ir iztur\u012bgs un ilgm\u016b\u017e\u012bgs, nodro\u0161inot ilgsto\u0161u lieto\u0161anu.<\/p>\n<p>Lielais gultas spilvens ir ne tikai funkcion\u0101ls un \u0113rts spilvens, bet ar\u012b skaists dekorat\u012bvs elements. T\u0101 elegantais dizains pie\u0161\u0137ir j\u016bsu gu\u013camistabai aicino\u0161u izskatu, padarot to par lielisku alternat\u012bvu gultas galvgalim. Neatkar\u012bgi no t\u0101, vai atrodaties gu\u013camistab\u0101, viesn\u012bc\u0101, slimn\u012bc\u0101, pie palodzes, d\u012bv\u0101n\u0101, dienas gult\u0101, divst\u0101vu gult\u0101, kopm\u012bt\u0146u tipa gult\u0101 vai platformas gult\u0101, lielais gultas spilvens ir piel\u0101gojams j\u016bsu vajadz\u012bb\u0101m.<\/p>\n<p>Liel\u0101 gultas spilvena samta materi\u0101ls ir 100% poliesters, kas padara to m\u012bkstu un \u0113rtu piesk\u0101rienam. Tas ir pieejams da\u017e\u0101dos izm\u0113ros: 100x50x8cm (3 pogas), 120x50x8cm (4 pogas), 140x50x8cm (4 pogas), 160x50x8cm (5 pogas), 180x50x8cm (6 pogas) un 200x50x8cm (7 pogas).<\/p>\n<p>M\u016bsu klienti ir saj\u016bsm\u0101 par lielo gultas spilvenu! \u0160eit ir tikai da\u017ei no vi\u0146u atsauksm\u0113m:<\/p>\n<p>\u201cEs ieg\u0101d\u0101jos \u0161o spilvenu, lai mazin\u0101tu muguras s\u0101pes, un tas ir main\u012bjis visu! Tas nodro\u0161ina lielisku atbalstu, un taj\u0101 ir ar\u012b \u013coti \u0113rti gul\u0113t.\u201d<\/p>\n<p>\u201cMani patie\u0161\u0101m iespaidoja \u0161\u012b spilvena kvalit\u0101te. Samta materi\u0101ls ir m\u012bksts un grezns, un spilvens sniedz \u013coti labu atbalstu. Es to \u013coti iesaku!\u201d<\/p>\n<p>\u201cMan \u013coti pat\u012bk, cik daudzpus\u012bgs ir \u0161is spilvens! Es to varu izmantot las\u012b\u0161anai, televizora skat\u012b\u0161anai vai gul\u0113\u0161anai, un tas nodro\u0161ina lielisku atbalstu vis\u0101s poz\u0101s.\u201d<\/p>\n<p>Ja v\u0113laties izbaud\u012bt maksim\u0101lu komfortu un atbalstu, s\u0113\u017eot gult\u0101, tad lielais gultas spilvens ir ide\u0101ls risin\u0101jums. Negaidiet vairs \u2014 pas\u016btiet savu jau \u0161odien!<\/p>","protected":false},"excerpt":{"rendered":"<ul>\n<li><strong>IDE\u0100LS LAS\u012a\u0160ANAS SPILVENS:<\/strong> Ar taisnst\u016bra formas spilvenu \u0161is \u0113rtais las\u012b\u0161anas spilvens pie gultas lieliski kalpo, lai nodro\u0161in\u0101tu m\u012bkstu muguras atbalstu k\u0101 jostasvietas spilvens, kad aps\u0113\u017eaties gult\u0101, lasot, skatoties televizoru, p\u0101rl\u016bkojot t\u0101lruni, p\u0101rl\u016bkojot plan\u0161etdatoru, sp\u0113l\u0113jot videosp\u0113les, nodarbojoties ar jogu, barojot b\u0113rnu ar kr\u016bti un atp\u016b\u0161oties p\u0113c oper\u0101cijas.<\/li>\n<li><strong>\u0112rts \u0137erme\u0146a spilvens:<\/strong> K\u0101 liela \u0137erme\u0146a spilvens tas aizst\u0101j visus parastos gultas re\u017e\u012bma vai jostasvietas spilvenus, rada vair\u0101kas poz\u012bcijas k\u0101 pozicion\u0113\u0161anas spilvens, lai atbalst\u012btu muguru, plecus, mugurkaulu, v\u0113deru, k\u0101jas un \u013cautu j\u016bsu musku\u013ciem palikt atsl\u0101bin\u0101tiem. Veicina mugurkaula izl\u012bdzin\u0101\u0161anu jebkuram gul\u0113t\u0101jam neatkar\u012bgi no t\u0101, vai jums ir nepiecie\u0161ams polster\u0113ts gultas re\u017e\u012bma spilvens vai liels muguras atbalsta spilvens, ja jums vienk\u0101r\u0161i nepiecie\u0161ams liel\u0101ks vai maz\u0101ks augstums. Varat to izmantot ar\u012b k\u0101 gr\u016btniec\u012bbas spilvenu, kas nodro\u0161ina atbalstu da\u017e\u0101d\u0101m \u0137erme\u0146a da\u013c\u0101m un mazina gr\u016btniec\u012bbas s\u0101pes.<\/li>\n<li><strong>S\u0100KOTN\u0112JI IZSTR\u0100D\u0100TS NO AUGSTAS KVALIT\u0100TES MATERI\u0100LIEM:<\/strong> Taisnst\u016brveida las\u012b\u0161anas spilvens ar tr\u012bsdimensiju sv\u012btr\u0101m, auduma pogu pu\u0161\u0137iem un piln\u012bb\u0101 apv\u012bl\u0113t\u0101m mal\u0101m izce\u013cas starp visiem parastajiem atzveltnes spilveniem. Lai gan dekorat\u012bvais muguras atbalsta spilvens ir m\u012bksts, tas joproj\u0101m saglab\u0101 savu atbalsto\u0161o formu, pateicoties elast\u012bgajam un elast\u012bgajam mikropoliestera \u0161\u0137iedru pild\u012bjumam. Naktsspilvena divvirzienu r\u0101v\u0113jsl\u0113dz\u0113js ir \u013coti iztur\u012bgs un iztur\u012bgs ilgsto\u0161ai lieto\u0161anai.<\/li>\n<li><strong>SKAISTS DEKORAT\u012aVS SPILVENS PIE NAKTS:<\/strong> Ja jums nepiecie\u0161ams \u0101trs un \u0113rts galvgalis, \u0161o polster\u0113to galvga\u013ca las\u012b\u0161anas spilvenu var izmantot k\u0101 alternat\u012bvu aizvietot\u0101ju, vienlaikus kalpojot par skaistu gultas dekoru. T\u0101 elegantais dizains pie\u0161\u0137irs j\u016bsu gu\u013camistabai aicino\u0161u skatu. Ar savu pievilc\u012bgo izskatu \u0161is ori\u0123in\u0101lais naktsgaldi\u0146a atzveltnes spilvens ir regul\u0113jams gu\u013camistabai, viesn\u012bcai, slimn\u012bcai, pie palodzes, d\u012bv\u0101nam, d\u012bv\u0101nam, dienas gultai, divst\u0101vu gultai, kopm\u012bt\u0146u gultai, platformas gultai.<\/li>\n<li><strong>NO\u0145EMAMS UN VIEGLI MAZG\u0100JAMS JOSTAS DA\u013bAS SPILVENA P\u0100RKL\u0100JS:<\/strong> Gultas atp\u016btas spilvena p\u0101rvalku var viegli no\u0146emt, atverot r\u0101v\u0113jsl\u0113dz\u0113ju un atpog\u0101jot pogas no las\u012b\u0161anas spilvena p\u0101rvalka, un izmazg\u0101t to ve\u013cas ma\u0161\u012bn\u0101.<\/li>\n<li><strong>Audums:<\/strong> Samts (100% poliesters).<\/li>\n<li><strong>Izm\u0113rs:<\/strong> 100x50x8cm (3 pogas), 120x50x8cm (4 pogas), 140x50x8cm (4 pogas), 160x50x8cm (5 pogas), 180x50x8cm (6 pogas), 200x50x8cm (7 pogas)<\/li>\n<\/ul>","protected":false},"featured_media":1171,"comment_status":"open","ping_status":"closed","template":"","meta":[],"product_brand":[],"product_cat":[28],"product_tag":[117,124,122,121,131,79,112,118,59,126,125,128,127,129,130,123],"class_list":{"0":"post-1187","1":"product","2":"type-product","3":"status-publish","4":"has-post-thumbnail","6":"product_cat-large-body-pillow","7":"product_tag-back-support-cushion","8":"product_tag-bedside-decorative-pillow","9":"product_tag-body-pillow","10":"product_tag-large-bed-bolster-cushion","11":"product_tag-leg-support-pillow","12":"product_tag-lumbar-pillow","13":"product_tag-lumbar-support-pillow","14":"product_tag-pregnancy-pillow","15":"product_tag-reading-pillow","16":"product_tag-rectangular-shape-cushion","17":"product_tag-removable-pillow-cover","18":"product_tag-shoulder-support-pillow","19":"product_tag-soft-back-support-cushion","20":"product_tag-spine-support-pillow","21":"product_tag-stomach-support-pillow","22":"product_tag-upholstered-bedrest-pillow","24":"first","25":"instock","26":"featured","27":"shipping-taxable","28":"purchasable","29":"product-type-variable"},"_links":{"self":[{"href":"https:\/\/www.largepillow.com\/lv\/wp-json\/wp\/v2\/product\/1187","targetHints":{"allow":["GET"]}}],"collection":[{"href":"https:\/\/www.largepillow.com\/lv\/wp-json\/wp\/v2\/product"}],"about":[{"href":"https:\/\/www.largepillow.com\/lv\/wp-json\/wp\/v2\/types\/product"}],"replies":[{"embeddable":true,"href":"https:\/\/www.largepillow.com\/lv\/wp-json\/wp\/v2\/comments?post=1187"}],"wp:featuredmedia":[{"embeddable":true,"href":"https:\/\/www.largepillow.com\/lv\/wp-json\/wp\/v2\/media\/1171"}],"wp:attachment":[{"href":"https:\/\/www.largepillow.com\/lv\/wp-json\/wp\/v2\/media?parent=1187"}],"wp:term":[{"taxonomy":"product_brand","embeddable":true,"href":"https:\/\/www.largepillow.com\/lv\/wp-json\/wp\/v2\/product_brand?post=1187"},{"taxonomy":"product_cat","embeddable":true,"href":"https:\/\/www.largepillow.com\/lv\/wp-json\/wp\/v2\/product_cat?post=1187"},{"taxonomy":"product_tag","embeddable":true,"href":"https:\/\/www.largepillow.com\/lv\/wp-json\/wp\/v2\/product_tag?post=1187"}],"curies":[{"name":"wp","href":"https:\/\/api.w.org\/{rel}","templated":true}]}}