{"id":1227,"date":"2022-09-19T05:28:28","date_gmt":"2022-09-19T05:28:28","guid":{"rendered":"https:\/\/www.largepillow.com\/product\/back-pillow-for-couch"},"modified":"2024-10-03T16:31:26","modified_gmt":"2024-10-03T16:31:26","slug":"lasisanas-spilvens-gultai-2","status":"publish","type":"product","link":"https:\/\/www.largepillow.com\/lv\/product\/reading-pillow-for-bed","title":{"rendered":"Las\u012b\u0161anas spilvens gultai"},"content":{"rendered":"<p>Augst\u0101k\u0101s kvalit\u0101tes las\u012b\u0161anas spilvens nep\u0101rsp\u0113jamam komfortam un atbalstam<\/p>\n<p>Vai esat gatavs pacelt savu las\u012b\u0161anas pieredzi jaun\u0101 l\u012bmen\u012b? Mekl\u0113jiet m\u016bsu las\u012b\u0161anas spilvenu gultai, kas ir r\u016bp\u012bgi izstr\u0101d\u0101ts, lai nodro\u0161in\u0101tu optim\u0101lu komfortu, atbalstu un \u0113rt\u012bbas, kam\u0113r j\u016bs \u013caujaties sav\u0101m iecien\u012bt\u0101kaj\u0101m gr\u0101mat\u0101m vai multividei.<\/p>\n<p>Izcila konstrukcija nelok\u0101mam atbalstam<\/p>\n<p>\u0160is \u0137\u012b\u013cveida spilvens ir r\u016bp\u012bgi pild\u012bts ar augst\u0101k\u0101s kvalit\u0101tes poliestera \u0161\u0137iedru pild\u012bjumu, nodro\u0161inot stabilu muguras atbalstu, kas piel\u0101gojas j\u016bsu \u0137erme\u0146a l\u012bkn\u0113m. Greznais samta audums, kas paz\u012bstams ar savu maigumu, iztur\u012bbu un iztur\u012bbu pret deform\u0101ciju vai p\u016bko\u0161anos, sniedz samtainu piesk\u0101rienu, kas uzlabos j\u016bsu relaks\u0101cijas laiku.<\/p>\n<p>Regul\u0113jams dizains individu\u0101lam komfortam<\/p>\n<p>M\u016bsu regul\u0113jamajam \u0137\u012b\u013cveida spilvenam ir neliels rull\u012b\u0161u spilvens, ko var novietot p\u0113c nepiecie\u0161am\u012bbas, lai nodro\u0161in\u0101tu tie\u0161i t\u0101du atbalstu, k\u0101du v\u0113laties. Tas pal\u012bdz saglab\u0101t st\u0101ju, nov\u0113r\u0161ot sakumpu\u0161u st\u0101ju un diskomfortu, lasot vai skatoties televizoru. No\u0146emamais un mazg\u0101jamais p\u0101rvalks atvieglo spilvena uztur\u0113\u0161anu svaigu un higi\u0113nisku.<\/p>\n<p>Ergonomisks atbalsts uzlabotai labsaj\u016btai<\/p>\n<p>Las\u012b\u0161anas spilvens ir veidots ergonomiski, pied\u0101v\u0101jot zin\u0101tnisku muguras atbalstu, kas uzlabo s\u0113d\u0113\u0161anas st\u0101ju. Tas var pal\u012bdz\u0113t nov\u0113rst un mazin\u0101t jostas un kakla skrieme\u013cu slim\u012bbas, efekt\u012bvi mazinot muguras s\u0101pes un veicinot visp\u0101r\u0113jo labsaj\u016btu.<\/p>\n<p>Daudzpus\u012bga lietojam\u012bba da\u017e\u0101diem iestat\u012bjumiem<\/p>\n<p>\u0160o daudzpus\u012bgo \u0137\u012b\u013cveida spilvenu var izmantot \u013coti da\u017e\u0101d\u0101s vid\u0113s, s\u0101kot no m\u0101j\u012bg\u0101m gult\u0101m l\u012bdz \u0113rtiem d\u012bv\u0101niem, dienas gult\u0101m, kr\u0113sliem un ku\u0161et\u0113m. T\u0101 daudzpus\u012bba padara to par ide\u0101lu izv\u0113li jebkurai telpai j\u016bsu m\u0101j\u0101s, kur v\u0113laties atp\u016bsties un baud\u012bt relaks\u0101cijas laiku.<\/p>\n<p>Vienk\u0101r\u0161a apkope bez piep\u016bles<\/p>\n<p>M\u016bsu las\u012b\u0161anas spilvenam ir \u0113rta r\u0101v\u0113jsl\u0113dz\u0113ja aizdare, kas \u013cauj bez piep\u016bles no\u0146emt p\u0101rvalku mazg\u0101\u0161anai ve\u013cas ma\u0161\u012bn\u0101. Tas nodro\u0161ina, ka j\u016bsu spilvens vienm\u0113r paliek t\u012brs un svaigs, garant\u0113jot ilgm\u016b\u017e\u012bbu un higi\u0113nisku lieto\u0161anu.<\/p>\n<p>Ori\u0123in\u0101li pre\u010du koment\u0101ri inform\u0101cijas bag\u0101tin\u0101\u0161anai<\/p>\n<p>L\u016bk, ko apmierin\u0101ti klienti saka par m\u016bsu las\u012b\u0161anas spilvenu:<\/p>\n<p>\u201c\u0160is tr\u012bsst\u016brveida spilvens ir tik \u0113rts un sniedz atbalstu. Tas man pal\u012bdz saglab\u0101t labu st\u0101ju, lasot gult\u0101.\u201d<br \/>\n\u201cMan \u013coti pat\u012bk samta audums! Tas ir neticami m\u012bksts un pat\u012bkami piegu\u013c manai \u0101dai.\u201d<br \/>\n\u201cRegul\u0113jamais spilvena pamatne ir \u012bsts gl\u0101bi\u0146\u0161. Es to varu novietot tie\u0161i tur, kur man tas nepiecie\u0161ams, lai sa\u0146emtu papildu atbalstu.\u201d<\/p>\n<p>Izbaudiet komfortu un atbalstu k\u0101 v\u0113l nekad<\/p>\n<p>Neapmierinieties ar parastiem spilveniem, kas apdraud j\u016bsu komfortu un st\u0101ju. Ieguldiet m\u016bsu las\u012b\u0161anas spilven\u0101 gultai un paceliet savu las\u012b\u0161anas pieredzi jaun\u0101 l\u012bmen\u012b. T\u0101 augst\u0101k\u0101s kvalit\u0101tes konstrukcija, regul\u0113jamais dizains un ergonomiskais atbalsts p\u0101rv\u0113rt\u012bs j\u016bsu relaks\u0101cijas laiku nep\u0101rsp\u0113jama komforta un labsaj\u016btas br\u012b\u017eos.<\/p>","protected":false},"excerpt":{"rendered":"<ul>\n<li><strong>Kvalific\u0113ts \u0137\u012b\u013cveida spilvens:<\/strong> \u0160is \u0137\u012b\u013cveida spilvens ir pild\u012bts ar augst\u0101k\u0101s kvalit\u0101tes poliestera \u0161\u0137iedru pild\u012bjumu, lai nodro\u0161in\u0101tu stabilu muguras atbalstu un justos \u0113rti, lasot, atp\u016b\u0161oties, skatoties televizoru uz gultas vai d\u012bv\u0101na. Augstas kvalit\u0101tes samta audums ir \u013coti m\u012bksts, iztur\u012bgs un nedeform\u0113jas vai nep\u016bkojas.<\/li>\n<li><strong>Regul\u0113jams \u0137\u012b\u013cveida spilvens:<\/strong> Dekorat\u012bvajam spilvenam ir pievienots neliels sarull\u0113jams spilvens. To var regul\u0113t atbilsto\u0161i vajadz\u012bb\u0101m. Tas pal\u012bdz saglab\u0101t muguru taisni, lai j\u016bs nesag\u016bltos. Las\u012b\u0161anas spilvena p\u0101rvalks ir no\u0146emams un mazg\u0101jams. S\u0101nos ir 2 mazas kabatas s\u012bku priek\u0161metu, piem\u0113ram, pildspalvas, mobil\u0101 t\u0101lru\u0146a, televizora t\u0101lvad\u012bbas pults u.\u00a0c., glab\u0101\u0161anai.<\/li>\n<li><strong>Lielisks muguras atbalsts:<\/strong> Lielais atbalsta spilvens atbilst ergonomiskajam dizainam, kas var nodro\u0161in\u0101t zin\u0101tnisku muguras atbalstu un uzlabot s\u0113d\u0113\u0161anas st\u0101ju. \u0160ie d\u012bv\u0101na spilveni nodro\u0161ina \u0113rtu atbalstu viduklim, mugurai un kaklam. Tie var ar\u012b nov\u0113rst un mazin\u0101t jostas un kakla slim\u012bbas un mazin\u0101t muguras s\u0101pes.<\/li>\n<li><strong>Pla\u0161s lietojumu kl\u0101sts:<\/strong> \u0136\u012b\u013cveida spilvens ir piem\u0113rots da\u017e\u0101diem m\u0113r\u0137iem, un to var izmantot gan gult\u0101, gan uz d\u012bv\u0101na, gan uz d\u012bv\u0101na, gan uz kr\u0113sla. Lieliska d\u0101vana sev, draugiem vai \u0123imenei.<\/li>\n<li><strong>Viegli t\u012br\u0101ms:<\/strong> \u0160im atbalsta spilvenam ir r\u0101v\u0113jsl\u0113dz\u0113ja aizv\u0113r\u0161anas dizains, lai p\u0101rvalku var\u0113tu viegli no\u0146emt un mazg\u0101t ve\u013cas ma\u0161\u012bn\u0101.<\/li>\n<li><strong>Audums:<\/strong> Samts (100% poliesters).<\/li>\n<li><strong>Izm\u0113rs:<\/strong>\u00a060x50x22 cm.<\/li>\n<\/ul>","protected":false},"featured_media":1217,"comment_status":"open","ping_status":"closed","template":"","meta":[],"product_brand":[],"product_cat":[29],"product_tag":[92,66,60,70,113,78,76,59],"class_list":{"0":"post-1227","1":"product","2":"type-product","3":"status-publish","4":"has-post-thumbnail","6":"product_cat-large-reading-pillow","7":"product_tag-adjustable-wedge-pillow","8":"product_tag-back-support-pillow","9":"product_tag-backrest-pillow","10":"product_tag-bed-wedge-pillow","11":"product_tag-cushion-for-sofa","12":"product_tag-ergonomic-pillow","13":"product_tag-neck-support-pillow","14":"product_tag-reading-pillow","16":"first","17":"outofstock","18":"shipping-taxable","19":"purchasable","20":"product-type-simple"},"_links":{"self":[{"href":"https:\/\/www.largepillow.com\/lv\/wp-json\/wp\/v2\/product\/1227","targetHints":{"allow":["GET"]}}],"collection":[{"href":"https:\/\/www.largepillow.com\/lv\/wp-json\/wp\/v2\/product"}],"about":[{"href":"https:\/\/www.largepillow.com\/lv\/wp-json\/wp\/v2\/types\/product"}],"replies":[{"embeddable":true,"href":"https:\/\/www.largepillow.com\/lv\/wp-json\/wp\/v2\/comments?post=1227"}],"wp:featuredmedia":[{"embeddable":true,"href":"https:\/\/www.largepillow.com\/lv\/wp-json\/wp\/v2\/media\/1217"}],"wp:attachment":[{"href":"https:\/\/www.largepillow.com\/lv\/wp-json\/wp\/v2\/media?parent=1227"}],"wp:term":[{"taxonomy":"product_brand","embeddable":true,"href":"https:\/\/www.largepillow.com\/lv\/wp-json\/wp\/v2\/product_brand?post=1227"},{"taxonomy":"product_cat","embeddable":true,"href":"https:\/\/www.largepillow.com\/lv\/wp-json\/wp\/v2\/product_cat?post=1227"},{"taxonomy":"product_tag","embeddable":true,"href":"https:\/\/www.largepillow.com\/lv\/wp-json\/wp\/v2\/product_tag?post=1227"}],"curies":[{"name":"wp","href":"https:\/\/api.w.org\/{rel}","templated":true}]}}