{"id":1238,"date":"2022-09-19T05:36:36","date_gmt":"2022-09-19T05:36:36","guid":{"rendered":"https:\/\/www.largepillow.com\/product\/back-cushion-for-sofa"},"modified":"2026-02-06T13:51:15","modified_gmt":"2026-02-06T13:51:15","slug":"gultas-spilvens-5","status":"publish","type":"product","link":"https:\/\/www.largepillow.com\/lv\/product\/bedrest-pillow","title":{"rendered":"Gultasvietas spilvens"},"content":{"rendered":"<p>Izbaudiet komfortu un atbalstu ar m\u016bsu gultas spilvenu<\/p>\n<p>Mekl\u0113jat perfektu spilvenu, lai uzlabotu relaks\u0101ciju un labsaj\u016btu? M\u016bsu augst\u0101k\u0101s kvalit\u0101tes gultas spilvens ir r\u016bp\u012bgi izstr\u0101d\u0101ts, lai sniegtu nep\u0101rsp\u0113jamu atbalstu un komfortu.<\/p>\n<p>Nep\u0101rsp\u0113jama kvalit\u0101te un komforts<\/p>\n<p>M\u016bsu gultas spilvens ir izgatavots ar izcilu precizit\u0101ti, pild\u012bts ar augst\u0101k\u0101s kvalit\u0101tes poliestera \u0161\u0137iedru pild\u012bjumu, kas nevainojami piel\u0101gojas j\u016bsu \u0137erme\u0146a formai, nodro\u0161inot nelok\u0101mu muguras atbalstu un m\u012bkstu saj\u016btu. Apt\u012bts ar grezni m\u012bkstu samta audumu, tas ir iztur\u012bgs pret deform\u0101ciju un p\u016bko\u0161anos, solot ilgsto\u0161u komfortu.<\/p>\n<p>Daudzpus\u012bga regul\u0113\u0161ana un \u0113rt\u012bbas<\/p>\n<p>Pateicoties regul\u0113jamajam dizainam, m\u016bsu spilvens ir apr\u012bkots ar nelielu, sarull\u0113jamu spilvenu, ko var strat\u0113\u0123iski novietot m\u0113r\u0137tiec\u012bgam atbalstam. Saglab\u0101jiet mugurkaula taisnu novietojumu un nov\u0113rsiet sakumpu\u0161u st\u0101ju, lai saglab\u0101tu vesel\u012bgu st\u0101ju. Turkl\u0101t no\u0146emamais un mazg\u0101jamais spilvena p\u0101rvalks nodro\u0161ina papildu higi\u0113nas sl\u0101ni un atvieglo kop\u0161anu. Papildu \u0113rt\u012bbai divas praktiskas s\u0101nu kabatas nodro\u0161ina nelielu lietu glab\u0101\u0161anu, turot j\u016bsu iecien\u012bt\u0101k\u0101s lietas viegli sasniedzamas.<\/p>\n<p>Zin\u0101tnisks muguras atbalsts<\/p>\n<p>Ergonomiski izstr\u0101d\u0101tais gultas spilvens nodro\u0161ina nep\u0101rsp\u0113jamu muguras atbalstu, mazina jostas un kakla s\u0101pes, veicina pareizu st\u0101ju un nov\u0113r\u0161 diskomfortu ilgsto\u0161as s\u0113d\u0113\u0161anas vai gul\u0113\u0161anas laik\u0101.<\/p>\n<p>Daudzfunkcion\u0101ls komforts<\/p>\n<p>M\u016bsu daudzpus\u012bgais un piel\u0101gojamais gultas spilvens sniedzas \u0101rpus gu\u013camistabas robe\u017e\u0101m. Tas ir ide\u0101ls papildin\u0101jums d\u012bv\u0101niem, dienas gult\u0101m, atp\u016btas kr\u0113sliem un d\u012bv\u0101niem, \u013caujot baud\u012bt maksim\u0101lu komfortu un mugurkaula atbalstu jebkur\u0101 vid\u0113. Neatkar\u012bgi no t\u0101, vai las\u0101t aizraujo\u0161u rom\u0101nu, skat\u0101ties iecien\u012bt\u0101k\u0101s p\u0101rraides vai vienk\u0101r\u0161i atp\u016b\u0161aties p\u0113c garas dienas, m\u016bsu spilvens garant\u0113 atjaunojo\u0161u pieredzi.<\/p>\n<p>Klientu atsauksmes<\/p>\n<p>\u201c\u0160is tr\u012bsst\u016brveida spilvens ir \u013coti \u0113rts. Holandie\u0161u samta audums ir tik m\u012bksts pret manu \u0101du, un cilindriskais spilvens ir ide\u0101li piem\u0113rots kakla atbalstam.\u201d \u2013 Apmierin\u0101ts klients<\/p>\n<p>\u201cMan \u013coti pat\u012bk ietilp\u012bg\u0101s kabatas s\u0101nos. Taj\u0101s mans t\u0101lrunis, piez\u012bmju bloci\u0146\u0161 un citas svar\u012bgas lietas ir sak\u0101rtotas un vienm\u0113r pa rokai.\u201d \u2013 Apmierin\u0101ts lietot\u0101js<\/p>\n<p>Specifik\u0101cijas<\/p>\n<p>* Audums: 100% poliestera samts<br \/>\n* Izm\u0113rs: 60x50x22cm<\/p>\n<p>Ieguldiet ide\u0101l\u0101 relaks\u0101cijas un atbalsta risin\u0101jum\u0101 jau \u0161odien ar m\u016bsu izcilo gultas spilvenu. T\u0101 nep\u0101rsp\u0113jamais komforts, daudzpus\u012bba un iztur\u012bba revolucioniz\u0113s j\u016bsu m\u0101jas un uzlabos j\u016bsu labsaj\u016btu.<\/p>","protected":false},"excerpt":{"rendered":"<ul>\n<li><strong>Kvalific\u0113ts \u0137\u012b\u013cveida spilvens:<\/strong> \u0160is \u0137\u012b\u013cveida spilvens ir pild\u012bts ar augst\u0101k\u0101s kvalit\u0101tes poliestera \u0161\u0137iedru pild\u012bjumu, lai nodro\u0161in\u0101tu stabilu muguras atbalstu un justos \u0113rti, lasot, atp\u016b\u0161oties, skatoties televizoru uz gultas vai d\u012bv\u0101na. Augstas kvalit\u0101tes samta audums ir \u013coti m\u012bksts, iztur\u012bgs un nedeform\u0113jas vai nep\u016bkojas.<\/li>\n<li><strong>Regul\u0113jams \u0137\u012b\u013cveida spilvens:<\/strong> Dekorat\u012bvajam spilvenam ir pievienots neliels sarull\u0113jams spilvens. To var regul\u0113t atbilsto\u0161i vajadz\u012bb\u0101m. Tas pal\u012bdz saglab\u0101t muguru taisni, lai j\u016bs nesag\u016bltos. Las\u012b\u0161anas spilvena p\u0101rvalks ir no\u0146emams un mazg\u0101jams. S\u0101nos ir 2 mazas kabatas s\u012bku priek\u0161metu, piem\u0113ram, pildspalvas, mobil\u0101 t\u0101lru\u0146a, televizora t\u0101lvad\u012bbas pults u.\u00a0c., glab\u0101\u0161anai.<\/li>\n<li><strong>Lielisks muguras atbalsts:<\/strong> Lielais atbalsta spilvens atbilst ergonomiskajam dizainam, kas var nodro\u0161in\u0101t zin\u0101tnisku muguras atbalstu un uzlabot s\u0113d\u0113\u0161anas st\u0101ju. \u0160ie d\u012bv\u0101na spilveni nodro\u0161ina \u0113rtu atbalstu viduklim, mugurai un kaklam. Tie var ar\u012b nov\u0113rst un mazin\u0101t jostas un kakla slim\u012bbas un mazin\u0101t muguras s\u0101pes.<\/li>\n<li><strong>Pla\u0161s lietojumu kl\u0101sts:<\/strong> \u0136\u012b\u013cveida spilvens ir piem\u0113rots da\u017e\u0101diem m\u0113r\u0137iem, un to var izmantot gan gult\u0101, gan uz d\u012bv\u0101na, gan uz d\u012bv\u0101na, gan uz kr\u0113sla. Lieliska d\u0101vana sev, draugiem vai \u0123imenei.<\/li>\n<li><strong>Viegli t\u012br\u0101ms:<\/strong> \u0160im atbalsta spilvenam ir r\u0101v\u0113jsl\u0113dz\u0113ja aizv\u0113r\u0161anas dizains, lai p\u0101rvalku var\u0113tu viegli no\u0146emt un mazg\u0101t ve\u013cas ma\u0161\u012bn\u0101.<\/li>\n<li><strong>Audums:<\/strong> Samts (100% poliesters).<\/li>\n<li><strong>Izm\u0113rs:<\/strong>\u00a060x50x22 cm.<\/li>\n<\/ul>","protected":false},"featured_media":1228,"comment_status":"open","ping_status":"closed","template":"","meta":[],"product_brand":[],"product_cat":[29],"product_tag":[66,60,111,101,112,59,107,71,65],"class_list":{"0":"post-1238","1":"product","2":"type-product","3":"status-publish","4":"has-post-thumbnail","6":"product_cat-large-reading-pillow","7":"product_tag-back-support-pillow","8":"product_tag-backrest-pillow","9":"product_tag-bedrest-pillow","10":"product_tag-chair-cushion","11":"product_tag-lumbar-support-pillow","12":"product_tag-reading-pillow","13":"product_tag-sofa-cushion","14":"product_tag-tv-pillow","15":"product_tag-wedge-pillow","17":"first","18":"instock","19":"shipping-taxable","20":"purchasable","21":"product-type-simple"},"_links":{"self":[{"href":"https:\/\/www.largepillow.com\/lv\/wp-json\/wp\/v2\/product\/1238","targetHints":{"allow":["GET"]}}],"collection":[{"href":"https:\/\/www.largepillow.com\/lv\/wp-json\/wp\/v2\/product"}],"about":[{"href":"https:\/\/www.largepillow.com\/lv\/wp-json\/wp\/v2\/types\/product"}],"replies":[{"embeddable":true,"href":"https:\/\/www.largepillow.com\/lv\/wp-json\/wp\/v2\/comments?post=1238"}],"wp:featuredmedia":[{"embeddable":true,"href":"https:\/\/www.largepillow.com\/lv\/wp-json\/wp\/v2\/media\/1228"}],"wp:attachment":[{"href":"https:\/\/www.largepillow.com\/lv\/wp-json\/wp\/v2\/media?parent=1238"}],"wp:term":[{"taxonomy":"product_brand","embeddable":true,"href":"https:\/\/www.largepillow.com\/lv\/wp-json\/wp\/v2\/product_brand?post=1238"},{"taxonomy":"product_cat","embeddable":true,"href":"https:\/\/www.largepillow.com\/lv\/wp-json\/wp\/v2\/product_cat?post=1238"},{"taxonomy":"product_tag","embeddable":true,"href":"https:\/\/www.largepillow.com\/lv\/wp-json\/wp\/v2\/product_tag?post=1238"}],"curies":[{"name":"wp","href":"https:\/\/api.w.org\/{rel}","templated":true}]}}