{"id":1262,"date":"2022-09-19T05:37:03","date_gmt":"2022-09-19T05:37:03","guid":{"rendered":"https:\/\/www.largepillow.com\/product\/office-chair-cushion"},"modified":"2025-05-01T17:46:45","modified_gmt":"2025-05-01T17:46:45","slug":"lasisanas-kila-spilvens-2","status":"publish","type":"product","link":"https:\/\/www.largepillow.com\/lv\/product\/reading-wedge-pillow-2","title":{"rendered":"Las\u012b\u0161anas \u0137\u012b\u013cveida spilvens"},"content":{"rendered":"<p>Vislab\u0101kais las\u012b\u0161anas \u0137\u012b\u013cveida spilvens: komforts un atbalsts visiem j\u016bsu m\u0101j\u012bgajiem br\u012b\u017eiem<\/p>\n<p>Izbaudiet nep\u0101rsp\u0113jamu komfortu ar Reading Wedge spilvenu, kas r\u016bp\u012bgi izgatavots no augst\u0101k\u0101s kvalit\u0101tes materi\u0101liem un kam ir regul\u0113jams dizains maksim\u0101lai daudzpus\u012bbai un atbalstam.<\/p>\n<p>Izcils komforts las\u012b\u0161anai un atp\u016btai<\/p>\n<p>\u0160is augstas kvalit\u0101tes \u0137\u012b\u013cveida spilvens ir r\u016bp\u012bgi pild\u012bts ar augst\u0101k\u0101s kvalit\u0101tes poliestera \u0161\u0137iedru pild\u012bjumu, nodro\u0161inot nelok\u0101mu muguras atbalstu un m\u012bkstu saj\u016btu, kas j\u016bs ap\u0146em komfortabli. Neatkar\u012bgi no t\u0101, vai esat saritin\u0101jies ar aizraujo\u0161u gr\u0101matu, atp\u016b\u0161aties pirms gul\u0113tie\u0161anas vai vienk\u0101r\u0161i mekl\u0113jat relaks\u0101ciju uz d\u012bv\u0101na, \u0161is spilvens bez piep\u016bles uzlabos j\u016bsu pieredzi.<\/p>\n<p>Piel\u0101gojams personaliz\u0113tam atbalstam<\/p>\n<p>Gudri izstr\u0101d\u0101tais rullveida spilvens \u013cauj prec\u012bzi piel\u0101got atbalstu tur, kur tas visvair\u0101k nepiecie\u0161ams. Neatkar\u012bgi no t\u0101, vai dodat priek\u0161roku nelielam sl\u012bpumam vai izteikt\u0101kam le\u0146\u0137im, \u0161is spilvens par\u016bp\u0113sies par visu. Tas ir ide\u0101ls risin\u0101jums, lai saglab\u0101tu muguru taisnu un nov\u0113rstu sakum\u0161anu, veicinot lab\u0101ku st\u0101ju un visp\u0101r\u0113jo labsaj\u016btu.<\/p>\n<p>Ergonomisks dizains optim\u0101lam muguras atbalstam<\/p>\n<p>Iev\u0113rojot stingrus ergonomikas principus, \u0161is atbalsta spilvens piel\u0101gojas j\u016bsu muguras dabiskaj\u0101m l\u012bkn\u0113m, nodro\u0161inot zin\u0101tniski pamatotu atbalstu, kas mazina muguras s\u0101pes un uzlabo s\u0113d\u0113\u0161anas st\u0101ju. T\u0101 lielais izm\u0113rs nodro\u0161ina pietiekamu atbalstu viduklim, mugurai un kaklam, efekt\u012bvi c\u012bnoties ar jostas un kakla probl\u0113m\u0101m.<\/p>\n<p>Daudzpus\u012bba pla\u0161am lietojumu kl\u0101stam<\/p>\n<p>Reading Wedge spilvena daudzpus\u012bba padara to par oblig\u0101tu pirkumu ikvien\u0101s m\u0101j\u0101s. Tas ir ide\u0101li piem\u0113rots lieto\u0161anai uz gult\u0101m, d\u012bv\u0101niem, dienas gult\u0101m, kr\u0113sliem un ku\u0161et\u0113m. T\u0101 piel\u0101gojam\u012bba sniedzas da\u017e\u0101d\u0101m aktivit\u0101t\u0113m, s\u0101kot no las\u012b\u0161anas un televizora skat\u012b\u0161an\u0101s l\u012bdz vienk\u0101r\u0161i atp\u016btai un komforta baud\u012b\u0161anai.<\/p>\n<p>Vienk\u0101r\u0161a apkope ilgsto\u0161am komfortam<\/p>\n<p>\u0160is atbalsta spilvens ir izstr\u0101d\u0101ts, dom\u0101jot par \u0113rt\u012bb\u0101m, un tam ir r\u0101v\u0113jsl\u0113dz\u0113ja aizdare, kas \u013cauj viegli no\u0146emt ve\u013cas ma\u0161\u012bn\u0101 mazg\u0101jamu p\u0101rvalku. Iztur\u012bgais poliestera un lina mais\u012bjuma audums nodro\u0161ina ilgsto\u0161u komfortu un formas saglab\u0101\u0161anu, padarot \u0161o spilvenu par ilgtermi\u0146a ieguld\u012bjumu j\u016bsu labsaj\u016bt\u0101.<\/p>\n<p>Klientu atsauksmes run\u0101 daudz<\/p>\n<p>\u201c\u0160is \u0137\u012b\u013cveida spilvens ir ide\u0101li piem\u0113rots las\u012b\u0161anai gult\u0101. Tas nodro\u0161ina lielisku muguras atbalstu, un regul\u0113jamais polster\u0113juma spilvens maina sp\u0113les noteikumus.\u201d<\/p>\n<p>\u201cEsmu lietojis \u0161o spilvenu jau da\u017eas ned\u0113\u013cas, un manas muguras s\u0101pes ir iev\u0113rojami mazin\u0101ju\u0161\u0101s. Tas ir tik \u0113rts un atbalsta mani vis\u0101s pareizaj\u0101s viet\u0101s.\u201d<\/p>\n<p>\u201c\u0160\u012b spilvena kvalit\u0101te ir p\u0101rsteidzo\u0161a. Audums ir m\u012bksts un iztur\u012bgs, un \u0161uves ir nevainojamas. Es to \u013coti iesaku.\u201d<\/p>\n<p>\u0136\u012b\u013cveida las\u012b\u0161anas spilvens ir komforta, atbalsta un daudzpus\u012bbas iemiesojums. T\u0101 augst\u0101k\u0101s kvalit\u0101tes konstrukcija, regul\u0113jamais dizains un ergonomiskais atbalsts uzlabos j\u016bsu las\u012b\u0161anu, relaks\u0101ciju un visp\u0101r\u0113jo labsaj\u016btu. Ieg\u0101d\u0101jieties \u0161o izcilo spilvenu jau \u0161odien un paceliet savu m\u0101jas dz\u012bvi jaun\u0101 komforta un baud\u012bjuma l\u012bmen\u012b.<\/p>","protected":false},"excerpt":{"rendered":"<ul>\n<li><strong>Kvalific\u0113ts \u0137\u012b\u013cveida spilvens:<\/strong> \u0160is \u0137\u012b\u013cveida spilvens ir pild\u012bts ar augst\u0101k\u0101s kvalit\u0101tes poliestera \u0161\u0137iedru pild\u012bjumu, lai nodro\u0161in\u0101tu stabilu muguras atbalstu un justos \u0113rti, lasot, atp\u016b\u0161oties, skatoties televizoru uz gultas vai d\u012bv\u0101na. Augstas kvalit\u0101tes lina audums ir \u013coti m\u012bksts, iztur\u012bgs un nedeform\u0113jas vai nep\u016bkojas.<\/li>\n<li><strong>Regul\u0113jams \u0137\u012b\u013cveida spilvens:<\/strong> Dekorat\u012bvajam spilvenam ir pievienots neliels sarull\u0113jams spilvens. To var regul\u0113t atbilsto\u0161i vajadz\u012bb\u0101m. Tas pal\u012bdz saglab\u0101t muguru taisni, lai j\u016bs nesag\u016bltos. Las\u012b\u0161anas spilvena p\u0101rvalks ir no\u0146emams un mazg\u0101jams. S\u0101nos ir 2 mazas kabatas s\u012bku priek\u0161metu, piem\u0113ram, pildspalvas, mobil\u0101 t\u0101lru\u0146a, televizora t\u0101lvad\u012bbas pults u.\u00a0c., glab\u0101\u0161anai.<\/li>\n<li><strong>Lielisks muguras atbalsts:<\/strong> Lielais atbalsta spilvens atbilst ergonomiskajam dizainam, kas var nodro\u0161in\u0101t zin\u0101tnisku muguras atbalstu un uzlabot s\u0113d\u0113\u0161anas st\u0101ju. \u0160ie d\u012bv\u0101na spilveni nodro\u0161ina \u0113rtu atbalstu viduklim, mugurai un kaklam. Tie var ar\u012b nov\u0113rst un mazin\u0101t jostas un kakla slim\u012bbas un mazin\u0101t muguras s\u0101pes.<\/li>\n<li><strong>Pla\u0161s lietojumu kl\u0101sts:<\/strong> \u0136\u012b\u013cveida spilvens ir piem\u0113rots da\u017e\u0101diem m\u0113r\u0137iem, un to var izmantot gan gult\u0101, gan uz d\u012bv\u0101na, gan uz d\u012bv\u0101na, gan uz kr\u0113sla. Lieliska d\u0101vana sev, draugiem vai \u0123imenei.<\/li>\n<li><strong>Viegli t\u012br\u0101ms:<\/strong> \u0160im atbalsta spilvenam ir r\u0101v\u0113jsl\u0113dz\u0113ja aizv\u0113r\u0161anas dizains, lai p\u0101rvalku var\u0113tu viegli no\u0146emt un mazg\u0101t ve\u013cas ma\u0161\u012bn\u0101.<\/li>\n<li><strong>Audums:<\/strong>\u00a0Poliestera un lina mais\u012bjums.<\/li>\n<li><strong>Izm\u0113rs:<\/strong>\u00a060x50x22 cm.<\/li>\n<\/ul>","protected":false},"featured_media":1250,"comment_status":"open","ping_status":"closed","template":"","meta":[],"product_brand":[],"product_cat":[29],"product_tag":[92,60,99,101,102,96,105,89,59,104,95,98,100,90],"class_list":{"0":"post-1262","1":"product","2":"type-product","3":"status-publish","4":"has-post-thumbnail","6":"product_cat-large-reading-pillow","7":"product_tag-adjustable-wedge-pillow","8":"product_tag-backrest-pillow","9":"product_tag-bed-pillow","10":"product_tag-chair-cushion","11":"product_tag-couch-pillow","12":"product_tag-cushions-for-sofa","13":"product_tag-lumbar-support","14":"product_tag-qualified-wedge-pillow","15":"product_tag-reading-pillow","16":"product_tag-reading-wedge-pillow","17":"product_tag-scientific-back-support","18":"product_tag-small-roll-bolster-pillow","19":"product_tag-sofa-daybed-pillow","20":"product_tag-stable-back-support","22":"first","23":"outofstock","24":"featured","25":"shipping-taxable","26":"purchasable","27":"product-type-simple"},"_links":{"self":[{"href":"https:\/\/www.largepillow.com\/lv\/wp-json\/wp\/v2\/product\/1262","targetHints":{"allow":["GET"]}}],"collection":[{"href":"https:\/\/www.largepillow.com\/lv\/wp-json\/wp\/v2\/product"}],"about":[{"href":"https:\/\/www.largepillow.com\/lv\/wp-json\/wp\/v2\/types\/product"}],"replies":[{"embeddable":true,"href":"https:\/\/www.largepillow.com\/lv\/wp-json\/wp\/v2\/comments?post=1262"}],"wp:featuredmedia":[{"embeddable":true,"href":"https:\/\/www.largepillow.com\/lv\/wp-json\/wp\/v2\/media\/1250"}],"wp:attachment":[{"href":"https:\/\/www.largepillow.com\/lv\/wp-json\/wp\/v2\/media?parent=1262"}],"wp:term":[{"taxonomy":"product_brand","embeddable":true,"href":"https:\/\/www.largepillow.com\/lv\/wp-json\/wp\/v2\/product_brand?post=1262"},{"taxonomy":"product_cat","embeddable":true,"href":"https:\/\/www.largepillow.com\/lv\/wp-json\/wp\/v2\/product_cat?post=1262"},{"taxonomy":"product_tag","embeddable":true,"href":"https:\/\/www.largepillow.com\/lv\/wp-json\/wp\/v2\/product_tag?post=1262"}],"curies":[{"name":"wp","href":"https:\/\/api.w.org\/{rel}","templated":true}]}}