{"id":1307,"date":"2022-09-19T06:01:39","date_gmt":"2022-09-19T06:01:39","guid":{"rendered":"https:\/\/www.largepillow.com\/product\/reading-wedge-pillow"},"modified":"2024-10-03T16:31:26","modified_gmt":"2024-10-03T16:31:26","slug":"lasisanas-sturisa-spilvens","status":"publish","type":"product","link":"https:\/\/www.largepillow.com\/lv\/product\/reading-nook-pillow","title":{"rendered":"Las\u012b\u0161anas st\u016br\u012b\u0161a spilvens"},"content":{"rendered":"<p>Reading Nook spilvens: j\u016bsu neaizst\u0101jamais sabiedrotais komfortam un stilam<\/p>\n<p>Gr\u0101matu t\u0101rpiem, kuri nov\u0113rt\u0113 las\u012b\u0161anas sv\u0113tumu, Reading Nook spilvens pace\u013c j\u016bsu pieredzi jaun\u0101 komforta un baud\u012bjuma l\u012bmen\u012b. Ar savu atjaut\u012bgo ergonomisko dizainu \u0161is spilvens mazina fizisko diskomfortu, kas saist\u012bts ar ilgsto\u0161u las\u012b\u0161anu gult\u0101.<\/p>\n<p>Izcila ergonomika perfektai st\u0101jai:<\/p>\n<p>Reading Nook spilvens, kas paredz\u0113ts, lai atbalst\u012btu j\u016bsu \u0137ermeni optim\u0101l\u0101 las\u012b\u0161anas poz\u0101, efekt\u012bvi risina t\u0101das bie\u017ei sastopamas probl\u0113mas k\u0101 muguras lejasda\u013cas un aug\u0161da\u013cas s\u0101pes, kakla un plecu st\u012bvumu. T\u0101 stingr\u0101 amortiz\u0101cija nodro\u0161ina tie\u0161i nepiecie\u0161amo atbalstu \u0113rtai un ergonomiskai pozai, mazinot nogurumu un diskomfortu.<\/p>\n<p>Augst\u0101k\u0101s kvalit\u0101tes materi\u0101li iztur\u012bbai un elpojam\u012bbai:<\/p>\n<p>Spilvena p\u0101rvalks ir izgatavots no augstas kvalit\u0101tes audekla auduma, kas nodro\u0161ina izcilu iztur\u012bbu un elpojam\u012bbu. Reakt\u012bv\u0101 drukas un kr\u0101so\u0161anas tehnolo\u0123ija garant\u0113 spilgtas kr\u0101sas, kas laika gait\u0101 neizbal\u0113s. Spilvena iek\u0161\u0113jais kodols ir pild\u012bts ar \u013coti elast\u012bgu poliestera \u0161\u0137iedru, kas saglab\u0101 stabilu formu, nesabr\u016bkot.<\/p>\n<p>Daudzfunkcion\u0101la funkcionalit\u0101te:<\/p>\n<p>Papildus savam pamatuzdevumam k\u0101 las\u012b\u0161anas pavadonim, Reading Nook spilvens ir iev\u0113rojama daudzpus\u012bba. T\u0101 izliekt\u0101 forma nodro\u0161ina paaugstin\u0101tu atbalstu noteikt\u0101m \u0137erme\u0146a da\u013c\u0101m, pal\u012bdzot mazin\u0101t t\u0101das vesel\u012bbas probl\u0113mas k\u0101 kr\u0101k\u0161ana un gr\u0113mas. Gr\u016btnieces to var izmantot gul\u0113\u0161anai uz s\u0101niem un jostasvietas atbalstam, lai uzlabotu komfortu.<\/p>\n<p>Spilgtas izdrukas, lai padar\u012btu j\u016bsu interjeru gai\u0161\u0101ku:<\/p>\n<p>Ar pla\u0161u spilgtu apdruku dizainu izv\u0113li, s\u0101kot no me\u017ea m\u016bzikas l\u012bdz retro av\u012bz\u0113m, Reading Nook spilvens papildin\u0101s jebkuras gu\u013camistabas interjeru. T\u0101 dz\u012bvespriec\u012bg\u0101s kr\u0101sas un burv\u012bgie raksti pie\u0161\u0137irs j\u016bsu telpai person\u012bbas piesk\u0101rienu, radot aicino\u0161u un stil\u012bgu las\u012b\u0161anas st\u016br\u012bti.<\/p>\n<p>\u0112rt\u012bbas un apr\u016bpes vienk\u0101r\u0161\u012bba:<\/p>\n<p>Spilvena p\u0101rvalkam ir neredzams met\u0101la r\u0101v\u0113jsl\u0113dz\u0113js, kas atvieglo t\u0101 no\u0146em\u0161anu un uzlik\u0161anu, t\u0101d\u0113j\u0101di padarot t\u012br\u012b\u0161anu pavisam vienk\u0101r\u0161u. T\u0101 mazg\u0101jams ve\u013cas ma\u0161\u012bn\u0101 dizains nodro\u0161ina \u0113rtu kop\u0161anu. \u0112rta s\u0101nu kabata vienm\u0113r nodro\u0161ina j\u016bsu svar\u012bg\u0101ko lietu, piem\u0113ram, mobilo t\u0101lru\u0146u un bri\u013c\u013cu, pieejam\u012bbu.<\/p>\n<p>Klientu atsauksmes:<\/p>\n<p>\u201c\u0160is spilvens piln\u012bb\u0101 maina manas las\u012b\u0161anas sesijas! Tas ir tik \u0113rts un lieliski atbalsta manu muguru. Manas kakla un plecu s\u0101pes ir pazudu\u0161as.\u201d<\/p>\n<p>\u201cMan \u013coti pat\u012bk apdrukas dizaini! Tie pie\u0161\u0137ir manai gu\u013camistabai tik daudz dz\u012bv\u012bbas. Es nov\u0113rt\u0113ju ar\u012b s\u0101nu kabatu, kur\u0101 varu sak\u0101rtot t\u0101lruni un gr\u0101matas.\u201d<\/p>\n<p>\u201cEs \u0161o spilvenu izmantoju ne tikai las\u012b\u0161anai, bet ar\u012b k\u0101 jostasvietas atbalstu, skatoties televizoru uz d\u012bv\u0101na. Tas ir neticami daudzpus\u012bgs.\u201d<\/p>\n<p>Specifik\u0101cijas:<\/p>\n<p>* Izm\u0113ri: 60 x 20 x 50 cm<br \/>\n* Materi\u0101li: Audekls, augstas elast\u012bbas poliestera \u0161\u0137iedru pild\u012bjums<br \/>\n* No\u0146emams un mazg\u0101jams spilvena p\u0101rvalks ar neredzamu met\u0101la r\u0101v\u0113jsl\u0113dz\u0113ju<br \/>\n* S\u0101nu kabata \u0113rtai glab\u0101\u0161anai<\/p>\n<p>Neatkar\u012bgi no t\u0101, vai esat kaisl\u012bgs las\u012bt\u0101js, dizaina entuziasts vai vienk\u0101r\u0161i mekl\u0113jat komfortu un atbalstu, Reading Nook spilvens ir lieliska izv\u0113le. T\u0101 ergonomiskais dizains, augst\u0101k\u0101s kvalit\u0101tes materi\u0101li un spilgt\u0101s apdrukas uzlabos j\u016bsu las\u012b\u0161anas pieredzi, vienlaikus stil\u012bgi papildinot j\u016bsu m\u0101jas interjeru.<\/p>","protected":false},"excerpt":{"rendered":"<ul>\n<li><strong>Ergonomisks spilvens:<\/strong>\u00a0Ja jums un j\u016bsu draugiem pat\u012bk las\u012bt gult\u0101, bet nepareizas st\u0101jas d\u0113\u013c rodas da\u017e\u0101das diskomforta saj\u016btas: s\u0101pes muguras lejasda\u013c\u0101 un aug\u0161da\u013c\u0101, kakla un plecu probl\u0113mas utt., tad, l\u016bdzu, izmantojiet \u0161o ergonomisko spilvenu, lai las\u012btu ar ergonomisku st\u0101ju. \u0160is las\u012b\u0161anas spilvens ir ne tikai m\u012bksts un \u0113rts, bet ar\u012b pietiekami stingrs, lai nodro\u0161in\u0101tu amortiz\u0101ciju un atbalstu.<\/li>\n<li><strong>Augstas kvalit\u0101tes materi\u0101li:<\/strong>\u00a0\u0136\u012b\u013cveida spilvena p\u0101rvalks ir izgatavots no augstas kvalit\u0101tes audekla auduma, kas ir iztur\u012bgs un ilgm\u016b\u017e\u012bgs, ar \u013coti labu gaisa caurlaid\u012bbu; taj\u0101 tiek izmantota reakt\u012bv\u0101 drukas un kr\u0101so\u0161anas tehnolo\u0123ija, kas neizbal\u0113; iek\u0161\u0113j\u0101 serde ir pild\u012bta ar augstas kvalit\u0101tes, \u013coti elast\u012bgu poliestera \u0161\u0137iedru pild\u012bjumu, kas var saglab\u0101t stabilu formu, nesabr\u016bkot.<\/li>\n<li><strong>Daudzfunkcion\u0101la lieto\u0161ana:<\/strong>\u00a0\u0160is izliekt\u0101s formas spilvens var notur\u0113t noteiktas \u0137erme\u0146a da\u013cas paceltas. T\u0101d\u0113\u013c tas pal\u012bdz mazin\u0101t noteiktus vesel\u012bbas trauc\u0113jumus, piem\u0113ram, kr\u0101k\u0161anu vai gr\u0113mas. Turkl\u0101t tas var ar\u012b pal\u012bdz\u0113t gr\u016btniec\u0113m izvair\u012bties no apg\u0101\u0161an\u0101s un saglab\u0101t gul\u0113\u0161anas pozu uz s\u0101niem vai izmantot to k\u0101 jostasvietas spilvenu, lai mazin\u0101tu spiedienu uz jostasvietu. Papildus \u0161\u012b atzveltnes spilvena lieto\u0161anai uz gultas to var izmantot ar\u012b uz d\u012bv\u0101na, b\u0113rnu rota\u013cu laukuma gr\u012bdas, \u0101ra d\u0101rza m\u0113bel\u0113m.<\/li>\n<li><strong>Lielisks drukas dizains:<\/strong>\u00a0\u0160\u012b pozicion\u0113jo\u0161o spilvenu s\u0113rija, kas dekor\u0113ta ko\u0161\u0101s kr\u0101s\u0101s, pie\u0161\u0137irs j\u016bsu gu\u013camistabai mirdzumu. Pastor\u0101l\u0101 stil\u0101 \u201cme\u017ea m\u016bzika\u201d, retro stil\u0101 \u201cvec\u0101 av\u012bze\u201d, liter\u0101r\u0101 stil\u0101 \u201czilais tauri\u0146\u0161\u201d, re\u0101lististisk\u0101 stil\u0101 \u201ckamie\u013cu karte\u201d \u2013 j\u016bs noteikti atrad\u012bsiet kr\u0101su, kas atbilst j\u016bsu person\u012bbai. Tas ir labs las\u012b\u0161anas spilvens gan z\u0113niem, gan meiten\u0113m, gan pieaugu\u0161ajiem. T\u0101 ir ar\u012b lieliska d\u0101vana b\u0113rniem, kuriem pat\u012bk las\u012bt, un padar\u012bs vi\u0146u istabu v\u0113s\u0101ku.<\/li>\n<li><strong>No\u0146emams spilvena p\u0101rvalks:<\/strong>\u00a0Spilvena p\u0101rvalku ar neredzamu met\u0101la r\u0101v\u0113jsl\u0113dz\u0113ju var viegli no\u0146emt un uzlikt uz spilvena; to ir viegli t\u012br\u012bt un tas ir piem\u0113rots mazg\u0101\u0161anai ve\u013cas ma\u0161\u012bn\u0101; \u0113rt\u0101 s\u0101nu kabat\u0101 jebkur\u0101 laik\u0101 var ievietot mazus priek\u0161metus, piem\u0113ram, mobilos t\u0101lru\u0146us un brilles.<\/li>\n<li><strong>Izm\u0113rs:<\/strong>\u00a060x20x50 cm.<\/li>\n<\/ul>","protected":false},"featured_media":1299,"comment_status":"open","ping_status":"closed","template":"","meta":[],"product_brand":[],"product_cat":[29],"product_tag":[60,81,86,78,79,87,59,84],"class_list":{"0":"post-1307","1":"product","2":"type-product","3":"status-publish","4":"has-post-thumbnail","6":"product_cat-large-reading-pillow","7":"product_tag-backrest-pillow","8":"product_tag-curved-shape-pillow","9":"product_tag-detachable-pillow-cover","10":"product_tag-ergonomic-pillow","11":"product_tag-lumbar-pillow","12":"product_tag-reading-nook-pillow","13":"product_tag-reading-pillow","14":"product_tag-sofa-pillow","16":"first","17":"instock","18":"featured","19":"shipping-taxable","20":"purchasable","21":"product-type-simple"},"_links":{"self":[{"href":"https:\/\/www.largepillow.com\/lv\/wp-json\/wp\/v2\/product\/1307","targetHints":{"allow":["GET"]}}],"collection":[{"href":"https:\/\/www.largepillow.com\/lv\/wp-json\/wp\/v2\/product"}],"about":[{"href":"https:\/\/www.largepillow.com\/lv\/wp-json\/wp\/v2\/types\/product"}],"replies":[{"embeddable":true,"href":"https:\/\/www.largepillow.com\/lv\/wp-json\/wp\/v2\/comments?post=1307"}],"wp:featuredmedia":[{"embeddable":true,"href":"https:\/\/www.largepillow.com\/lv\/wp-json\/wp\/v2\/media\/1299"}],"wp:attachment":[{"href":"https:\/\/www.largepillow.com\/lv\/wp-json\/wp\/v2\/media?parent=1307"}],"wp:term":[{"taxonomy":"product_brand","embeddable":true,"href":"https:\/\/www.largepillow.com\/lv\/wp-json\/wp\/v2\/product_brand?post=1307"},{"taxonomy":"product_cat","embeddable":true,"href":"https:\/\/www.largepillow.com\/lv\/wp-json\/wp\/v2\/product_cat?post=1307"},{"taxonomy":"product_tag","embeddable":true,"href":"https:\/\/www.largepillow.com\/lv\/wp-json\/wp\/v2\/product_tag?post=1307"}],"curies":[{"name":"wp","href":"https:\/\/api.w.org\/{rel}","templated":true}]}}