{"id":1340,"date":"2022-09-19T06:06:05","date_gmt":"2022-09-19T06:06:05","guid":{"rendered":"https:\/\/www.largepillow.com\/product\/wedge-pillow-for-reading"},"modified":"2025-10-31T19:46:49","modified_gmt":"2025-10-31T19:46:49","slug":"kilveida-spilvens-lasisanai","status":"publish","type":"product","link":"https:\/\/www.largepillow.com\/lv\/product\/wedge-pillow-for-reading\/","title":{"rendered":"\u0136\u012b\u013cveida spilvens las\u012b\u0161anai"},"content":{"rendered":"<p>Vai mekl\u0113jat \u0113rtu un daudzpus\u012bgu spilvenu, lai uzlabotu las\u012b\u0161anas pieredzi? \u0136\u012b\u013cveida spilvens las\u012b\u0161anai ir \u012bst\u0101 izv\u0113le.<\/p>\n<p>\u0160is ergonomiskais spilvens ir izstr\u0101d\u0101ts, lai sniegtu jums atbalstu un \u0113rtu las\u012b\u0161anas pieredzi. Izgatavots no augstas kvalit\u0101tes materi\u0101liem, tostarp iztur\u012bga audekla auduma p\u0101rvalka un \u013coti elast\u012bga poliestera \u0161\u0137iedru pild\u012bjuma, \u0161is spilvens ir gan m\u012bksts, gan pietiekami stingrs, lai nodro\u0161in\u0101tu amortiz\u0101ciju un atbalstu.<\/p>\n<p>Tas ir ne tikai lieliski piem\u0113rots las\u012b\u0161anai, bet ar\u012b izliekt\u0101s formas spilvens var pacelt noteiktas \u0137erme\u0146a da\u013cas, lai mazin\u0101tu t\u0101das vesel\u012bbas probl\u0113mas k\u0101 kr\u0101k\u0161ana vai gr\u0113mas. Gr\u016btnieces var g\u016bt labumu ar\u012b no t\u0101 lieto\u0161anas, gu\u013cot uz s\u0101niem vai lietojot to k\u0101 jostasvietas spilvenu, lai mazin\u0101tu spiedienu jostasviet\u0101.<\/p>\n<p>Ar saviem izcilajiem apdrukas dizainiem \u0161is pozicion\u0113\u0161anas spilvens noteikti pie\u0161\u0137irs j\u016bsu gu\u013camistabai kr\u0101su un stila akcentu. Izv\u0113lieties k\u0101du no pastor\u0101l\u0101 stila &quot;me\u017ea m\u016bzika&quot;, retro stila &quot;vec\u0101 av\u012bze&quot;, liter\u0101r\u0101 stila &quot;zilais tauri\u0146\u0161&quot; vai re\u0101listisk\u0101 stila &quot;kamie\u013cu karte&quot; variantiem. \u0160is spilvens ir ide\u0101li piem\u0113rots gan z\u0113niem, gan meiten\u0113m, k\u0101 ar\u012b pieaugu\u0161ajiem, un t\u0101 ir lieliska d\u0101vana b\u0113rniem, kuriem pat\u012bk las\u012bt.<\/p>\n<p>No\u0146emamajam spilvena p\u0101rvalkam ir neredzams met\u0101la r\u0101v\u0113jsl\u0113dz\u0113js, kas atvieglo no\u0146em\u0161anu un t\u012br\u012b\u0161anu. To var ar\u012b mazg\u0101t ve\u013cas ma\u0161\u012bn\u0101, un taj\u0101 ir \u0113rta s\u0101nu kabata nelielu priek\u0161metu, piem\u0113ram, mobilo t\u0101lru\u0146u un bri\u013c\u013cu, glab\u0101\u0161anai.<\/p>\n<p>Neticiet tikai mums, \u0161eit ir da\u017ei apmierin\u0101tu klientu koment\u0101ri:<\/p>\n<p>\u201cMan vienm\u0113r ir biju\u0161as gr\u016bt\u012bbas atrast \u0113rtu pozu, lasot gult\u0101, bet \u0161is \u0137\u012b\u013cveida spilvens ir main\u012bjis sp\u0113les noteikumus. Tas ir tik \u0113rts un sniedz labu atbalstu, un s\u0101nu kabata ir jauks papildin\u0101jums.\u201d<\/p>\n<p>\u201cMan ir gr\u0113mas, un \u0161is spilvens ir bijis \u012bsts gl\u0101bi\u0146\u0161. Tas ir daudz \u0113rt\u0101ks nek\u0101 parasto spilvenu sakrau\u0161ana vienu virs otra, un ar\u012b dizains ir patie\u0161\u0101m jauks.\u201d<\/p>\n<p>Kopum\u0101 \u0137\u012b\u013cveida las\u012b\u0161anas spilvens ir oblig\u0101ts pirkums ikvienam, kam pat\u012bk las\u012bt gult\u0101 vai kam nepiecie\u0161ams papildu atbalsts miega laik\u0101. Pateicoties t\u0101 augstas kvalit\u0101tes materi\u0101liem, daudzpus\u012bgajam dizainam un stil\u012bgaj\u0101m apdruk\u0101m, \u0161is pirkums j\u016bs nepievils.<\/p>","protected":false},"excerpt":{"rendered":"<ul>\n<li><strong>Ergonomisks spilvens:<\/strong>\u00a0Ja jums un j\u016bsu draugiem pat\u012bk las\u012bt gult\u0101, bet nepareizas st\u0101jas d\u0113\u013c rodas da\u017e\u0101das diskomforta saj\u016btas: s\u0101pes muguras lejasda\u013c\u0101 un aug\u0161da\u013c\u0101, kakla un plecu probl\u0113mas utt., tad, l\u016bdzu, izmantojiet \u0161o ergonomisko spilvenu, lai las\u012btu ar ergonomisku st\u0101ju. \u0160is las\u012b\u0161anas spilvens ir ne tikai m\u012bksts un \u0113rts, bet ar\u012b pietiekami stingrs, lai nodro\u0161in\u0101tu amortiz\u0101ciju un atbalstu.<\/li>\n<li><strong>Augstas kvalit\u0101tes materi\u0101li:<\/strong>\u00a0\u0136\u012b\u013cveida spilvena p\u0101rvalks ir izgatavots no augstas kvalit\u0101tes audekla auduma, kas ir iztur\u012bgs un ilgm\u016b\u017e\u012bgs, ar \u013coti labu gaisa caurlaid\u012bbu; taj\u0101 tiek izmantota reakt\u012bv\u0101 drukas un kr\u0101so\u0161anas tehnolo\u0123ija, kas neizbal\u0113; iek\u0161\u0113j\u0101 serde ir pild\u012bta ar augstas kvalit\u0101tes, \u013coti elast\u012bgu poliestera \u0161\u0137iedru pild\u012bjumu, kas var saglab\u0101t stabilu formu, nesabr\u016bkot.<\/li>\n<li><strong>Daudzfunkcion\u0101la lieto\u0161ana:<\/strong>\u00a0\u0160is izliekt\u0101s formas spilvens var notur\u0113t noteiktas \u0137erme\u0146a da\u013cas paceltas. T\u0101d\u0113\u013c tas pal\u012bdz mazin\u0101t noteiktus vesel\u012bbas trauc\u0113jumus, piem\u0113ram, kr\u0101k\u0161anu vai gr\u0113mas. Turkl\u0101t tas var ar\u012b pal\u012bdz\u0113t gr\u016btniec\u0113m izvair\u012bties no apg\u0101\u0161an\u0101s un saglab\u0101t gul\u0113\u0161anas pozu uz s\u0101niem vai izmantot to k\u0101 jostasvietas spilvenu, lai mazin\u0101tu spiedienu uz jostasvietu. Papildus \u0161\u012b atzveltnes spilvena lieto\u0161anai uz gultas to var izmantot ar\u012b uz d\u012bv\u0101na, b\u0113rnu rota\u013cu laukuma gr\u012bdas, \u0101ra d\u0101rza m\u0113bel\u0113m.<\/li>\n<li><strong>Lielisks drukas dizains:<\/strong>\u00a0\u0160\u012b pozicion\u0113jo\u0161o spilvenu s\u0113rija, kas dekor\u0113ta ko\u0161\u0101s kr\u0101s\u0101s, pie\u0161\u0137irs j\u016bsu gu\u013camistabai mirdzumu. Pastor\u0101l\u0101 stil\u0101 \u201cme\u017ea m\u016bzika\u201d, retro stil\u0101 \u201cvec\u0101 av\u012bze\u201d, liter\u0101r\u0101 stil\u0101 \u201czilais tauri\u0146\u0161\u201d, re\u0101lististisk\u0101 stil\u0101 \u201ckamie\u013cu karte\u201d \u2013 j\u016bs noteikti atrad\u012bsiet kr\u0101su, kas atbilst j\u016bsu person\u012bbai. Tas ir labs las\u012b\u0161anas spilvens gan z\u0113niem, gan meiten\u0113m, gan pieaugu\u0161ajiem. T\u0101 ir ar\u012b lieliska d\u0101vana b\u0113rniem, kuriem pat\u012bk las\u012bt, un padar\u012bs vi\u0146u istabu v\u0113s\u0101ku.<\/li>\n<li><strong>No\u0146emams spilvena p\u0101rvalks:<\/strong>\u00a0Spilvena p\u0101rvalku ar neredzamu met\u0101la r\u0101v\u0113jsl\u0113dz\u0113ju var viegli no\u0146emt un uzlikt uz spilvena; to ir viegli t\u012br\u012bt un tas ir piem\u0113rots mazg\u0101\u0161anai ve\u013cas ma\u0161\u012bn\u0101; \u0113rt\u0101 s\u0101nu kabat\u0101 jebkur\u0101 laik\u0101 var ievietot mazus priek\u0161metus, piem\u0113ram, mobilos t\u0101lru\u0146us un brilles.<\/li>\n<li><strong>Izm\u0113rs:<\/strong>\u00a060x20x50 cm.<\/li>\n<\/ul>","protected":false},"featured_media":1332,"comment_status":"open","ping_status":"closed","template":"","meta":[],"product_brand":[],"product_cat":[29],"product_tag":[60,81,78,79,80,59,65],"class_list":{"0":"post-1340","1":"product","2":"type-product","3":"status-publish","4":"has-post-thumbnail","6":"product_cat-large-reading-pillow","7":"product_tag-backrest-pillow","8":"product_tag-curved-shape-pillow","9":"product_tag-ergonomic-pillow","10":"product_tag-lumbar-pillow","11":"product_tag-positioning-pillow","12":"product_tag-reading-pillow","13":"product_tag-wedge-pillow","15":"first","16":"instock","17":"featured","18":"shipping-taxable","19":"purchasable","20":"product-type-simple"},"_links":{"self":[{"href":"https:\/\/www.largepillow.com\/lv\/wp-json\/wp\/v2\/product\/1340","targetHints":{"allow":["GET"]}}],"collection":[{"href":"https:\/\/www.largepillow.com\/lv\/wp-json\/wp\/v2\/product"}],"about":[{"href":"https:\/\/www.largepillow.com\/lv\/wp-json\/wp\/v2\/types\/product"}],"replies":[{"embeddable":true,"href":"https:\/\/www.largepillow.com\/lv\/wp-json\/wp\/v2\/comments?post=1340"}],"wp:featuredmedia":[{"embeddable":true,"href":"https:\/\/www.largepillow.com\/lv\/wp-json\/wp\/v2\/media\/1332"}],"wp:attachment":[{"href":"https:\/\/www.largepillow.com\/lv\/wp-json\/wp\/v2\/media?parent=1340"}],"wp:term":[{"taxonomy":"product_brand","embeddable":true,"href":"https:\/\/www.largepillow.com\/lv\/wp-json\/wp\/v2\/product_brand?post=1340"},{"taxonomy":"product_cat","embeddable":true,"href":"https:\/\/www.largepillow.com\/lv\/wp-json\/wp\/v2\/product_cat?post=1340"},{"taxonomy":"product_tag","embeddable":true,"href":"https:\/\/www.largepillow.com\/lv\/wp-json\/wp\/v2\/product_tag?post=1340"}],"curies":[{"name":"wp","href":"https:\/\/api.w.org\/{rel}","templated":true}]}}