{"id":1441,"date":"2022-09-20T02:49:25","date_gmt":"2022-09-20T02:49:25","guid":{"rendered":"https:\/\/www.largepillow.com\/product\/huge-rock-pillows-living-stones-pillows-living-pillows-pebble-pillows-pre-filled-christmas-present-max-size-light-gray-9003"},"modified":"2024-10-03T16:31:34","modified_gmt":"2024-10-03T16:31:34","slug":"livingstones-spilveni","status":"publish","type":"product","link":"https:\/\/www.largepillow.com\/lv\/product\/livingstones-pillows","title":{"rendered":"Livingstones spilveni"},"content":{"rendered":"[zc_getpagecontent mb=&#8221;mb_aplus&#8221; apid=&#8221;21&#8243;]\n","protected":false},"excerpt":{"rendered":"<ul>\n<li><strong>\u013boti l\u012bdz\u012bgs 3D \u0101ra spilvens:<\/strong> No pirm\u0101 acu uzmetiena j\u016bs nekad neiedom\u0101sieties, ka tas ir tikai dekorat\u012bvs spilvens. Pateicoties atjaut\u012bgajam dizainam, m\u0113s perfekti apvienojam m\u0101j\u012bgo spilvenu un \u201cakmeni\u201d. Elipses forma un slaidais izliekums liek tiem izskat\u012bties p\u0113c \u012bstiem akme\u0146iem. Tum\u0161o un gai\u0161o kr\u0101su sajauk\u0161ana un saska\u0146o\u0161ana var pie\u0161\u0137irt j\u016bsu istabai bag\u0101t\u012bgas vizu\u0101las p\u0101rmai\u0146as un padar\u012bt to jautru. \u0160ie spilgtie dekorat\u012bvie spilveni padara m\u016bsu m\u0101jas par interesantu vietu.<\/li>\n<li><strong>Dekorat\u012bvie spilveni da\u017e\u0101diem gad\u012bjumiem:<\/strong> M\u016bsu spilvenus var izmantot k\u0101 dekor\u0101ciju, lai apmierin\u0101tu j\u016bsu da\u017e\u0101d\u0101s vajadz\u012bbas da\u017e\u0101dos gad\u012bjumos. Novietojiet tos iek\u0161telp\u0101s, lai pie\u0161\u0137irtu telpai dabisku noska\u0146u. Novietojiet tos \u0101r\u0101 d\u0101rz\u0101, teras\u0113, pie baseina utt. J\u016bs varat atgriezties pie patiesas, perfektas integr\u0101cijas un justies \u0113rti; Izmantojot b\u0113rnu istabas dekor\u0113\u0161anai, var izveidot rota\u013cu parku.<\/li>\n<li><strong>Daudzfunkcion\u0101li rado\u0161i spilveni:<\/strong> M\u016bsu m\u012bkstie spilveni var tikt izmantoti ne tikai k\u0101 dekorat\u012bvi spilveni jebkur\u0101 iek\u0161telpu\/\u0101ra st\u016br\u012b, bet ar\u012b k\u0101 b\u0113rnu rota\u013clietas, lai b\u0113rni var\u0113tu sp\u0113l\u0113ties ar m\u012bkstajiem spilveniem p\u0113c savas patikas un izpaust savas emocijas. Lielos d\u012bv\u0101na spilvenus var izmantot ar\u012b k\u0101 rado\u0161as s\u0113dvietas un mazus d\u012bv\u0101na spilvenus. Dekorat\u012bvie spilveni da\u017e\u0101d\u0101s form\u0101s ir ar\u012b laba izv\u0113le foto rekviz\u012btiem.<\/li>\n<li><strong>Augstas kvalit\u0101tes imit\u0101cijas akmens spilvens:<\/strong> Izv\u0113l\u0113ti \u012bpa\u0161i m\u012bksti, \u012bsi samta audumi, m\u012bksti un \u0113rti. Dekorat\u012bvie spilveni ar pild\u012bjumu (poliestera pild\u012bjums), kas ir p\u016bkains un m\u012bksts, ar labu elast\u012bbu. Neredzamais r\u0101v\u0113jsl\u0113dz\u0113js padara spilvendr\u0101nu viegli izjaucamu. Izmantojot reakt\u012bvo drukas un kr\u0101so\u0161anas tehnolo\u0123iju, katrs solis tiek stingri iev\u0113rots, s\u0101kot no materi\u0101la izv\u0113les l\u012bdz kr\u0101sas fiks\u0113\u0161anai, izm\u0113ru no\u0146em\u0161anai, veido\u0161anai un gatavam produktam.<\/li>\n<li><strong>Iepakojums un izm\u0113rs:<\/strong> Katr\u0101 iepakojum\u0101 ir 1 komplekts ar 6 da\u017e\u0101du izm\u0113ru \u0101ra spilveniem, kas ir veidoti neregul\u0101r\u0101s ov\u0101l\u0101s form\u0101s, lai vair\u0101k l\u012bdzin\u0101tos akme\u0146iem. Izm\u0113ri: 100 \u00d7 50 \/ 50 \u00d7 35 \/ 50 \u00d7 25 \/ 35 \u00d7 23 \/ 30 \u00d7 15 \/ 18 x 10 cm.<\/li>\n<\/ul>","protected":false},"featured_media":1430,"comment_status":"open","ping_status":"closed","template":"","meta":[],"product_brand":[],"product_cat":[30],"product_tag":[58,57,53,56,52,54,51,55,50],"class_list":{"0":"post-1441","1":"product","2":"type-product","3":"status-publish","4":"has-post-thumbnail","6":"product_cat-large-rock-pillow","7":"product_tag-floor-cushion","8":"product_tag-floor-pillow","9":"product_tag-livingstones","10":"product_tag-pebble-cushion","11":"product_tag-pebble-pillow","12":"product_tag-rock-cushion","13":"product_tag-rock-pillow","14":"product_tag-stone-cushion","15":"product_tag-stone-pillow","17":"first","18":"instock","19":"featured","20":"shipping-taxable","21":"purchasable","22":"product-type-variable","23":"has-default-attributes"},"_links":{"self":[{"href":"https:\/\/www.largepillow.com\/lv\/wp-json\/wp\/v2\/product\/1441","targetHints":{"allow":["GET"]}}],"collection":[{"href":"https:\/\/www.largepillow.com\/lv\/wp-json\/wp\/v2\/product"}],"about":[{"href":"https:\/\/www.largepillow.com\/lv\/wp-json\/wp\/v2\/types\/product"}],"replies":[{"embeddable":true,"href":"https:\/\/www.largepillow.com\/lv\/wp-json\/wp\/v2\/comments?post=1441"}],"wp:featuredmedia":[{"embeddable":true,"href":"https:\/\/www.largepillow.com\/lv\/wp-json\/wp\/v2\/media\/1430"}],"wp:attachment":[{"href":"https:\/\/www.largepillow.com\/lv\/wp-json\/wp\/v2\/media?parent=1441"}],"wp:term":[{"taxonomy":"product_brand","embeddable":true,"href":"https:\/\/www.largepillow.com\/lv\/wp-json\/wp\/v2\/product_brand?post=1441"},{"taxonomy":"product_cat","embeddable":true,"href":"https:\/\/www.largepillow.com\/lv\/wp-json\/wp\/v2\/product_cat?post=1441"},{"taxonomy":"product_tag","embeddable":true,"href":"https:\/\/www.largepillow.com\/lv\/wp-json\/wp\/v2\/product_tag?post=1441"}],"curies":[{"name":"wp","href":"https:\/\/api.w.org\/{rel}","templated":true}]}}