{"id":14837,"date":"2025-10-10T03:47:18","date_gmt":"2025-10-10T03:47:18","guid":{"rendered":"https:\/\/www.largepillow.com\/product\/large-bean-bag-chair-for-adults-with-filler-comfy-floor-sofa-couch"},"modified":"2025-10-10T03:58:04","modified_gmt":"2025-10-10T03:58:04","slug":"liels-pupinu-maisa-kresls-pieaugusajiem-ar-pildijumu-erts-gridas-divans","status":"publish","type":"product","link":"https:\/\/www.largepillow.com\/lv\/product\/large-bean-bag-chair-for-adults-with-filler-comfy-floor-sofa-couch","title":{"rendered":"Liels pupi\u0146u maisa kr\u0113sls pieaugu\u0161ajiem ar pild\u012bjumu, \u0113rts gr\u012bdas d\u012bv\u0101ns"},"content":{"rendered":"[zc_getpagecontent mb=&#8221;mb_aplus&#8221; apid=&#8221;145&#8243;]\n","protected":false},"excerpt":{"rendered":"<ul>\n<li>Izcils komforts un atbalsts: \u0160im pufa kr\u0113slam ir \u0161ika daudzst\u016bra forma modernam izskatam. T\u0101 unik\u0101lais dizains nodro\u0161ina visa \u0137erme\u0146a komfortu ar sp\u0113c\u012bgu kakla, viduk\u013ca un k\u0101ju atbalstu, k\u0101 ar\u012b stabilit\u0101ti un maksim\u0101lu k\u0101ju br\u012bv\u012bbu.<\/li>\n<li>Augst\u0101k\u0101s kvalit\u0101tes audums un pild\u012bjums: Izgatavots no tekstur\u0113ta samta m\u012bkstam un \u0101dai draudz\u012bgam piesk\u0101rienam. Pild\u012bts ar augstas kvalit\u0101tes PP kokvilnu, tas nodro\u0161ina iztur\u012bbu, ilgm\u016b\u017e\u012bbu un p\u016bkainu, m\u0101j\u012bgu saj\u016btu, kas saglab\u0101 komfortu laika gait\u0101.<\/li>\n<li>Lielizm\u0113ra un stabils dizains: \u0160aj\u0101 pufu kr\u0113sl\u0101, kura izm\u0113ri ir 50 collas garums, 37 collas platums un 28 collas augstums, var ietilpt l\u012bdz diviem cilv\u0113kiem. Tas ir lieliski piem\u0113rots p\u0101riem vai m\u0101j\u012bgai atp\u016btai vienatn\u0113. T\u0101 l\u012bdzsvarot\u0101 strukt\u016bra nodro\u0161ina stabilit\u0101ti, neatbalstoties pret sienu.<\/li>\n<li>Iztur\u012bgas deta\u013cas un vienk\u0101r\u0161a lieto\u0161ana: \u0160is pupu maisa kr\u0113sls ir veidots ar iztur\u012bgu r\u0101v\u0113jsl\u0113dz\u0113ju, pastiprin\u0101t\u0101m v\u012bl\u0113m, \u0113rti p\u0101rn\u0113s\u0101jamu rokturi un nesl\u012bdo\u0161u pamatni, apvienojot p\u0101rdom\u0101tas deta\u013cas ar ilgsto\u0161u iztur\u012bbu ikdienas lieto\u0161anai.<\/li>\n<li>Vienk\u0101r\u0161a kop\u0161ana un nav nepiecie\u0161ama salik\u0161ana: \u0112rt\u012bbas labad tiek pieg\u0101d\u0101ts vakuuma iepakojum\u0101. Vienk\u0101r\u0161i izpakojiet un \u013caujiet tam izplesties 24\u201348 stundas. T\u012br\u012b\u0161anai vienk\u0101r\u0161i noslaukiet virsmu ar maigu t\u012br\u012b\u0161anas l\u012bdzekli, lai t\u0101 saglab\u0101tu svaigumu un jaunu izskatu.<\/li>\n<\/ul>","protected":false},"featured_media":14829,"comment_status":"open","ping_status":"closed","template":"","meta":[],"product_brand":[],"product_cat":[228],"product_tag":[],"class_list":{"0":"post-14837","1":"product","2":"type-product","3":"status-publish","4":"has-post-thumbnail","6":"product_cat-cushions","8":"first","9":"instock","10":"sold-individually","11":"shipping-taxable","12":"purchasable","13":"product-type-simple"},"_links":{"self":[{"href":"https:\/\/www.largepillow.com\/lv\/wp-json\/wp\/v2\/product\/14837","targetHints":{"allow":["GET"]}}],"collection":[{"href":"https:\/\/www.largepillow.com\/lv\/wp-json\/wp\/v2\/product"}],"about":[{"href":"https:\/\/www.largepillow.com\/lv\/wp-json\/wp\/v2\/types\/product"}],"replies":[{"embeddable":true,"href":"https:\/\/www.largepillow.com\/lv\/wp-json\/wp\/v2\/comments?post=14837"}],"wp:featuredmedia":[{"embeddable":true,"href":"https:\/\/www.largepillow.com\/lv\/wp-json\/wp\/v2\/media\/14829"}],"wp:attachment":[{"href":"https:\/\/www.largepillow.com\/lv\/wp-json\/wp\/v2\/media?parent=14837"}],"wp:term":[{"taxonomy":"product_brand","embeddable":true,"href":"https:\/\/www.largepillow.com\/lv\/wp-json\/wp\/v2\/product_brand?post=14837"},{"taxonomy":"product_cat","embeddable":true,"href":"https:\/\/www.largepillow.com\/lv\/wp-json\/wp\/v2\/product_cat?post=14837"},{"taxonomy":"product_tag","embeddable":true,"href":"https:\/\/www.largepillow.com\/lv\/wp-json\/wp\/v2\/product_tag?post=14837"}],"curies":[{"name":"wp","href":"https:\/\/api.w.org\/{rel}","templated":true}]}}