{"id":15372,"date":"2025-11-08T12:38:12","date_gmt":"2025-11-08T12:38:12","guid":{"rendered":"https:\/\/www.largepillow.com\/product\/ergonomic-reading-pillow-with-arm-rest-for-back-neck-shoulder-support"},"modified":"2025-11-09T08:50:23","modified_gmt":"2025-11-09T08:50:23","slug":"ergonomisks-lasisanas-spilvens-ar-roku-balstu-muguras-kakla-un-plecu-atbalstam","status":"publish","type":"product","link":"https:\/\/www.largepillow.com\/lv\/product\/ergonomic-reading-pillow-with-arm-rest-for-back-neck-shoulder-support","title":{"rendered":"Ergonomisks las\u012b\u0161anas spilvens ar roku balstu muguras, kakla un plecu atbalstam"},"content":{"rendered":"[zc_getpagecontent mb=&#8221;mb_aplus&#8221; apid=&#8221;148&#8243;]\n","protected":false},"excerpt":{"rendered":"<ul>\n<li>H formas uzlabot\u0101 versija: H formas s\u0101nu miega spilvens ir viegl\u0101ks un elast\u012bg\u0101ks nek\u0101 U formas spilvens, vienlaikus saglab\u0101jot t\u0101 galven\u0101s priek\u0161roc\u012bbas. Tas atrisina U formas spilvenu elpo\u0161anas probl\u0113mu, kurus nevar regul\u0113t, turkl\u0101t tam ir maz\u0101k augstuma ierobe\u017eojumu, kas ir piem\u0113rots visiem lietot\u0101jiem neatkar\u012bgi no auguma vai \u0137erme\u0146a tipa.<\/li>\n<li>3\u00a0vien\u0101 s\u0101nu gul\u0113t\u0101ja spilvenu sist\u0113ma: t\u0101 apvieno \u0137\u012b\u013cveida atbalsta pamatni, H\u00a0veida spilvenu un elast\u012bgu spilvenu; \u0137\u012b\u013cveida spilvens pace\u013c muguras aug\u0161da\u013cu, lai c\u012bn\u012btos pret gr\u0113m\u0101m; H\u00a0veida spilvens nodro\u0161ina stabilu atbalstu visas nakts garum\u0101, mazinot plecu, kakla un muguras s\u0101pes; 3\u00a0vien\u0101 sist\u0113ma var efekt\u012bvi piel\u0101got visa \u0137erme\u0146a st\u0101ju un optimiz\u0113t miega re\u017e\u012bmu.<\/li>\n<li>\u012apa\u0161i \u0113rts gultas spilvens: nodro\u0161ina perfektu ergonomikas un personaliz\u0113ta komforta l\u012bdzsvaru, atbalstu muguras, s\u0101nu, plecu un v\u0113dera gul\u0113t\u0101jiem, pal\u012bdzot jums baud\u012bt peln\u012bto miegsu.<\/li>\n<li>Mazg\u0101jams p\u0101rvalks: Produktam ir no\u0146emams un mazg\u0101jams dizains, ko ir viegli no\u0146emt, \u013caujot viegli not\u012br\u012bt putek\u013cus un traipus, saglab\u0101jot produktu t\u012bru.<\/li>\n<\/ul>","protected":false},"featured_media":15392,"comment_status":"open","ping_status":"closed","template":"","meta":[],"product_brand":[],"product_cat":[228],"product_tag":[],"class_list":{"0":"post-15372","1":"product","2":"type-product","3":"status-publish","4":"has-post-thumbnail","6":"product_cat-cushions","8":"first","9":"instock","10":"sold-individually","11":"shipping-taxable","12":"purchasable","13":"product-type-variable","14":"has-default-attributes"},"_links":{"self":[{"href":"https:\/\/www.largepillow.com\/lv\/wp-json\/wp\/v2\/product\/15372","targetHints":{"allow":["GET"]}}],"collection":[{"href":"https:\/\/www.largepillow.com\/lv\/wp-json\/wp\/v2\/product"}],"about":[{"href":"https:\/\/www.largepillow.com\/lv\/wp-json\/wp\/v2\/types\/product"}],"replies":[{"embeddable":true,"href":"https:\/\/www.largepillow.com\/lv\/wp-json\/wp\/v2\/comments?post=15372"}],"wp:featuredmedia":[{"embeddable":true,"href":"https:\/\/www.largepillow.com\/lv\/wp-json\/wp\/v2\/media\/15392"}],"wp:attachment":[{"href":"https:\/\/www.largepillow.com\/lv\/wp-json\/wp\/v2\/media?parent=15372"}],"wp:term":[{"taxonomy":"product_brand","embeddable":true,"href":"https:\/\/www.largepillow.com\/lv\/wp-json\/wp\/v2\/product_brand?post=15372"},{"taxonomy":"product_cat","embeddable":true,"href":"https:\/\/www.largepillow.com\/lv\/wp-json\/wp\/v2\/product_cat?post=15372"},{"taxonomy":"product_tag","embeddable":true,"href":"https:\/\/www.largepillow.com\/lv\/wp-json\/wp\/v2\/product_tag?post=15372"}],"curies":[{"name":"wp","href":"https:\/\/api.w.org\/{rel}","templated":true}]}}