{"id":15408,"date":"2025-11-08T13:13:48","date_gmt":"2025-11-08T13:13:48","guid":{"rendered":"https:\/\/www.largepillow.com\/product\/oversized-bean-bag-chair-for-adults-high-back-corduroy-floor-sofa-lounger"},"modified":"2025-11-09T08:47:35","modified_gmt":"2025-11-09T08:47:35","slug":"liela-izmera-pupinu-maisa-kresls-pieaugusajiem-ar-augstu-atzveltni-samta-gridas-divans","status":"publish","type":"product","link":"https:\/\/www.largepillow.com\/lv\/product\/oversized-bean-bag-chair-for-adults-high-back-corduroy-floor-sofa-lounger\/","title":{"rendered":"Liela izm\u0113ra pupi\u0146u maisa kr\u0113sls pieaugu\u0161ajiem, augsta atzveltne, korduroja gr\u012bdas d\u012bv\u0101ns"},"content":{"rendered":"[zc_getpagecontent mb=&#8221;mb_aplus&#8221; apid=&#8221;149&#8243;]\n","protected":false},"excerpt":{"rendered":"<ul>\n<li>Pilna \u0137erme\u0146a komforts, liels dizains: \u0160is milz\u012bgais pufu d\u012bv\u0101ns ir pild\u012bts ar p\u016bkainu PP kokvilnu, nodro\u0161inot m\u0101ko\u0146iem l\u012bdz\u012bgu komfortu. T\u0101 ietilp\u012bgais 59 collu x 35 collu x 33 collu izm\u0113rs sniedz jums vietu, kur br\u012bvi s\u0113d\u0113t, izplesties vai pieglausties.<\/li>\n<li>Augsta atzveltne tr\u012bs pus\u0113s atbalstam un dro\u0161\u012bbai: Augsta atzveltne tr\u012bs pus\u0113s nodro\u0161ina atbalstu pleciem, rok\u0101m un mugurai, ietinot j\u016bs komforta kokon\u0101 un sniedzot dro\u0161\u012bbas saj\u016btu.<\/li>\n<li>M\u0101j\u012bga \u0123imenes atp\u016btas vieta: ide\u0101li piem\u0113rota filmu vakariem, sp\u0113\u013cu maratoniem vai nesteidz\u012bg\u0101m ned\u0113\u013cas nogal\u0113m. \u0160is pufs ir piem\u0113rots diviem pieaugu\u0161ajiem vai p\u0101rim ar b\u0113rniem, radot kop\u012bgu, m\u0101j\u012bgu atp\u016btas vietu.<\/li>\n<li>M\u012bksts, silts un iztur\u012bgs korduroja p\u0101rvalks: Izgatavots no augst\u0101k\u0101s kvalit\u0101tes korduroja auduma, kas ir m\u012bksts piesk\u0101rienam, draudz\u012bgs \u0101dai un iztur\u012bgs pret nodilumu. Tekst\u016bra pie\u0161\u0137ir j\u016bsu dz\u012bvojamajai telpai stil\u012bgu, siltu akcentu.<\/li>\n<li>Nav nepiecie\u0161ama salik\u0161ana, vienk\u0101r\u0161i uzp\u016bt un atp\u016bta: Iepakojums ir piln\u012bb\u0101 piepild\u012bts \u2013 izpakojiet, uzp\u016btiet, un viss ir gatavs. Lieliski piem\u0113rots viesistab\u0101m, gu\u013camistab\u0101m vai las\u012b\u0161anas st\u016br\u012b\u0161iem. (Neno\u0146emams p\u0101rvalks; tikai vietas t\u012br\u012b\u0161anai.)<\/li>\n<\/ul>","protected":false},"featured_media":15393,"comment_status":"open","ping_status":"closed","template":"","meta":[],"product_brand":[],"product_cat":[228],"product_tag":[],"class_list":{"0":"post-15408","1":"product","2":"type-product","3":"status-publish","4":"has-post-thumbnail","6":"product_cat-cushions","8":"first","9":"instock","10":"sold-individually","11":"shipping-taxable","12":"purchasable","13":"product-type-simple"},"_links":{"self":[{"href":"https:\/\/www.largepillow.com\/lv\/wp-json\/wp\/v2\/product\/15408","targetHints":{"allow":["GET"]}}],"collection":[{"href":"https:\/\/www.largepillow.com\/lv\/wp-json\/wp\/v2\/product"}],"about":[{"href":"https:\/\/www.largepillow.com\/lv\/wp-json\/wp\/v2\/types\/product"}],"replies":[{"embeddable":true,"href":"https:\/\/www.largepillow.com\/lv\/wp-json\/wp\/v2\/comments?post=15408"}],"wp:featuredmedia":[{"embeddable":true,"href":"https:\/\/www.largepillow.com\/lv\/wp-json\/wp\/v2\/media\/15393"}],"wp:attachment":[{"href":"https:\/\/www.largepillow.com\/lv\/wp-json\/wp\/v2\/media?parent=15408"}],"wp:term":[{"taxonomy":"product_brand","embeddable":true,"href":"https:\/\/www.largepillow.com\/lv\/wp-json\/wp\/v2\/product_brand?post=15408"},{"taxonomy":"product_cat","embeddable":true,"href":"https:\/\/www.largepillow.com\/lv\/wp-json\/wp\/v2\/product_cat?post=15408"},{"taxonomy":"product_tag","embeddable":true,"href":"https:\/\/www.largepillow.com\/lv\/wp-json\/wp\/v2\/product_tag?post=15408"}],"curies":[{"name":"wp","href":"https:\/\/api.w.org\/{rel}","templated":true}]}}