{"id":156,"date":"2022-09-15T06:26:18","date_gmt":"2022-09-15T06:26:18","guid":{"rendered":"https:\/\/www.largepillow.com\/product\/daybed-wedge-pillow"},"modified":"2025-11-05T02:15:25","modified_gmt":"2025-11-05T02:15:25","slug":"gultas-spilvens","status":"publish","type":"product","link":"https:\/\/www.largepillow.com\/lv\/product\/bed-bolster-pillow","title":{"rendered":"Gultas spilvens"},"content":{"rendered":"<p>Atkl\u0101jiet maksim\u0101lu komfortu ar gultas polstera spilvenu<\/p>\n<p>Apnicis gr\u016bti iek\u0101rtoties gult\u0101, lasot vai skatoties televizoru? Iepaz\u012bstin\u0101m ar revolucion\u0101ro gultas spilvenu Bed Bolster Pillow \u2014 daudzfunkcion\u0101lo 3\u00a0vien\u0101 spilvenu, kas pirms gul\u0113tie\u0161anas pace\u013c relaks\u0101ciju jaun\u0101 l\u012bmen\u012b. <\/p>\n<p>\u0160is tr\u012bsst\u016brveida spilvens ir izgatavots no augst\u0101k\u0101s kvalit\u0101tes materi\u0101liem un nodro\u0161ina ergonomisku jostasvietas atbalstu, kas perfekti piel\u0101gojas mugurai un viduklim. Elpojo\u0161ais poliestera p\u0101rvalks un elast\u012bgais iek\u0161\u0113jais spilvens nodro\u0161ina tie\u0161i tik daudz elast\u012bbas, lai stund\u0101m ilgi var\u0113tu justies \u0113rti bez spriedzes. <\/p>\n<p>Klientiem pat\u012bk, cik daudzpus\u012bgs ir gultas polster\u0113juma spilvens:<\/p>\n<p>\u201cEs savu vertik\u0101lo spilvenu izmantoju k\u0101 atzveltni, s\u0113\u017eot gult\u0101. Tas ir daudz lab\u0101k nek\u0101 moc\u012bties ar plakaniem spilveniem, kas visu laiku sl\u012bd uz leju.\u201d<\/p>\n<p>\u201c\u0160is \u0137\u012b\u013cveida spilvens ir fantastisks. Es gu\u013cu uz s\u0101niem, un t\u0101 novieto\u0161ana zem k\u0101j\u0101m ir lieliski pal\u012bdz\u0113jusi mazin\u0101t manas muguras s\u0101pes.\u201d  <\/p>\n<p>\u201cMan pat\u012bk to izmantot k\u0101 mazu d\u012bv\u0101na spilvenu. Tas ir ide\u0101ls izm\u0113rs, lai m\u0113s ar meitu var\u0113tu sam\u012b\u013coties un kop\u0101 las\u012bt.\u201d<\/p>\n<p>Ar izm\u0113riem no 45 cm l\u012bdz pat ietilp\u012bgam 200 cm, Bed Bolster spilvens ir piem\u0113rots jebkam, s\u0101kot no person\u012bg\u0101m vajadz\u012bb\u0101m l\u012bdz gul\u0113\u0161anai kop\u0101 ar partneri. \u0112rt\u0101s s\u0101nu kabatas nodro\u0161ina vietu gr\u0101matu, t\u0101lvad\u012bbas pult\u012b\u0161u, t\u0101lru\u0146u un citu lietu glab\u0101\u0161anai, savuk\u0101rt no\u0146emamais p\u0101rvalks ar r\u0101v\u0113jsl\u0113dz\u0113ju ir viegli mazg\u0101jams. <\/p>\n<p>Paaugstiniet savu relaks\u0101cijas l\u012bmeni ar vienu spilvenu, kas dara visu. Atnesiet m\u0101j\u0101s Bed Bolster spilvenu un atkl\u0101jiet maksim\u0101lu komfortu jau \u0161odien!<\/p>","protected":false},"excerpt":{"rendered":"<ul>\n<li><strong>Maksim\u0101ls komforts:<\/strong> \u0160is galvga\u013ca spilvens pied\u0101v\u0101 izcilu komfortu, pateicoties t\u0101 tr\u012bsst\u016brveida formas dizainam. Gultas atbalsta spilvens labi piegu\u013c mugurai un viduklim, samazinot jostasvietas\/muguras spiedienu. \u0160is \u0137\u012b\u013cveida las\u012b\u0161anas spilvens var pal\u012bdz\u0113t jums saglab\u0101t sasprindzin\u0101jumu gult\u0101 vai d\u012bv\u0101n\u0101, kas ir ide\u0101li piem\u0113rots naktsputniem, gr\u0101matu t\u0101rpiem un televizora skat\u012b\u0161anai gult\u0101. \u0160is \u012bpa\u0161i lielais \u0137\u012b\u013cveida galvga\u013ca spilvens ir vien\u012bgais \u0137\u012b\u013cveida galvga\u013ca spilvens, kas var uz\u0146emt divas personas.<\/li>\n<li><strong>3 vien\u0101 liels polster\u0113juma spilvens:<\/strong> Spilvenu var izmantot vertik\u0101li k\u0101 muguras atbalsta galvgali, s\u0113\u017eot gult\u0101, vai ar\u012b nolikt to plakani uz gultas, lai izmantotu to k\u0101 lielu \u0137\u012b\u013cveida spilvenu, gu\u013cot uz muguras vai s\u0101niem, vai k\u0101 k\u0101ju spilvenu, lai paceltu k\u0101jas. Ja v\u0113laties lielu galvga\u013ca spilvenu, kas nodro\u0161ina atbalstu gan jums, gan j\u016bsu dz\u012bvesbiedram, t\u0101 ir lieliska alternat\u012bva.<\/li>\n<li><strong>Daudzfunkcion\u0101ls dizains:<\/strong> Da\u017ei cilv\u0113ki izmanto tr\u012bsst\u016brveida lielo spilvenu k\u0101 galvga\u013ca spilvenu, bet citi to izmanto k\u0101 bufera spilvenu, to var izmantot ar\u012b k\u0101 d\u012bv\u0101na vai dienas gultas atzveltnes spilvenu. Tas ir gan stil\u012bgs, gan funkcion\u0101ls, padarot to par lielisku papildin\u0101jumu jebkurai gu\u013camistabai.<\/li>\n<li><strong>Izcila meistar\u012bba:<\/strong> Spilvendr\u0101na ir veidota no korduroja imit\u0101cijas, un t\u0101s sast\u0101vs ir 100% poliesters. M\u016bsu galvga\u013ca spilvens ir elpojo\u0161s un pietiekami \u0113rts, lai saglab\u0101tu savu formu un laika gait\u0101 to nezaud\u0113tu. Katr\u0101 pus\u0113 ir s\u0101nu kabata, kur\u0101 var ievietot gr\u0101matu vai t\u0101lruni.<\/li>\n<li><strong>Viegli mazg\u0101jams:<\/strong> Las\u012b\u0161anas spilvena p\u0101rvalks ir piestiprin\u0101ts pie spilvena ar pog\u0101m un ir viegli no\u0146emams ar vienk\u0101r\u0161u r\u0101v\u0113jsl\u0113dz\u0113ju. Tas padara t\u0101 t\u012br\u012b\u0161anu vienk\u0101r\u0161u. Vienk\u0101r\u0161i no\u0146emiet p\u0101rvalku un \u0101tri izmazg\u0101jiet to ve\u013cas ma\u0161\u012bn\u0101, lai spilvens izskat\u012btos k\u0101 jauns.<\/li>\n<li><strong>Izm\u0113rs:<\/strong> 45 cm (G45 x P20 x A50 | 0 pogas), 60 cm (G60 x P20 x A50 | 0 pogas), 80 cm (G80 x P20 x A50 | 2 pogas), 100 cm (G100 x P20 x A50 | 3 pogas), 120 cm (G120 x P20 x A50 | 4 pogas), 140 cm (G140 x P20 x A50 | 4 pogas), 160 cm (G160 x P20 x A50 | 5 pogas), 180 cm (G180 x P20 x A50 | 6 pogas), 200 cm (G200 x P20 x A50 | 7 pogas).<\/li>\n<\/ul>","protected":false},"featured_media":137,"comment_status":"open","ping_status":"closed","template":"","meta":[],"product_brand":[],"product_cat":[15],"product_tag":[66,225,195,206,218,102,75,168,154,199,163,59],"class_list":{"0":"post-156","1":"product","2":"type-product","3":"status-publish","4":"has-post-thumbnail","6":"product_cat-large-wedge-pillow","7":"product_tag-back-support-pillow","8":"product_tag-bed-bolster-pillow","9":"product_tag-brown-pillow","10":"product_tag-bumper-pillow","11":"product_tag-corduroy-pillow","12":"product_tag-couch-pillow","13":"product_tag-daybed-pillow","14":"product_tag-headboard-pillow","15":"product_tag-large-body-pillow","16":"product_tag-large-wedge-pillow","17":"product_tag-leg-pillow","18":"product_tag-reading-pillow","20":"first","21":"instock","22":"featured","23":"shipping-taxable","24":"purchasable","25":"product-type-variable"},"_links":{"self":[{"href":"https:\/\/www.largepillow.com\/lv\/wp-json\/wp\/v2\/product\/156","targetHints":{"allow":["GET"]}}],"collection":[{"href":"https:\/\/www.largepillow.com\/lv\/wp-json\/wp\/v2\/product"}],"about":[{"href":"https:\/\/www.largepillow.com\/lv\/wp-json\/wp\/v2\/types\/product"}],"replies":[{"embeddable":true,"href":"https:\/\/www.largepillow.com\/lv\/wp-json\/wp\/v2\/comments?post=156"}],"wp:featuredmedia":[{"embeddable":true,"href":"https:\/\/www.largepillow.com\/lv\/wp-json\/wp\/v2\/media\/137"}],"wp:attachment":[{"href":"https:\/\/www.largepillow.com\/lv\/wp-json\/wp\/v2\/media?parent=156"}],"wp:term":[{"taxonomy":"product_brand","embeddable":true,"href":"https:\/\/www.largepillow.com\/lv\/wp-json\/wp\/v2\/product_brand?post=156"},{"taxonomy":"product_cat","embeddable":true,"href":"https:\/\/www.largepillow.com\/lv\/wp-json\/wp\/v2\/product_cat?post=156"},{"taxonomy":"product_tag","embeddable":true,"href":"https:\/\/www.largepillow.com\/lv\/wp-json\/wp\/v2\/product_tag?post=156"}],"curies":[{"name":"wp","href":"https:\/\/api.w.org\/{rel}","templated":true}]}}