{"id":16467,"date":"2026-02-08T03:00:06","date_gmt":"2026-02-08T03:00:06","guid":{"rendered":"https:\/\/www.largepillow.com\/product\/contemporary-ottoman-cube-multi-purpose-footstool-and-seating-pouf-stone-texture"},"modified":"2026-02-11T02:58:28","modified_gmt":"2026-02-11T02:58:28","slug":"musdienigs-ottoman-kuba-daudzfunkcionals-kaju-balsts-un-sedvietu-pufs-ar-akmens-teksturu","status":"publish","type":"product","link":"https:\/\/www.largepillow.com\/lv\/product\/contemporary-ottoman-cube-multi-purpose-footstool-and-seating-pouf-stone-texture","title":{"rendered":"M\u016bsdien\u012bgs kuba formas daudzfunkcion\u0101ls k\u0101ju balsts un s\u0113dvietu pufs (akmens tekst\u016bra)"},"content":{"rendered":"<p>P\u0101rveidojiet savu dz\u012bvojamo telpu ar \u0161o daudzpus\u012bgo un stil\u012bgo kuba formas pufu, kas kalpo gan k\u0101 funkcion\u0101ls k\u0101ju balsts, gan dekorat\u012bvs akcenta elements. Ar satrieco\u0161iem rakstiem, kas rada greznu, dabisku est\u0113tiku, \u0161\u012b pufa izm\u0113ri ir 55 x 55 x 40 cm (22 x 22 x 17 collas) \u2013 ide\u0101li piem\u0113rots jebkurai telpai. Kuba dizains demonstr\u0113 sare\u017e\u0123\u012btus, virpu\u013cojo\u0161us rakstus pies\u0101tin\u0101tos br\u016bnos un zeltainos to\u0146os, padarot katru gabalu unik\u0101li at\u0161\u0137ir\u012bgu. Izgatavots ar augstas kvalit\u0101tes putu polster\u0113jumu, tas nodro\u0161ina \u0113rtu atbalstu neatkar\u012bgi no t\u0101, vai to izmanto k\u0101 k\u0101ju balstu, papildu s\u0113dvietu vai s\u0101nu galdi\u0146u. Modernais dizains viegli papildina da\u017e\u0101dus interjera stilus, s\u0101kot no m\u016bsdien\u012bga l\u012bdz rustik\u0101lam. Iev\u0113rojamais izm\u0113rs padara to par ide\u0101lu izv\u0113li gan praktiskai lieto\u0161anai, gan k\u0101 akcenta elementu j\u016bsu m\u0101jas dekor\u0101. Pieejams da\u017e\u0101dos rakstos, ar iesp\u0113j\u0101m piel\u0101got dizainu, lai tas atbilstu j\u016bsu \u012bpa\u0161aj\u0101m est\u0113tiskaj\u0101m vajadz\u012bb\u0101m. Daudzpus\u012bgais augstums un iztur\u012bg\u0101 konstrukcija nodro\u0161ina, ka \u0161o pufu var izmantot vair\u0101kiem m\u0113r\u0137iem, s\u0101kot no \u0113rta k\u0101ju balsta l\u012bdz improviz\u0113tam kafijas galdi\u0146am vai papildu s\u0113dviet\u0101m viesu uz\u0146em\u0161anai.<\/p>","protected":false},"excerpt":{"rendered":"<ul>\n<li>Daudzpus\u012bgs dizains: moderns kuba formas pufs, kas kalpo k\u0101 k\u0101ju balsts, papildu s\u0113dvieta vai dekorat\u012bvs akcenta elements ar p\u0101rsteidzo\u0161u \u0161\u0137iedru rakstu.<\/li>\n<li>Premium izm\u0113rs: izm\u0113ri 55 * 55 * 40 cm (22 x 22 x 17 collas), ide\u0101li piem\u0113roti viesistab\u0101m, gu\u013camistab\u0101m vai jebkurai citai telpai, kurai nepiecie\u0161ama stil\u012bga funkcionalit\u0101te.<\/li>\n<li>Piel\u0101gotas opcijas: Pieejams da\u017e\u0101dos mode\u013cos ar iesp\u0113ju piel\u0101got priv\u0101tus mode\u013cus, lai tie atbilstu j\u016bsu unik\u0101laj\u0101m interjera dizaina vajadz\u012bb\u0101m.<\/li>\n<li>\u0112rts atbalsts: Izgatavots ar augstas kvalit\u0101tes putu polster\u0113jumu optim\u0101lam komfortam un iztur\u012bbai, vienlaikus saglab\u0101jot savu formu.<\/li>\n<li>Izteiksm\u012bgs elements: at\u0161\u0137ir\u012bgs to\u0146u raksts rada uzman\u012bbu piesaisto\u0161u akcentu jebkuras telpas dekor\u0101.<\/li>\n<\/ul>","protected":false},"featured_media":16460,"comment_status":"open","ping_status":"closed","template":"","meta":[],"product_brand":[],"product_cat":[228],"product_tag":[],"class_list":{"0":"post-16467","1":"product","2":"type-product","3":"status-publish","4":"has-post-thumbnail","6":"product_cat-cushions","8":"first","9":"instock","10":"shipping-taxable","11":"purchasable","12":"product-type-simple"},"_links":{"self":[{"href":"https:\/\/www.largepillow.com\/lv\/wp-json\/wp\/v2\/product\/16467","targetHints":{"allow":["GET"]}}],"collection":[{"href":"https:\/\/www.largepillow.com\/lv\/wp-json\/wp\/v2\/product"}],"about":[{"href":"https:\/\/www.largepillow.com\/lv\/wp-json\/wp\/v2\/types\/product"}],"replies":[{"embeddable":true,"href":"https:\/\/www.largepillow.com\/lv\/wp-json\/wp\/v2\/comments?post=16467"}],"wp:featuredmedia":[{"embeddable":true,"href":"https:\/\/www.largepillow.com\/lv\/wp-json\/wp\/v2\/media\/16460"}],"wp:attachment":[{"href":"https:\/\/www.largepillow.com\/lv\/wp-json\/wp\/v2\/media?parent=16467"}],"wp:term":[{"taxonomy":"product_brand","embeddable":true,"href":"https:\/\/www.largepillow.com\/lv\/wp-json\/wp\/v2\/product_brand?post=16467"},{"taxonomy":"product_cat","embeddable":true,"href":"https:\/\/www.largepillow.com\/lv\/wp-json\/wp\/v2\/product_cat?post=16467"},{"taxonomy":"product_tag","embeddable":true,"href":"https:\/\/www.largepillow.com\/lv\/wp-json\/wp\/v2\/product_tag?post=16467"}],"curies":[{"name":"wp","href":"https:\/\/api.w.org\/{rel}","templated":true}]}}