{"id":16475,"date":"2026-02-08T03:05:13","date_gmt":"2026-02-08T03:05:13","guid":{"rendered":"https:\/\/www.largepillow.com\/product\/decorative-modern-ottoman-cube-foot-stool-for-home-accent-seating-red-brick"},"modified":"2026-02-11T02:58:28","modified_gmt":"2026-02-11T02:58:28","slug":"decorative-modern-ottoman-cube-foot-stool-for-home-accent-seating-red-brick","status":"publish","type":"product","link":"https:\/\/www.largepillow.com\/lv\/product\/decorative-modern-ottoman-cube-foot-stool-for-home-accent-seating-red-brick","title":{"rendered":"Dekorat\u012bvs moderns Osma\u0146u kuba formas k\u0101ju kr\u0113sls m\u0101jas akcentu s\u0113dviet\u0101m (sarkans \u0137ie\u0123elis)"},"content":{"rendered":"<p>\u0160\u012b modern\u0101 kuba formas pufa izm\u0113ri ir aptuveni 55 x 55 x 40 cm (22 collas garums x 22 collas platums x 17 collas augstums). \u0160is kuba formas pufs pie\u0161\u0137ir jums re\u0101listisk\u0101ku izskatu. \u0160is pufs nav tikai k\u0101ju balsts, to var izmantot k\u0101 s\u0113dekli, kafijas galdi\u0146u, mazu galdi\u0146u vai naktsgaldi\u0146u, tas var sniegt jauku \u0113rt\u012bbu j\u016bsu ikdienas dz\u012bv\u0113, padarot to par daudzfunkcion\u0101lu akcenta elementu, kas piel\u0101gojas j\u016bsu dz\u012bves telpas vajadz\u012bb\u0101m.<\/p>","protected":false},"excerpt":{"rendered":"<ul>\n<li>Daudzpus\u012bgs dizains: moderns kuba formas pufs, kas kalpo k\u0101 k\u0101ju balsts, papildu s\u0113dvieta vai dekorat\u012bvs akcenta elements ar p\u0101rsteidzo\u0161u \u0161\u0137iedru rakstu.<\/li>\n<li>Premium izm\u0113rs: izm\u0113ri 55 * 55 * 40 cm (22 x 22 x 17 collas), ide\u0101li piem\u0113roti viesistab\u0101m, gu\u013camistab\u0101m vai jebkurai citai telpai, kurai nepiecie\u0161ama stil\u012bga funkcionalit\u0101te.<\/li>\n<li>\u0112rts atbalsts: Izgatavots ar augstas kvalit\u0101tes putu polster\u0113jumu optim\u0101lam komfortam un iztur\u012bbai, vienlaikus saglab\u0101jot savu formu.<\/li>\n<li>Izteiksm\u012bgs elements: at\u0161\u0137ir\u012bgs to\u0146u raksts rada uzman\u012bbu piesaisto\u0161u akcentu jebkuras telpas dekor\u0101.<\/li>\n<\/ul>","protected":false},"featured_media":16468,"comment_status":"open","ping_status":"closed","template":"","meta":[],"product_brand":[],"product_cat":[228],"product_tag":[],"class_list":{"0":"post-16475","1":"product","2":"type-product","3":"status-publish","4":"has-post-thumbnail","6":"product_cat-cushions","8":"first","9":"instock","10":"shipping-taxable","11":"purchasable","12":"product-type-simple"},"_links":{"self":[{"href":"https:\/\/www.largepillow.com\/lv\/wp-json\/wp\/v2\/product\/16475","targetHints":{"allow":["GET"]}}],"collection":[{"href":"https:\/\/www.largepillow.com\/lv\/wp-json\/wp\/v2\/product"}],"about":[{"href":"https:\/\/www.largepillow.com\/lv\/wp-json\/wp\/v2\/types\/product"}],"replies":[{"embeddable":true,"href":"https:\/\/www.largepillow.com\/lv\/wp-json\/wp\/v2\/comments?post=16475"}],"wp:featuredmedia":[{"embeddable":true,"href":"https:\/\/www.largepillow.com\/lv\/wp-json\/wp\/v2\/media\/16468"}],"wp:attachment":[{"href":"https:\/\/www.largepillow.com\/lv\/wp-json\/wp\/v2\/media?parent=16475"}],"wp:term":[{"taxonomy":"product_brand","embeddable":true,"href":"https:\/\/www.largepillow.com\/lv\/wp-json\/wp\/v2\/product_brand?post=16475"},{"taxonomy":"product_cat","embeddable":true,"href":"https:\/\/www.largepillow.com\/lv\/wp-json\/wp\/v2\/product_cat?post=16475"},{"taxonomy":"product_tag","embeddable":true,"href":"https:\/\/www.largepillow.com\/lv\/wp-json\/wp\/v2\/product_tag?post=16475"}],"curies":[{"name":"wp","href":"https:\/\/api.w.org\/{rel}","templated":true}]}}