{"id":16523,"date":"2026-02-08T03:33:34","date_gmt":"2026-02-08T03:33:34","guid":{"rendered":"https:\/\/www.largepillow.com\/product\/multi-functional-ottoman-pouf-cube-footstool-for-home-decor-colorful-flooring"},"modified":"2026-02-11T02:58:28","modified_gmt":"2026-02-11T02:58:28","slug":"daudzfunkcionals-osmanu-pufa-kuba-kaju-balsts-majas-dekoram-krasains-gridas-segums","status":"publish","type":"product","link":"https:\/\/www.largepillow.com\/lv\/product\/multi-functional-ottoman-pouf-cube-footstool-for-home-decor-colorful-flooring","title":{"rendered":"Daudzfunkcion\u0101ls pufs-osma\u0146u form\u0101 \u2013 kuba formas k\u0101ju balsts m\u0101jas dekoram (kr\u0101sains gr\u012bdas segums)"},"content":{"rendered":"<p>P\u0101rveidojiet savu dz\u012bvojamo telpu ar \u0161o daudzpus\u012bgo un stil\u012bgo kuba formas pufu, kas kalpo gan k\u0101 funkcion\u0101ls k\u0101ju balsts, gan dekorat\u012bvs akcenta elements. Ar satrieco\u0161iem koka imit\u0101cijas rakstiem, kas rada greznu, dabisku est\u0113tiku, \u0161\u012b pufa izm\u0113ri ir 55 x 55 x 40 cm (22 x 22 x 17 collas) \u2013 ide\u0101li piem\u0113rots jebkurai telpai. Kuba dizains demonstr\u0113 sare\u017e\u0123\u012btus, virpu\u013cojo\u0161us rakstus pies\u0101tin\u0101tos br\u016bnos un zeltainos to\u0146os, padarot katru gabalu unik\u0101li at\u0161\u0137ir\u012bgu. Izgatavots ar augstas kvalit\u0101tes putu polster\u0113jumu, tas nodro\u0161ina \u0113rtu atbalstu neatkar\u012bgi no t\u0101, vai to izmanto k\u0101 k\u0101ju balstu, papildu s\u0113dvietu vai s\u0101nu galdi\u0146u. Modernais dizains viegli papildina da\u017e\u0101dus interjera stilus, s\u0101kot no m\u016bsdien\u012bga l\u012bdz rustik\u0101lam. Iev\u0113rojamais izm\u0113rs padara to par ide\u0101lu izv\u0113li gan praktiskai lieto\u0161anai, gan k\u0101 akcenta elementu j\u016bsu m\u0101jas dekor\u0101. Pieejams da\u017e\u0101dos rakstos, ar iesp\u0113j\u0101m piel\u0101got dizainu, lai tas atbilstu j\u016bsu \u012bpa\u0161aj\u0101m est\u0113tiskaj\u0101m vajadz\u012bb\u0101m. Daudzpus\u012bgais augstums un iztur\u012bg\u0101 konstrukcija nodro\u0161ina, ka \u0161o pufu var izmantot vair\u0101kiem m\u0113r\u0137iem, s\u0101kot no \u0113rta k\u0101ju balsta l\u012bdz improviz\u0113tam kafijas galdi\u0146am vai papildu s\u0113dviet\u0101m viesu uz\u0146em\u0161anai.<\/p>","protected":false},"excerpt":{"rendered":"<ul>\n<li>Daudzpus\u012bgs dizains: moderna kuba formas pufa forma, kas kalpo k\u0101 k\u0101ju balsts, papildu s\u0113dvieta vai dekorat\u012bvs akcenta elements ar p\u0101rsteidzo\u0161u koka tekst\u016bras rakstu.<\/li>\n<li>Premium izm\u0113rs: izm\u0113ri 55 * 55 * 40 cm (22 x 22 x 17 collas), ide\u0101li piem\u0113roti viesistab\u0101m, gu\u013camistab\u0101m vai jebkurai citai telpai, kurai nepiecie\u0161ama stil\u012bga funkcionalit\u0101te.<\/li>\n<li>Piel\u0101gotas opcijas: Pieejams da\u017e\u0101dos mode\u013cos ar iesp\u0113ju piel\u0101got priv\u0101tus mode\u013cus, lai tie atbilstu j\u016bsu unik\u0101laj\u0101m interjera dizaina vajadz\u012bb\u0101m.<\/li>\n<li>\u0112rts atbalsts: Izgatavots ar augstas kvalit\u0101tes putu polster\u0113jumu optim\u0101lam komfortam un iztur\u012bbai, vienlaikus saglab\u0101jot savu formu.<\/li>\n<li>Izteiksm\u012bgs elements: at\u0161\u0137ir\u012bgs koksnes imit\u0101cijas raksts tum\u0161os un gai\u0161os to\u0146os rada uzman\u012bbu piesaisto\u0161u akcentu jebkuras telpas dekor\u0101.<\/li>\n<\/ul>","protected":false},"featured_media":16516,"comment_status":"open","ping_status":"closed","template":"","meta":[],"product_brand":[],"product_cat":[228],"product_tag":[],"class_list":{"0":"post-16523","1":"product","2":"type-product","3":"status-publish","4":"has-post-thumbnail","6":"product_cat-cushions","8":"first","9":"instock","10":"shipping-taxable","11":"purchasable","12":"product-type-simple"},"_links":{"self":[{"href":"https:\/\/www.largepillow.com\/lv\/wp-json\/wp\/v2\/product\/16523","targetHints":{"allow":["GET"]}}],"collection":[{"href":"https:\/\/www.largepillow.com\/lv\/wp-json\/wp\/v2\/product"}],"about":[{"href":"https:\/\/www.largepillow.com\/lv\/wp-json\/wp\/v2\/types\/product"}],"replies":[{"embeddable":true,"href":"https:\/\/www.largepillow.com\/lv\/wp-json\/wp\/v2\/comments?post=16523"}],"wp:featuredmedia":[{"embeddable":true,"href":"https:\/\/www.largepillow.com\/lv\/wp-json\/wp\/v2\/media\/16516"}],"wp:attachment":[{"href":"https:\/\/www.largepillow.com\/lv\/wp-json\/wp\/v2\/media?parent=16523"}],"wp:term":[{"taxonomy":"product_brand","embeddable":true,"href":"https:\/\/www.largepillow.com\/lv\/wp-json\/wp\/v2\/product_brand?post=16523"},{"taxonomy":"product_cat","embeddable":true,"href":"https:\/\/www.largepillow.com\/lv\/wp-json\/wp\/v2\/product_cat?post=16523"},{"taxonomy":"product_tag","embeddable":true,"href":"https:\/\/www.largepillow.com\/lv\/wp-json\/wp\/v2\/product_tag?post=16523"}],"curies":[{"name":"wp","href":"https:\/\/api.w.org\/{rel}","templated":true}]}}