{"id":16552,"date":"2026-02-08T07:50:38","date_gmt":"2026-02-08T07:50:38","guid":{"rendered":"https:\/\/www.largepillow.com\/product\/convertible-modular-floor-sofa-floor-pillow-couch-lounge-chair-for-home"},"modified":"2026-02-11T02:58:33","modified_gmt":"2026-02-11T02:58:33","slug":"parveidojams-modulars-gridas-divans-gridas-spilvena-divans-atputas-kresls-majam","status":"publish","type":"product","link":"https:\/\/www.largepillow.com\/lv\/product\/convertible-modular-floor-sofa-floor-pillow-couch-lounge-chair-for-home","title":{"rendered":"P\u0101rveidojams modul\u0101rs gr\u012bdas d\u012bv\u0101ns, gr\u012bdas spilvenu d\u012bv\u0101ns, atp\u016btas kr\u0113sls m\u0101j\u0101m"},"content":{"rendered":"[zc_getpagecontent mb=&#8221;mb_aplus&#8221; apid=&#8221;156&#8243;]\n","protected":false},"excerpt":{"rendered":"<ul>\n<li>Modul\u0101rs un vietu taupo\u0161s dizains: \u0160aj\u0101 4 da\u013cu gr\u012bdas d\u012bv\u0101nu komplekt\u0101 ietilpst 2 lieli s\u0113dek\u013ca spilveni un 2 atzveltnes \u2014 r\u0101mis nav nepiecie\u0161ams! Varat tos br\u012bvi kombin\u0113t k\u0101 gr\u012bdas d\u012bv\u0101nu pie sienas, izmantot k\u0101 lielus gr\u012bdas spilvenus vai p\u0101rveidot par atp\u016btas kr\u0113slu, d\u012bv\u0101nu sekciju vai ikdienas s\u0113dvietu atbilsto\u0161i savai telpai. Lieliski piem\u0113rots maziem dz\u012bvok\u013ciem, kopm\u012btn\u0113m vai m\u0101j\u012bgiem st\u016briem, tas ietaupa vietu, vienlaikus pied\u0101v\u0101jot maksim\u0101lu komfortu.<\/li>\n<li>Iedvesmojoties no grauzdi\u0146iem, rad\u012bts komfortam: Iedvesmojoties no svaigi ceptu grauzdi\u0146u m\u012bkst\u0101s, zeltain\u0101s tekst\u016bras, \u0161im gr\u012bdas d\u012bv\u0101nam ir silta b\u0113\u0161a-zelta kr\u0101sa un \u012bpa\u0161i m\u012bksts pild\u012bjums. Tikl\u012bdz aps\u0113d\u012bsieties, jut\u012bsieties k\u0101 grimstot relaks\u0101cijas m\u0101kon\u012b \u2013 ide\u0101li piem\u0113rots mier\u012bgas, m\u0101j\u012bgas atmosf\u0113ras rad\u012b\u0161anai jebkur\u0101 telp\u0101.<\/li>\n<li>Divpus\u0113ji main\u0101mas kr\u0101sas un augst\u0101k\u0101s kvalit\u0101tes audums: Divkr\u0101su divpus\u0113jie p\u0101rvalki (oran\u017es un b\u0113\u0161s) ir izgatavoti no m\u012bksta holandie\u0161u samta, nodro\u0161inot divus stil\u012bgus izskatus un m\u0101j\u012bgu piesk\u0101rienu, kas piest\u0101v j\u016bsu interjeram.<\/li>\n<li>M\u0101ko\u0146iem l\u012bdz\u012bgs, atbalsto\u0161s komforts: Katrs spilvens ir bag\u0101t\u012bgi pild\u012bts ar p\u016bkainu PP kokvilnu, kas nodro\u0161ina biezu, atbalsto\u0161u polster\u0113jumu un lielisku amortiz\u0101ciju. Neatkar\u012bgi no t\u0101, vai las\u0101t, sp\u0113l\u0113jat sp\u0113les, gu\u013cat vai atp\u016b\u0161aties, \u0161is gr\u012bdas d\u012bv\u0101ns nodro\u0161ina maksim\u0101lu komfortu zemes l\u012bmen\u012b.<\/li>\n<li>Elast\u012bgs un p\u0101rn\u0113s\u0101jams: Viegls dizains ar sl\u0113ptiem rokturiem atvieglo p\u0101rvieto\u0161anu un p\u0101rveido\u0161anu. Modul\u0101rie spilveni iedvesmo rado\u0161umu un elast\u012bbu j\u016bsu dz\u012bvojam\u0101 telp\u0101.<\/li>\n<li>Vienk\u0101r\u0161a kop\u0161ana un uzst\u0101d\u012b\u0161ana: Komplekt\u0101 iek\u013cauti no\u0146emami, mazg\u0101jami p\u0101rvalki \u0113rtai t\u012br\u012b\u0161anai. Komplekts tiek pieg\u0101d\u0101ts vakuum\u0101 iepakots divos atsevi\u0161\u0137os iepakojumos; p\u0113c izpako\u0161anas \u013caujiet tam piln\u012bb\u0101 izplesties 24\u201372 stundas, lai izbaud\u012btu t\u0101 patieso m\u012bkstumu.<\/li>\n<\/ul>","protected":false},"featured_media":16535,"comment_status":"open","ping_status":"closed","template":"","meta":[],"product_brand":[],"product_cat":[228],"product_tag":[],"class_list":{"0":"post-16552","1":"product","2":"type-product","3":"status-publish","4":"has-post-thumbnail","6":"product_cat-cushions","8":"first","9":"outofstock","10":"sold-individually","11":"shipping-taxable","12":"purchasable","13":"product-type-simple"},"_links":{"self":[{"href":"https:\/\/www.largepillow.com\/lv\/wp-json\/wp\/v2\/product\/16552","targetHints":{"allow":["GET"]}}],"collection":[{"href":"https:\/\/www.largepillow.com\/lv\/wp-json\/wp\/v2\/product"}],"about":[{"href":"https:\/\/www.largepillow.com\/lv\/wp-json\/wp\/v2\/types\/product"}],"replies":[{"embeddable":true,"href":"https:\/\/www.largepillow.com\/lv\/wp-json\/wp\/v2\/comments?post=16552"}],"wp:featuredmedia":[{"embeddable":true,"href":"https:\/\/www.largepillow.com\/lv\/wp-json\/wp\/v2\/media\/16535"}],"wp:attachment":[{"href":"https:\/\/www.largepillow.com\/lv\/wp-json\/wp\/v2\/media?parent=16552"}],"wp:term":[{"taxonomy":"product_brand","embeddable":true,"href":"https:\/\/www.largepillow.com\/lv\/wp-json\/wp\/v2\/product_brand?post=16552"},{"taxonomy":"product_cat","embeddable":true,"href":"https:\/\/www.largepillow.com\/lv\/wp-json\/wp\/v2\/product_cat?post=16552"},{"taxonomy":"product_tag","embeddable":true,"href":"https:\/\/www.largepillow.com\/lv\/wp-json\/wp\/v2\/product_tag?post=16552"}],"curies":[{"name":"wp","href":"https:\/\/api.w.org\/{rel}","templated":true}]}}