{"id":3243,"date":"2024-07-22T11:29:58","date_gmt":"2024-07-22T11:29:58","guid":{"rendered":"https:\/\/www.largepillow.com\/product\/u-shaped-side-sleeper-pillow-with-arm-hole-for-pain-relief"},"modified":"2026-03-05T22:26:27","modified_gmt":"2026-03-05T22:26:27","slug":"u-veida-spilvens-gulesanai-uz-saniem-ar-roku-atveri-sapju-mazinasanai","status":"publish","type":"product","link":"https:\/\/www.largepillow.com\/lv\/product\/u-shaped-side-sleeper-pillow-with-arm-hole-for-pain-relief","title":{"rendered":"U-veida s\u0101nu gul\u0113t\u0101ja spilvens ar roku atveri s\u0101pju mazin\u0101\u0161anai"},"content":{"rendered":"[zc_getpagecontent mb=&#8221;mb_aplus&#8221; apid=&#8221;67&#8243;]\nSide Sleeper Pillow with arm Hole for Adults, Large U-Shaped Shoulder Pillow Body Pillow for Neck and Shoulder Pain Relief, Acid Reflux and GERD Pillow, Ergonomic Support Pillows<\/p>\n","protected":false},"excerpt":{"rendered":"<ul>\n<li><strong>2-in-1 Wedge Pillow Set:<\/strong> The side sleeper pillow set includes a triangle pillow wedge and a half-moon pillow, the side sleeper pillow is 116 x 76 x 30 cm in length width height. U shaped body pillow design replaces other small pillows in your bed. This U shaped body pillow following your body contour shaped that helping support your body such as back, belly, hips and knee.<\/li>\n<li><strong>Kvalitat\u012bvs materi\u0101ls:<\/strong> The side sleeping pillow adopts quality short plush fabric, an excellent choice for a side-sleeping pillow due to its softness and durability. Its short fibers make it feel cozy and comfortable against the skin, while its tight weave provides excellent support for the head and neck. Cover is machine washable.<\/li>\n<li><strong>Arm contour design:<\/strong>\u00a0The side sleeper pillow for neck and shoulder pain pillow adopt Arm contour design conforms to the side sleeping habit, it can relieve pressure on your shoulders and arms, avoid the problem of arm numbness due to the lack of blood circulation.<\/li>\n<li><strong>Ergonomic Comfort Pillow:<\/strong> The curved design of the U-shaped throw pillow to fit your body, providing comfortable support. Allows you to sleep on your back, side, or stomach while helping to align your spine to correct side sleeping positions for soothing comfort, providing a soft, long-lasting, cozy hug, you&#8217;ll always be in the correct position for a good night&#8217;s sleep.<\/li>\n<li><strong>Ide\u0101la miega poza:<\/strong> The side sleeper pillow relieve pressure from your downside arm\/shoulder and effective in body support, sleep, rest and relaxation, post-surgery recovery, acid reflux, anti-snoring, and pain relief to ensure a comfortable and restful night&#8217;s sleep in the ideal position for natural reflux relief, it allowing you to sleep until dawn.<\/li>\n<\/ul>","protected":false},"featured_media":3236,"comment_status":"open","ping_status":"closed","template":"","meta":[],"product_brand":[],"product_cat":[228],"product_tag":[],"class_list":{"0":"post-3243","1":"product","2":"type-product","3":"status-publish","4":"has-post-thumbnail","6":"product_cat-cushions","8":"first","9":"instock","10":"featured","11":"shipping-taxable","12":"purchasable","13":"product-type-simple"},"_links":{"self":[{"href":"https:\/\/www.largepillow.com\/lv\/wp-json\/wp\/v2\/product\/3243","targetHints":{"allow":["GET"]}}],"collection":[{"href":"https:\/\/www.largepillow.com\/lv\/wp-json\/wp\/v2\/product"}],"about":[{"href":"https:\/\/www.largepillow.com\/lv\/wp-json\/wp\/v2\/types\/product"}],"replies":[{"embeddable":true,"href":"https:\/\/www.largepillow.com\/lv\/wp-json\/wp\/v2\/comments?post=3243"}],"wp:featuredmedia":[{"embeddable":true,"href":"https:\/\/www.largepillow.com\/lv\/wp-json\/wp\/v2\/media\/3236"}],"wp:attachment":[{"href":"https:\/\/www.largepillow.com\/lv\/wp-json\/wp\/v2\/media?parent=3243"}],"wp:term":[{"taxonomy":"product_brand","embeddable":true,"href":"https:\/\/www.largepillow.com\/lv\/wp-json\/wp\/v2\/product_brand?post=3243"},{"taxonomy":"product_cat","embeddable":true,"href":"https:\/\/www.largepillow.com\/lv\/wp-json\/wp\/v2\/product_cat?post=3243"},{"taxonomy":"product_tag","embeddable":true,"href":"https:\/\/www.largepillow.com\/lv\/wp-json\/wp\/v2\/product_tag?post=3243"}],"curies":[{"name":"wp","href":"https:\/\/api.w.org\/{rel}","templated":true}]}}