{"id":3295,"date":"2024-07-22T14:31:24","date_gmt":"2024-07-22T14:31:24","guid":{"rendered":"https:\/\/www.largepillow.com\/product\/2-in-1-memory-foam-dog-human-bed-foldable-washable"},"modified":"2024-11-24T18:36:48","modified_gmt":"2024-11-24T18:36:48","slug":"2-viena-saliekama-mazgajama-atminas-putu-sunu-gulta-cilvekiem","status":"publish","type":"product","link":"https:\/\/www.largepillow.com\/lv\/product\/2-in-1-memory-foam-dog-human-bed-foldable-washable\/","title":{"rendered":"2-in-1 atmi\u0146as putu su\u0146u un cilv\u0113ku gulta \u2013 salok\u0101ma un mazg\u0101jama"},"content":{"rendered":"[zc_getpagecontent mb=&#8221;mb_aplus&#8221; apid=&#8221;76&#8243;]\n","protected":false},"excerpt":{"rendered":"<ul>\n<li><strong>Dzes\u0113jo\u0161s un elpojo\u0161s:<\/strong> M\u016bsu su\u0146u gultas virsma ir izgatavota no A klases PE \u0161\u0137iedras, kas efekt\u012bvi pazemina temperat\u016bru, lai uztur\u0113tu \u0101das temperat\u016bru komfortabl\u0101 st\u0101vokl\u012b. Vasar\u0101 saglab\u0101jiet v\u0113sumu m\u0101jdz\u012bvniekiem, b\u0113rniem un pieaugu\u0161ajiem; tikm\u0113r izteiksm\u012bg\u0101 tekstila meistar\u012bba pie\u0161\u0137ir unik\u0101lu 3D reljefu izskatu, uzlabojot gaisa caurlaid\u012bbu un nodro\u0161inot \u0101dai pietiekami daudz vietas elpo\u0161anai.<\/li>\n<li><strong>2 vien\u0101 dizains:<\/strong> \u0160\u012b div\u0113j\u0101da pielietojuma cilv\u0113ku un m\u0101jdz\u012bvnieku gulta ir paredz\u0113ta gan cilv\u0113ku, gan su\u0146u \u0113rt\u012bb\u0101m, viegli p\u0101rveidojoties no gr\u012bdas gultas par vietu taupo\u0161u d\u012bv\u0101nu. T\u0101 pied\u0101v\u0101 v\u0113su un \u0113rtu atp\u016btas vietu vasaras karstum\u0101, savuk\u0101rt t\u0101s salok\u0101mais dizains efekt\u012bvi ietaupa vietu j\u016bsu istab\u0101.<\/li>\n<li><strong>Ortop\u0113disk\u0101 su\u0146u gulta:<\/strong> Uzlabojiet sava m\u012blu\u013ca atp\u016btu ar m\u016bsu ortop\u0113disko su\u0146u d\u012bv\u0101nu, kas rad\u012bts maksim\u0101lam komfortam un atbalstam. Augsta bl\u012bvuma atmi\u0146as putas vienm\u0113r\u012bgi sadala j\u016bsu m\u012blu\u013ca svaru, nodro\u0161inot optim\u0101lu spiediena mazin\u0101\u0161anu un loc\u012btavu amortiz\u0101ciju mier\u012bgam un atjaunojo\u0161am miegam.<\/li>\n<li><strong>Maksim\u0101ls komforts:<\/strong> M\u016bsu su\u0146u d\u012bv\u0101nam ir tr\u012bspus\u0113ja spilvena konstrukcija, kas nodro\u0161ina \u0113rtu un dro\u0161u saj\u016btu, nodro\u0161inot daudzas \u0113rtas pozas, kur\u0101s j\u016bsu m\u0101jdz\u012bvnieks var iek\u0101rtoties. No PP kokvilnas labi pild\u012btie spilveni ap\u0146em j\u016bsu m\u0101jdz\u012bvnieka galvu un kaklu, veicinot mier\u012bg\u0101ku miegu. Turkl\u0101t pazemin\u0101t\u0101 ieeja atvieglo piek\u013cuvi un aizsarg\u0101 j\u016bsu m\u0101jdz\u012bvnieka loc\u012btavas, padarot to ide\u0101li piem\u0113rotu visu vecumu un kust\u012bbu l\u012bme\u0146u m\u0101jdz\u012bvniekiem.<\/li>\n<li><strong>Viegli kopjams dizains:<\/strong>\u00a0M\u016bsu su\u0146u gultas p\u0101rvalki ir \u0113rti no\u0146emami un mazg\u0101jami ve\u013cas ma\u0161\u012bn\u0101 \u2014 ide\u0101li piem\u0113roti m\u0101jdz\u012bvniekiem, kuriem pat\u012bk v\u0101rt\u012bties dub\u013cos un plun\u010d\u0101ties. Vienk\u0101r\u0161i attaisiet r\u0101v\u0113jsl\u0113dz\u0113ju un iemetiet p\u0101rvalkus ve\u013cas ma\u0161\u012bn\u0101 aukst\u0101 re\u017e\u012bm\u0101 ar maigu mazg\u0101\u0161anas l\u012bdzekli. Atcerieties, NEIZMANTOJIET \u017d\u0100V\u0112T\u0100JU; t\u0101 viet\u0101 \u013caujiet p\u0101rvalkiem dabiski no\u017e\u016bt, lai saglab\u0101tu to kvalit\u0101ti un komfortu.<\/li>\n<\/ul>","protected":false},"featured_media":3278,"comment_status":"open","ping_status":"closed","template":"","meta":[],"product_brand":[],"product_cat":[227],"product_tag":[],"class_list":{"0":"post-3295","1":"product","2":"type-product","3":"status-publish","4":"has-post-thumbnail","6":"product_cat-pet-supplies","8":"first","9":"outofstock","10":"featured","11":"shipping-taxable","12":"purchasable","13":"product-type-simple"},"_links":{"self":[{"href":"https:\/\/www.largepillow.com\/lv\/wp-json\/wp\/v2\/product\/3295","targetHints":{"allow":["GET"]}}],"collection":[{"href":"https:\/\/www.largepillow.com\/lv\/wp-json\/wp\/v2\/product"}],"about":[{"href":"https:\/\/www.largepillow.com\/lv\/wp-json\/wp\/v2\/types\/product"}],"replies":[{"embeddable":true,"href":"https:\/\/www.largepillow.com\/lv\/wp-json\/wp\/v2\/comments?post=3295"}],"wp:featuredmedia":[{"embeddable":true,"href":"https:\/\/www.largepillow.com\/lv\/wp-json\/wp\/v2\/media\/3278"}],"wp:attachment":[{"href":"https:\/\/www.largepillow.com\/lv\/wp-json\/wp\/v2\/media?parent=3295"}],"wp:term":[{"taxonomy":"product_brand","embeddable":true,"href":"https:\/\/www.largepillow.com\/lv\/wp-json\/wp\/v2\/product_brand?post=3295"},{"taxonomy":"product_cat","embeddable":true,"href":"https:\/\/www.largepillow.com\/lv\/wp-json\/wp\/v2\/product_cat?post=3295"},{"taxonomy":"product_tag","embeddable":true,"href":"https:\/\/www.largepillow.com\/lv\/wp-json\/wp\/v2\/product_tag?post=3295"}],"curies":[{"name":"wp","href":"https:\/\/api.w.org\/{rel}","templated":true}]}}