{"id":3330,"date":"2024-07-23T00:38:46","date_gmt":"2024-07-23T00:38:46","guid":{"rendered":"https:\/\/www.largepillow.com\/product\/folding-floor-sofa-bed-with-filling-sleeper-guest-couch"},"modified":"2024-10-03T16:31:25","modified_gmt":"2024-10-03T16:31:25","slug":"saliekama-divangulta-ar-viesistabas-divangultu","status":"publish","type":"product","link":"https:\/\/www.largepillow.com\/lv\/product\/folding-floor-sofa-bed-with-filling-sleeper-guest-couch","title":{"rendered":"Saliekama gr\u012bdas d\u012bv\u0101ngulta ar pild\u012bjumu, viesu d\u012bv\u0101ns ar gu\u013cvietu"},"content":{"rendered":"<p>Paceliet savu relaks\u0101cijas l\u012bmeni ar m\u016bsu pufu-gultu pieaugu\u0161ajiem. \u0160is p\u0101rveidojamais kr\u0113sls, kas rad\u012bts, lai nodro\u0161in\u0101tu maksim\u0101lu komfortu, bez piep\u016bles salok\u0101s no kr\u0113sla par gultu. Spilvens ir \u0113rti saloc\u012bts apak\u0161\u0101, \u013caujot viegli p\u0101rsl\u0113gties starp s\u0113d\u0113\u0161anas un gul\u0113\u0161anas re\u017e\u012bmiem, padarot to ide\u0101li piem\u0113rotu negaid\u012btu viesu uz\u0146em\u0161anai vai telpas maksim\u0101lai izmanto\u0161anai m\u0101j\u0101s.<\/p>\n<p>M\u016bsu spilvendr\u0101na ir izgatavota no augstas kvalit\u0101tes materi\u0101liem \u2014 100% poliestera ar sav\u012btu tekst\u016bru un izsmalcin\u0101t\u0101m \u0161uv\u0113m, kas ir iztur\u012bgas viscaur. Polster\u0113jums ir izgatavots no augsta bl\u012bvuma, augstas kvalit\u0101tes poliestera \u0161\u0137iedr\u0101m, kas nov\u0113r\u0161 nosl\u012bd\u0113\u0161anu pat p\u0113c vair\u0101ku m\u0113ne\u0161u lieto\u0161anas. No\u0146emamais p\u0101rvalks ir m\u012bksts piesk\u0101rienam, mazg\u0101jams ve\u013cas ma\u0161\u012bn\u0101 un iztur\u012bgs pret \u016bdeni, traipiem un kr\u0101sas izmai\u0146\u0101m, lai to b\u016btu viegli kopt.<\/p>\n<p>M\u016bsu pufu gulta ir ide\u0101li piem\u0113rota tiem, kam pat\u012bk atp\u016bsties un atp\u016bsties m\u0101j\u0101s, \u012bpa\u0161i jaunie\u0161iem un \u0123imen\u0113m. Neatkar\u012bgi no t\u0101, vai atrodaties viesistab\u0101, gu\u013camistab\u0101, kabinet\u0101, atp\u016btas telp\u0101, teras\u0113 vai d\u0101rz\u0101, m\u016bsu pufu gulta ir ide\u0101ls papildin\u0101jums j\u016bsu m\u0101j\u0101m. M\u012bkstie spilveni un iztur\u012bg\u0101 konstrukcija liks jums justies k\u0101 s\u0113\u017eot uz m\u0101ko\u0146a.<\/p>\n<p>K\u0101p\u0113c gaid\u012bt? P\u0101rveidojiet savu dz\u012bvojamo telpu par m\u0101j\u012bgu un \u0113rtu patv\u0113rumu ar m\u016bsu pupi\u0146u maisu gultu. Atvadieties no ne\u0113rt\u0101m s\u0113dviet\u0101m un sveiciniet sevi piln\u012bg\u0101 relaks\u0101cij\u0101. Ieg\u0101d\u0101jieties tagad un \u013caujieties maksim\u0101lai komforta pieredzei.<\/p>","protected":false},"excerpt":{"rendered":"<ul>\n<li><strong>Izbaudiet m\u0101ko\u0146iem l\u012bdz\u012bgu komfortu<\/strong>Mekl\u0113jiet m\u016bsu d\u012bv\u0101ngultu! \u0160\u012b d\u012bv\u0101ngulta, kas rad\u012bta, dom\u0101jot par j\u016bsu komfortu, ir ide\u0101li piem\u0113rota atp\u016btai, las\u012b\u0161anai, televizora skat\u012b\u0161anai un cit\u0101m aktivit\u0101t\u0113m. Pateicoties t\u0101s \u0113rtajam dizainam un iztur\u012bgajai konstrukcijai, j\u016bs jut\u012bsieties k\u0101 s\u0113\u017eot uz m\u0101ko\u0146a.<\/li>\n<li><strong>No d\u012bv\u0101na l\u012bdz gultai viegli<\/strong>\u0160\u012bs m\u0113beles p\u0101rveido\u0161ana par \u0113rtu d\u012bv\u0101ngultu ir pavisam vienk\u0101r\u0161a \u2013 vienk\u0101r\u0161i izvelciet saliekamo s\u0113dek\u013ca spilvenu apak\u0161\u0101! \u0160is inovat\u012bvais dizains \u013cauj viegli p\u0101rsl\u0113gties starp s\u0113d\u0113\u0161anas un gul\u0113\u0161anas re\u017e\u012bmiem, padarot to ide\u0101li piem\u0113rotu negaid\u012btu viesu uz\u0146em\u0161anai vai telpas maksim\u0101lai izmanto\u0161anai m\u0101j\u0101s.<\/li>\n<li><strong>Augstas kvalit\u0101tes materi\u0101li<\/strong>M\u016bsu spilvendr\u0101na ir izgatavota no 100% poliestera ar sav\u012btu tekst\u016bru un izsmalcin\u0101t\u0101m \u0161uv\u0113m, kas ir iztur\u012bgas viscaur. Polster\u0113jums ir izgatavots no augsta bl\u012bvuma, augstas kvalit\u0101tes poliestera \u0161\u0137iedr\u0101m, kas nov\u0113r\u0161 nosl\u012bd\u0113\u0161anu pat p\u0113c vair\u0101ku m\u0113ne\u0161u lieto\u0161anas.<\/li>\n<li><strong>Viegli mazg\u0101jams<\/strong>No\u0146emamais p\u0101rvalks ir m\u012bksts piesk\u0101rienam, mazg\u0101jams ve\u013cas ma\u0161\u012bn\u0101 un iztur\u012bgs pret \u016bdeni, traipiem un kr\u0101sas izmai\u0146\u0101m, lai to b\u016btu viegli kopt.<\/li>\n<li><strong>Piem\u0113rots vair\u0101kiem gad\u012bjumiem<\/strong>M\u016bsu gr\u012bdas d\u012bv\u0101ngulta ir ide\u0101li piem\u0113rota tiem, kam pat\u012bk atp\u016bsties un relaks\u0113ties m\u0101j\u0101s, \u012bpa\u0161i jaunie\u0161iem un \u0123imen\u0113m. T\u0101 ir \u013coti piem\u0113rota novieto\u0161anai viesistab\u0101s, gu\u013camistab\u0101s, kabinetos, atp\u016btas telp\u0101s un cit\u0101s viet\u0101s, k\u0101 ar\u012b to var novietot \u0101r\u0101 uz teras\u0113m vai d\u0101rzos.<\/li>\n<\/ul>","protected":false},"featured_media":3566,"comment_status":"open","ping_status":"closed","template":"","meta":[],"product_brand":[],"product_cat":[228],"product_tag":[],"class_list":{"0":"post-3330","1":"product","2":"type-product","3":"status-publish","4":"has-post-thumbnail","6":"product_cat-cushions","8":"first","9":"instock","10":"shipping-taxable","11":"purchasable","12":"product-type-simple"},"_links":{"self":[{"href":"https:\/\/www.largepillow.com\/lv\/wp-json\/wp\/v2\/product\/3330","targetHints":{"allow":["GET"]}}],"collection":[{"href":"https:\/\/www.largepillow.com\/lv\/wp-json\/wp\/v2\/product"}],"about":[{"href":"https:\/\/www.largepillow.com\/lv\/wp-json\/wp\/v2\/types\/product"}],"replies":[{"embeddable":true,"href":"https:\/\/www.largepillow.com\/lv\/wp-json\/wp\/v2\/comments?post=3330"}],"wp:featuredmedia":[{"embeddable":true,"href":"https:\/\/www.largepillow.com\/lv\/wp-json\/wp\/v2\/media\/3566"}],"wp:attachment":[{"href":"https:\/\/www.largepillow.com\/lv\/wp-json\/wp\/v2\/media?parent=3330"}],"wp:term":[{"taxonomy":"product_brand","embeddable":true,"href":"https:\/\/www.largepillow.com\/lv\/wp-json\/wp\/v2\/product_brand?post=3330"},{"taxonomy":"product_cat","embeddable":true,"href":"https:\/\/www.largepillow.com\/lv\/wp-json\/wp\/v2\/product_cat?post=3330"},{"taxonomy":"product_tag","embeddable":true,"href":"https:\/\/www.largepillow.com\/lv\/wp-json\/wp\/v2\/product_tag?post=3330"}],"curies":[{"name":"wp","href":"https:\/\/api.w.org\/{rel}","templated":true}]}}