{"id":3379,"date":"2024-07-23T01:30:58","date_gmt":"2024-07-23T01:30:58","guid":{"rendered":"https:\/\/www.largepillow.com\/product\/large-couch-dog-bed-with-supportive-foam-soft-cotton"},"modified":"2025-05-30T13:36:37","modified_gmt":"2025-05-30T13:36:37","slug":"liela-divana-sunu-gulta-ar-atbalstosam-putam-mikstu-kokvilnu","status":"publish","type":"product","link":"https:\/\/www.largepillow.com\/lv\/product\/large-couch-dog-bed-with-supportive-foam-soft-cotton","title":{"rendered":"Liela d\u012bv\u0101na su\u0146u gulta ar atbalsto\u0161\u0101m put\u0101m un m\u012bkstu kokvilnu"},"content":{"rendered":"[zc_getpagecontent mb=&#8221;mb_aplus&#8221; apid=&#8221;74&#8243;]\n","protected":false},"excerpt":{"rendered":"<ul>\n<li>Nomierino\u0161a su\u0146u gulta: M\u016bsu nomierino\u0161\u0101s liel\u0101s su\u0146u gultas apak\u0161da\u013ca ir sadal\u012bta divos sl\u0101\u0146os, kas sast\u0101v no aptuveni 7,5 cm bieza augsta bl\u012bvuma putuplasta un 7,5 cm bieza m\u012bksta kokvilnas pild\u012bjuma. Tas nodro\u0161ina efekt\u012bvu atbalstu j\u016bsu m\u0101jdz\u012bvnieka \u0137ermenim, vienlaikus pied\u0101v\u0101jot nep\u0101rsp\u0113jamu komfortu.<\/li>\n<li>Dzi\u013c\u0101 su\u0146u gulta pret trauksmi: Izbaudiet nep\u0101rsp\u0113jamu komfortu un priv\u0101tumu ar m\u016bsu 40 cm dzi\u013co su\u0146u gultu. J\u016bsu suns g\u016bs t\u012bru gandar\u012bjumu, saritinoties un iegrimstot \u0161\u012bs izcil\u0101s atp\u016btas vietas greznaj\u0101 dzi\u013cum\u0101. Sl\u0113gtais dizains pied\u0101v\u0101 dro\u0161u un nosl\u0113gtu patv\u0113rumu, \u013caujot j\u016bsu sunim baud\u012bt nep\u0101rtrauktu person\u012bgo telpu. Atbr\u012bvojieties no sava su\u0146a trauksmes ar \u0161o dzi\u013co su\u0146u gultu.<\/li>\n<li>\u0112rta piek\u013cuve: M\u016bsu nomierino\u0161ajai gultai lieliem su\u0146iem ir p\u0101rdom\u0101ts da\u013c\u0113ji sl\u0113gts dizains, kas \u013cauj sunim \u0113rti iek\u0101pt un izk\u0101pt, vienlaikus nodro\u0161inot atbilsto\u0161u augstumu dro\u0161\u012bbas saj\u016btai. J\u016bsu suns var br\u012bvi iek\u0101pt un izk\u0101pt no nomierino\u0161\u0101s su\u0146u gultas, un da\u013c\u0113ji sl\u0113gtie spilveni nodro\u0161ina priv\u0101tumu un atdal\u012b\u0161anu, \u013caujot su\u0146iem baud\u012bt mier\u012bgu miegu m\u0101j\u012bg\u0101 vid\u0113. \u0160is dizains nodro\u0161ina siltu un dro\u0161u telpu, kas veicina mieru un relaks\u0101ciju.<\/li>\n<li>Pla\u0161s dizains visiem izm\u0113riem: M\u016bsu liel\u0101 prettrauksmes su\u0146u gulta ir pla\u0161a un \u0113rta, piem\u0113rota visu izm\u0113ru su\u0146iem. Neatkar\u012bgi no t\u0101, vai jums ir maza vai liela \u0161\u0137irne, tie var br\u012bvi izstiepties, izstiept ekstremit\u0101tes un piln\u012bb\u0101 atp\u016bsties. Su\u0146u nomierino\u0161\u0101s gultas d\u0101snie izm\u0113ri nodro\u0161ina pietiekami daudz atp\u016btas vietas, \u013caujot j\u016bsu m\u0101jdz\u012bvniekam baud\u012bt maksim\u0101lu komfortu atp\u016btas laik\u0101.<\/li>\n<li>\u0112rts un viegli t\u012br\u0101ms \u2013 nomierino\u0161\u0101 gulta lieliem su\u0146iem ir apr\u012bkota ar elpojo\u0161u un m\u012bkstu samta audumu, kas nodro\u0161ina maigu un \u0113rtu saj\u016btu. \u0100r\u0113jais sl\u0101nis ir izgatavots no Oksfordas auduma, kas paredz\u0113ts ilgsto\u0161ai darb\u012bbai, nodro\u0161inot t\u0101 iztur\u012bbu pret ikdienas nodilumu. Nesl\u012bdo\u0161\u0101 apak\u0161da\u013ca nodro\u0161ina stabilit\u0101ti uz jebkuras virsmas. Nomierino\u0161\u0101 m\u0101jdz\u012bvnieku gulta su\u0146iem ir apr\u012bkota ar no\u0146emamu p\u0101rvalku un divsl\u0101\u0146u r\u0101v\u0113jsl\u0113dz\u0113ju, kas nodro\u0161ina \u0113rtu mazg\u0101\u0161anu.<\/li>\n<\/ul>","protected":false},"featured_media":3370,"comment_status":"open","ping_status":"closed","template":"","meta":[],"product_brand":[],"product_cat":[227],"product_tag":[],"class_list":{"0":"post-3379","1":"product","2":"type-product","3":"status-publish","4":"has-post-thumbnail","6":"product_cat-pet-supplies","8":"first","9":"instock","10":"shipping-taxable","11":"purchasable","12":"product-type-simple"},"_links":{"self":[{"href":"https:\/\/www.largepillow.com\/lv\/wp-json\/wp\/v2\/product\/3379","targetHints":{"allow":["GET"]}}],"collection":[{"href":"https:\/\/www.largepillow.com\/lv\/wp-json\/wp\/v2\/product"}],"about":[{"href":"https:\/\/www.largepillow.com\/lv\/wp-json\/wp\/v2\/types\/product"}],"replies":[{"embeddable":true,"href":"https:\/\/www.largepillow.com\/lv\/wp-json\/wp\/v2\/comments?post=3379"}],"wp:featuredmedia":[{"embeddable":true,"href":"https:\/\/www.largepillow.com\/lv\/wp-json\/wp\/v2\/media\/3370"}],"wp:attachment":[{"href":"https:\/\/www.largepillow.com\/lv\/wp-json\/wp\/v2\/media?parent=3379"}],"wp:term":[{"taxonomy":"product_brand","embeddable":true,"href":"https:\/\/www.largepillow.com\/lv\/wp-json\/wp\/v2\/product_brand?post=3379"},{"taxonomy":"product_cat","embeddable":true,"href":"https:\/\/www.largepillow.com\/lv\/wp-json\/wp\/v2\/product_cat?post=3379"},{"taxonomy":"product_tag","embeddable":true,"href":"https:\/\/www.largepillow.com\/lv\/wp-json\/wp\/v2\/product_tag?post=3379"}],"curies":[{"name":"wp","href":"https:\/\/api.w.org\/{rel}","templated":true}]}}