{"id":3404,"date":"2024-07-23T02:34:39","date_gmt":"2024-07-23T02:34:39","guid":{"rendered":"https:\/\/www.largepillow.com\/product\/fireside-bean-bag-chairs-comfy-single-couch-for-reading"},"modified":"2024-10-03T16:31:25","modified_gmt":"2024-10-03T16:31:25","slug":"kamina-pupinu-maisu-kresli-erts-vienvietigs-divans-lasisanai","status":"publish","type":"product","link":"https:\/\/www.largepillow.com\/lv\/product\/fireside-bean-bag-chairs-comfy-single-couch-for-reading","title":{"rendered":"Kam\u012bna pupi\u0146u maisu kr\u0113sli: \u0113rts vienviet\u012bgs d\u012bv\u0101ns las\u012b\u0161anai"},"content":{"rendered":"[zc_getpagecontent mb=&#8221;mb_aplus&#8221; apid=&#8221;56&#8243;]\n","protected":false},"excerpt":{"rendered":"<ul>\n<li><strong>Pla\u0161s s\u0113deklis:<\/strong> 63 cm (augstums) x 86 cm (garums) x 72 cm (platums), 6 kg. Vienviet\u012bgs pufa kr\u0113sls ir ietilp\u012bgs un piem\u0113rots jebkuram \u0137erme\u0146a tipam. Ergonomiska atzveltne. Saglab\u0101 savu formu pat p\u0113c ilgsto\u0161as lieto\u0161anas.<\/li>\n<li><strong>Iztur\u012bgs audums:<\/strong> M\u016bsu pufa kr\u0113sls ir izgatavots no nodilumiztur\u012bga, \u016bdensnecaurlaid\u012bga Oksfordas auduma, ko ir viegli t\u012br\u012bt. Nesl\u012bdo\u0161ais melnais pamatnes audums nodro\u0161ina dro\u0161u satv\u0113rienu.<\/li>\n<li><strong>Putu atbalsts:<\/strong> M\u016bsu pufu kr\u0113sls, kas ir pild\u012bts ar augsta bl\u012bvuma, vienlaidus put\u0101m, pied\u0101v\u0101 m\u012bkstu s\u0113dekli un stingru muguras un k\u0101ju atbalstu. Ergonomiskais dizains nodro\u0161ina komfortu un nov\u0113r\u0161 muguras s\u0101pes.<\/li>\n<li><strong>Rado\u0161s dizains:<\/strong>\u00a03D griezums nodro\u0161ina papildu uzglab\u0101\u0161anas vietu un pal\u012bdz kr\u0113slam saglab\u0101t savu formu pat p\u0113c ilgsto\u0161as lieto\u0161anas.<\/li>\n<li><strong>Produkta kop\u0161ana:<\/strong>\u00a0T\u012briet ar mitru dr\u0101nu, sarg\u0101jiet no tie\u0161iem saules stariem un sp\u0113c\u012bg\u0101m \u0137\u012bmisk\u0101m viel\u0101m. P\u0113c izpako\u0161anas \u013caujiet pufam-d\u012bv\u0101nam 2 stundas elpot, lai nodro\u0161in\u0101tu optim\u0101lu elast\u012bbu.<\/li>\n<\/ul>","protected":false},"featured_media":3565,"comment_status":"open","ping_status":"closed","template":"","meta":[],"product_brand":[],"product_cat":[228],"product_tag":[],"class_list":{"0":"post-3404","1":"product","2":"type-product","3":"status-publish","4":"has-post-thumbnail","6":"product_cat-cushions","8":"first","9":"outofstock","10":"shipping-taxable","11":"purchasable","12":"product-type-simple"},"_links":{"self":[{"href":"https:\/\/www.largepillow.com\/lv\/wp-json\/wp\/v2\/product\/3404","targetHints":{"allow":["GET"]}}],"collection":[{"href":"https:\/\/www.largepillow.com\/lv\/wp-json\/wp\/v2\/product"}],"about":[{"href":"https:\/\/www.largepillow.com\/lv\/wp-json\/wp\/v2\/types\/product"}],"replies":[{"embeddable":true,"href":"https:\/\/www.largepillow.com\/lv\/wp-json\/wp\/v2\/comments?post=3404"}],"wp:featuredmedia":[{"embeddable":true,"href":"https:\/\/www.largepillow.com\/lv\/wp-json\/wp\/v2\/media\/3565"}],"wp:attachment":[{"href":"https:\/\/www.largepillow.com\/lv\/wp-json\/wp\/v2\/media?parent=3404"}],"wp:term":[{"taxonomy":"product_brand","embeddable":true,"href":"https:\/\/www.largepillow.com\/lv\/wp-json\/wp\/v2\/product_brand?post=3404"},{"taxonomy":"product_cat","embeddable":true,"href":"https:\/\/www.largepillow.com\/lv\/wp-json\/wp\/v2\/product_cat?post=3404"},{"taxonomy":"product_tag","embeddable":true,"href":"https:\/\/www.largepillow.com\/lv\/wp-json\/wp\/v2\/product_tag?post=3404"}],"curies":[{"name":"wp","href":"https:\/\/api.w.org\/{rel}","templated":true}]}}