{"id":3464,"date":"2024-07-25T03:03:31","date_gmt":"2024-07-25T03:03:31","guid":{"rendered":"https:\/\/www.largepillow.com\/product\/small-dog-car-seat-with-safety-belt-for-front-seat"},"modified":"2024-12-09T09:08:30","modified_gmt":"2024-12-09T09:08:30","slug":"autokreslins-maziem-suniem-ar-drosibas-jostu-prieksejam-sedeklim","status":"publish","type":"product","link":"https:\/\/www.largepillow.com\/lv\/product\/small-dog-car-seat-with-safety-belt-for-front-seat","title":{"rendered":"Maza su\u0146a autokr\u0113sli\u0146\u0161 ar dro\u0161\u012bbas jostu priek\u0161\u0113jam s\u0113deklim"},"content":{"rendered":"[zc_getpagecontent mb=&#8221;mb_aplus&#8221; apid=&#8221;78&#8243;]\n","protected":false},"excerpt":{"rendered":"<ul>\n<li><strong>Maksim\u0101la dro\u0161\u012bba un aizsardz\u012bba:<\/strong> M\u016bsu \u016bdensnecaurlaid\u012bgais su\u0146u autokr\u0113sli\u0146\u0161 centr\u0101laj\u0101 konsol\u0113 pied\u0101v\u0101 \u010detrk\u0101r\u0161u dro\u0161\u012bbas aizsardz\u012bbas sist\u0113mu, kas nodro\u0161ina j\u016bsu maz\u0101 su\u0146a vai ka\u0137a dro\u0161\u012bbu brauciena laik\u0101. Ar divk\u0101r\u0161\u0101m dro\u0161\u012bbas jost\u0101m, kuras var piestiprin\u0101t pie vad\u012bt\u0101ja s\u0113dek\u013ca, m\u0101jdz\u012bvnieka dro\u0161\u012bbas jostu, fiks\u0113t\u0101m stabilit\u0101tes siksn\u0101m un nesl\u012bdo\u0161u pamatni j\u016bs varat justies mier\u012bgi, zinot, ka j\u016bsu m\u0101jdz\u012bvnieks ir dro\u0161i sav\u0101 viet\u0101.<\/li>\n<li><strong>Prettrauksmes dizains:<\/strong> M\u016bsu su\u0146u autokr\u0113sli\u0146am centr\u0101laj\u0101 konsol\u0113 ir r\u0101v\u0113jsl\u0113dz\u0113ja aug\u0161da\u013cas dizains, kas rada sl\u0113gtu su\u0146u autokr\u0113sli\u0146a efektu, efekt\u012bvi mazinot m\u0101jdz\u012bvnieku trauksmi un kontrol\u0113jot p\u0101r\u0101k akt\u012bvus m\u0101jdz\u012bvniekus, t\u0101d\u0113j\u0101di uzlabojot brauk\u0161anas dro\u0161\u012bbu. Tikm\u0113r dizains \u013cauj su\u0146a galvai palikt redzamai, nodro\u0161inot pla\u0161\u0101ku redzeslauku, lai j\u016bsu m\u0101jdz\u012bvnieks var\u0113tu baud\u012bt ainavu.<\/li>\n<li><strong>Paredz\u0113ts maziem m\u0101jdz\u012bvniekiem:<\/strong> \u0160is autokr\u0113sli\u0146\u0161, kas \u012bpa\u0161i paredz\u0113ts maziem su\u0146iem un ka\u0137iem, kuru svars ir maz\u0101ks par 5,1 kg, nodro\u0161ina m\u0101j\u012bgu un komfortablu vietu j\u016bsu p\u016bkainajam draugam. Tas ne\u013cauj tiem kl\u012bst pa automa\u0161\u012bnu, samazinot uzman\u012bbas nov\u0113r\u0161anu un nodro\u0161inot to dro\u0161\u012bbu visa brauciena laik\u0101. Tas kalpo ar\u012b k\u0101 neliela m\u0101jdz\u012bvnieka p\u0101rn\u0113s\u0101\u0161anas soma, nodro\u0161inot \u0113rt\u012bbas un elast\u012bbu, ce\u013cojot kop\u0101 ar savu p\u016bkaino draugu.<\/li>\n<li><strong>\u0112rts dizains:<\/strong> Papildus tam, ka tas kalpo k\u0101 su\u0146u autokr\u0113sli\u0146\u0161 centr\u0101laj\u0101 konsol\u0113, to var izmantot ar\u012b k\u0101 nelielu m\u0101jdz\u012bvnieku p\u0101rn\u0113s\u0101\u0161anas somu, nodro\u0161inot \u0113rt\u012bbas un daudzpus\u012bbu ce\u013cojumu laik\u0101 ar j\u016bsu p\u016bkaino kompanjonu. Ab\u0101s pus\u0113s eso\u0161\u0101s kabatas ir \u0113rtas su\u0146u aksesu\u0101ru glab\u0101\u0161anai.<\/li>\n<li><strong>\u0112rts materi\u0101ls:<\/strong> \u0160is su\u0146u autokr\u0113sli\u0146\u0161 centr\u0101laj\u0101 konsol\u0113 ir izgatavots no m\u012bksta m\u0101ksl\u012bg\u0101s zam\u0161\u0101das auduma, kas ir gan stil\u012bgs, gan \u0113rts. Iek\u0161puse ir oder\u0113ta ar \u012bpa\u0161i siltu pl\u012b\u0161a audumu. Nav met\u0101la r\u0101mja, nav dro\u0161\u012bbas apdraud\u0113juma.<\/li>\n<\/ul>","protected":false},"featured_media":3450,"comment_status":"open","ping_status":"closed","template":"","meta":[],"product_brand":[],"product_cat":[227],"product_tag":[],"class_list":{"0":"post-3464","1":"product","2":"type-product","3":"status-publish","4":"has-post-thumbnail","6":"product_cat-pet-supplies","8":"first","9":"instock","10":"shipping-taxable","11":"purchasable","12":"product-type-simple"},"_links":{"self":[{"href":"https:\/\/www.largepillow.com\/lv\/wp-json\/wp\/v2\/product\/3464","targetHints":{"allow":["GET"]}}],"collection":[{"href":"https:\/\/www.largepillow.com\/lv\/wp-json\/wp\/v2\/product"}],"about":[{"href":"https:\/\/www.largepillow.com\/lv\/wp-json\/wp\/v2\/types\/product"}],"replies":[{"embeddable":true,"href":"https:\/\/www.largepillow.com\/lv\/wp-json\/wp\/v2\/comments?post=3464"}],"wp:featuredmedia":[{"embeddable":true,"href":"https:\/\/www.largepillow.com\/lv\/wp-json\/wp\/v2\/media\/3450"}],"wp:attachment":[{"href":"https:\/\/www.largepillow.com\/lv\/wp-json\/wp\/v2\/media?parent=3464"}],"wp:term":[{"taxonomy":"product_brand","embeddable":true,"href":"https:\/\/www.largepillow.com\/lv\/wp-json\/wp\/v2\/product_brand?post=3464"},{"taxonomy":"product_cat","embeddable":true,"href":"https:\/\/www.largepillow.com\/lv\/wp-json\/wp\/v2\/product_cat?post=3464"},{"taxonomy":"product_tag","embeddable":true,"href":"https:\/\/www.largepillow.com\/lv\/wp-json\/wp\/v2\/product_tag?post=3464"}],"curies":[{"name":"wp","href":"https:\/\/api.w.org\/{rel}","templated":true}]}}