{"id":3712,"date":"2024-09-02T03:38:14","date_gmt":"2024-09-02T03:38:14","guid":{"rendered":"https:\/\/www.largepillow.com\/product\/luxurious-and-comfortable-expandable-pet-couch-bed"},"modified":"2025-01-02T12:42:51","modified_gmt":"2025-01-02T12:42:51","slug":"grezna-un-erta-izvelkama-majdzivnieku-divangulta","status":"publish","type":"product","link":"https:\/\/www.largepillow.com\/lv\/product\/luxurious-and-comfortable-expandable-pet-couch-bed","title":{"rendered":"Grezna un \u0113rta izvelkama m\u0101jdz\u012bvnieku d\u012bv\u0101ngulta"},"content":{"rendered":"[zc_getpagecontent mb=&#8221;mb_aplus&#8221; apid=&#8221;95&#8243;]\n","protected":false},"excerpt":{"rendered":"<ul>\n<li>Elegants dizains un augst\u0101k\u0101s kvalit\u0101tes materi\u0101li: Izbaudiet nep\u0101rsp\u0113jamu stilu un komfortu ar m\u016bsu izvelkamo m\u0101jdz\u012bvnieku d\u012bv\u0101ngultu. \u0160\u012b gulta, kas izgatavota no augstas kvalit\u0101tes materi\u0101liem, lepojas ar sat\u012bna audumu ar &quot;si\u013c\u0137u kaula&quot; rakstu, kas rada izsmalcin\u0101tu izskatu, un augst\u0101k\u0101s kvalit\u0101tes samta audumu, kas j\u016bsu m\u0101jdz\u012bvniekam \u0161\u0137it\u012bs neatvair\u0101mi m\u012bksts un m\u0101j\u012bgs. Pl\u012b\u0161a audums apvieno net\u012bri baltus un br\u016bnus to\u0146us, pied\u0101v\u0101jot nomierino\u0161u, modernu est\u0113tiku, kas uzlabo jebkuras istabas interjeru.<\/li>\n<li>\u0112rta un atbalsto\u0161a konstrukcija: M\u016bsu m\u0101jdz\u012bvnieku gulta ar divsl\u0101\u0146u biezin\u0101tu dizainu, diviem roku balstiem un m\u012bkstu atzveltni nodro\u0161ina lielisku atbalstu un komfortu. T\u0101 ir apr\u012bkota ar augstas kvalit\u0101tes putu pild\u012bjumu, kas nodro\u0161ina ilgsto\u0161u lieto\u0161anu bez deform\u0101cijas, k\u0101 ar\u012b ar papildu d\u012bv\u0101na spilvenu, kas pild\u012bts ar m\u012bkstu poliesteru, radot saj\u016btu, ka gul\u0113siet uz d\u016bnu spilvena. Gulta ir p\u0101rdom\u0101ti izstr\u0101d\u0101ta, lai ne tikai nodro\u0161in\u0101tu greznu relaks\u0101ciju, bet ar\u012b sniegtu ortop\u0113disku apr\u016bpi j\u016bsu m\u0101jdz\u012bvniekam.<\/li>\n<li>Daudzpus\u012bba un piel\u0101gojam\u012bba ikvienam m\u0101jdz\u012bvniekam: \u0161\u012b p\u0101rveidojam\u0101 m\u0101jdz\u012bvnieku gulta apmierina m\u0101jdz\u012bvnieku vajadz\u012bbas da\u017e\u0101dos dz\u012bves posmos. Otr\u0101 sl\u0101\u0146a spilvens bez piep\u016bles p\u0101rveido pamata d\u012bv\u0101ngultu par pla\u0161u d\u012bv\u0101nu, kas ir ide\u0101li piem\u0113rots liel\u0101m \u0161\u0137irn\u0113m vai vair\u0101kiem m\u0101jdz\u012bvniekiem, s\u0101kot no su\u0146iem un ka\u0137iem l\u012bdz tru\u0161iem. No\u0146emams su\u0146u gultas matracis var ar\u012b v\u0113l vair\u0101k papla\u0161in\u0101t gultu vai izmantot atsevi\u0161\u0137i, nodro\u0161inot piel\u0101gojam\u012bbu un komfortu, kas piel\u0101gots j\u016bsu m\u0101jdz\u012bvnieka vajadz\u012bb\u0101m.<\/li>\n<li>Vienk\u0101r\u0161a apkope un stabilit\u0101te: T\u012br\u012b\u0161ana ir vienk\u0101r\u0161a, pateicoties r\u0101v\u0113jsl\u0113dz\u0113ja dizainam apak\u0161\u0101, kas \u013cauj to viegli no\u0146emt un mazg\u0101t ve\u013cas ma\u0161\u012bn\u0101. Gultai ir nesl\u012bdo\u0161i gumijas spilventi\u0146i stabilai aizsardz\u012bbai, nodro\u0161inot, ka t\u0101 paliek sav\u0101 viet\u0101 pat ar rota\u013c\u012bgiem m\u0101jdz\u012bvniekiem. Iek\u0161\u0113jais pild\u012bjums ietver 1 no\u0146emamu putuplastu \u0113rtai mazg\u0101\u0161anai, saglab\u0101jot higi\u0113nisku un svaigu gu\u013cvietu j\u016bsu m\u0101jdz\u012bvniekam.<\/li>\n<li>Papildu \u0113rt\u012bbas: M\u016bsu m\u0101jdz\u012bvnieku d\u012bv\u0101ngulta izce\u013cas ar papla\u0161in\u0101tu atzveltni, kas ne tikai pied\u0101v\u0101 papildu komfortu, bet ar\u012b kalpo k\u0101 mazs d\u012bv\u0101ns b\u0113rniem. Gultai ir no\u0146emams iek\u0161\u0113jais oder\u0113jums, kas atvieglo izjauk\u0161anu un t\u012br\u012b\u0161anu. Lai atvieglotu transport\u0113\u0161anu un p\u0101rk\u0101rto\u0161anu, gulta ir apr\u012bkota ar papla\u0161in\u0101tu rokturi aug\u0161pus\u0113.<\/li>\n<li>Silts atg\u0101din\u0101jums: L\u016bdzu, \u0146emiet v\u0113r\u0101, ka p\u0113c izpako\u0161anas gultai nepiecie\u0161amas 2\u20133 dienas, lai t\u0101 piln\u012bb\u0101 izplestos l\u012bdz paredz\u0113tajam izm\u0113ram, jo transport\u0113\u0161anas laik\u0101 t\u0101 var \u0161\u0137ist maz\u0101k p\u016bkaina saspie\u0161anas d\u0113\u013c. Ja jums ir k\u0101di jaut\u0101jumi vai ba\u017eas, m\u0113s vienm\u0113r esam gatavi pal\u012bdz\u0113t.<\/li>\n<\/ul>","protected":false},"featured_media":3697,"comment_status":"open","ping_status":"closed","template":"","meta":[],"product_brand":[],"product_cat":[227],"product_tag":[],"class_list":{"0":"post-3712","1":"product","2":"type-product","3":"status-publish","4":"has-post-thumbnail","6":"product_cat-pet-supplies","8":"first","9":"instock","10":"shipping-taxable","11":"purchasable","12":"product-type-simple"},"_links":{"self":[{"href":"https:\/\/www.largepillow.com\/lv\/wp-json\/wp\/v2\/product\/3712","targetHints":{"allow":["GET"]}}],"collection":[{"href":"https:\/\/www.largepillow.com\/lv\/wp-json\/wp\/v2\/product"}],"about":[{"href":"https:\/\/www.largepillow.com\/lv\/wp-json\/wp\/v2\/types\/product"}],"replies":[{"embeddable":true,"href":"https:\/\/www.largepillow.com\/lv\/wp-json\/wp\/v2\/comments?post=3712"}],"wp:featuredmedia":[{"embeddable":true,"href":"https:\/\/www.largepillow.com\/lv\/wp-json\/wp\/v2\/media\/3697"}],"wp:attachment":[{"href":"https:\/\/www.largepillow.com\/lv\/wp-json\/wp\/v2\/media?parent=3712"}],"wp:term":[{"taxonomy":"product_brand","embeddable":true,"href":"https:\/\/www.largepillow.com\/lv\/wp-json\/wp\/v2\/product_brand?post=3712"},{"taxonomy":"product_cat","embeddable":true,"href":"https:\/\/www.largepillow.com\/lv\/wp-json\/wp\/v2\/product_cat?post=3712"},{"taxonomy":"product_tag","embeddable":true,"href":"https:\/\/www.largepillow.com\/lv\/wp-json\/wp\/v2\/product_tag?post=3712"}],"curies":[{"name":"wp","href":"https:\/\/api.w.org\/{rel}","templated":true}]}}