{"id":3754,"date":"2024-09-03T04:08:26","date_gmt":"2024-09-03T04:08:26","guid":{"rendered":"https:\/\/www.largepillow.com\/product\/3d-planet-throw-pillows-solar-system-decor-soft-cushion-black-moon"},"modified":"2024-10-03T16:31:34","modified_gmt":"2024-10-03T16:31:34","slug":"3d-planetas-dekorativie-spilveni-saules-sistemas-dekors-miksts-spilvens-melns-meness","status":"publish","type":"product","link":"https:\/\/www.largepillow.com\/lv\/product\/3d-planet-throw-pillows-solar-system-decor-soft-cushion-black-moon","title":{"rendered":"3D plan\u0113tu dekorat\u012bvie spilveni, Saules sist\u0113mas dekors, m\u012bksts spilvens (Melnais m\u0113ness)"},"content":{"rendered":"","protected":false},"excerpt":{"rendered":"<ul>\n<li><strong>Plan\u0113tas tematikas dizains:<\/strong>\u00a0Radiet unik\u0101lu m\u0101jas dekoru ar \u0161iem Saules sist\u0113mas spilveniem, kuros att\u0113lota Saule, Zeme, M\u0113ness, Venera, Jupiters, Merkurs, Marss, Saturns, Ur\u0101ns, Nept\u016bns un Plutons. Katram spilvenam ir unik\u0101ls plan\u0113tas dizains, kas dod jums br\u012bv\u012bbu tos kombin\u0113t, lai ieg\u016btu personaliz\u0113tu izskatu.<\/li>\n<li><strong>Praktisks gr\u012bdas spilvens:<\/strong> \u0160os plan\u0113tas formas dekorat\u012bvos spilvenus var izmantot k\u0101 daudzpus\u012bgus aksesu\u0101rus fotostudij\u0101 vai k\u0101 \u0113rtus gr\u012bdas spilvenus, dekorat\u012bvos spilvenus, d\u012bv\u0101na spilvenus, \u0137\u012b\u013cveida spilvenus un d\u012bv\u0101na spilvenus, lai dekor\u0113tu j\u016bsu m\u0101ju, d\u0101rzu vai b\u0113rnud\u0101rzu. Tie nodro\u0161ina \u0113rtu spilvenu j\u016bsu galvai vai mugurai, kam\u0113r j\u016bs atp\u016b\u0161aties un relaks\u0113jaties, padarot tos ide\u0101li piem\u0113rotus izmanto\u0161anai k\u0101 dekorat\u012bvs akcents vai papildu s\u0113dvietas. Tie ir lieliski piem\u0113roti ar\u012b jogai vai medit\u0101cijai.<\/li>\n<li><strong>Dekorat\u012bvs gr\u012bdas spilvens:<\/strong> \u0160ie plan\u0113tu spilveni ir lieliski piem\u0113roti, lai pie\u0161\u0137irtu eleganci un komfortu j\u016bsu gu\u013camistabai, viesistabai vai jebkurai citai telpai j\u016bsu m\u0101j\u0101s. Spilgtas kr\u0101sas un unik\u0101lie dizaini padara tos par sarunu rosino\u0161iem elementiem, un tos var viegli kombin\u0113t ar citiem dekorat\u012bviem priek\u0161metiem, lai rad\u012btu vienotu izskatu. J\u016bs varat kombin\u0113t da\u017e\u0101dus stilus, lai izveidotu piel\u0101gotu telpas tematikas dekoru, kas atspogu\u013co j\u016bsu person\u012bbu un stilu.<\/li>\n<li><strong>K\u0101 d\u0101vana:<\/strong> Plan\u0113tas tematikas spilvens ir lieliska d\u0101vana ikvienam, kam pat\u012bk kosmoss, astronomija vai zin\u0101tne. Tas ir ide\u0101li piem\u0113rots b\u0113rniem, pusaud\u017eiem, studentiem vai pieaugu\u0161ajiem, kuri v\u0113las sav\u0101 istab\u0101 pievienot jautru un funkcion\u0101lu priek\u0161metu. To var d\u0101vin\u0101t ar\u012b \u012bpa\u0161os gad\u012bjumos, piem\u0113ram, dzim\u0161anas dien\u0101s, Ziemassv\u0113tkos vai izlaidum\u0101.<\/li>\n<li><strong>Mazg\u0101\u0161anas instrukcijas:<\/strong> Spilvens &quot;Planet&quot; ir izgatavots no augstas kvalit\u0101tes bieza samta auduma, kas nodro\u0161ina iztur\u012bbu un kvalit\u0101ti. Tam ir r\u0101v\u0113jsl\u0113dz\u0113js vieglai t\u012br\u012b\u0161anai un apkopei. Pild\u012bjums ir 100% poliesters, kas nodro\u0161ina izcilu elast\u012bbu. Mazg\u0101t ve\u013cas ma\u0161\u012bn\u0101 tikai aukst\u0101 \u016bden\u012b, saudz\u012bg\u0101 re\u017e\u012bm\u0101, nebalin\u0101t, \u017e\u0101v\u0113t ve\u013cas \u017e\u0101v\u0113t\u0101j\u0101 zem\u0101 temperat\u016br\u0101, ja nepiecie\u0161ams. \u0100dai draudz\u012bgs un m\u012bksts audums b\u016bs lab\u0101k\u0101 izv\u0113le \u0123imenei, draugiem un b\u0113rniem.<\/li>\n<li><strong>Izm\u0113rs:<\/strong>\u00a0Liels (16\u00a0\u00d7\u00a016\u00a0collas | 41\u00a0x\u00a041\u00a0cm), vid\u0113js (10\u00a0\u00d7\u00a010\u00a0collas | 25\u00a0x\u00a025\u00a0cm)<\/li>\n<\/ul>","protected":false},"featured_media":3744,"comment_status":"open","ping_status":"closed","template":"","meta":[],"product_brand":[],"product_cat":[231],"product_tag":[],"class_list":{"0":"post-3754","1":"product","2":"type-product","3":"status-publish","4":"has-post-thumbnail","6":"product_cat-throw-pillows","8":"first","9":"instock","10":"shipping-taxable","11":"purchasable","12":"product-type-variable","13":"has-default-attributes"},"_links":{"self":[{"href":"https:\/\/www.largepillow.com\/lv\/wp-json\/wp\/v2\/product\/3754","targetHints":{"allow":["GET"]}}],"collection":[{"href":"https:\/\/www.largepillow.com\/lv\/wp-json\/wp\/v2\/product"}],"about":[{"href":"https:\/\/www.largepillow.com\/lv\/wp-json\/wp\/v2\/types\/product"}],"replies":[{"embeddable":true,"href":"https:\/\/www.largepillow.com\/lv\/wp-json\/wp\/v2\/comments?post=3754"}],"wp:featuredmedia":[{"embeddable":true,"href":"https:\/\/www.largepillow.com\/lv\/wp-json\/wp\/v2\/media\/3744"}],"wp:attachment":[{"href":"https:\/\/www.largepillow.com\/lv\/wp-json\/wp\/v2\/media?parent=3754"}],"wp:term":[{"taxonomy":"product_brand","embeddable":true,"href":"https:\/\/www.largepillow.com\/lv\/wp-json\/wp\/v2\/product_brand?post=3754"},{"taxonomy":"product_cat","embeddable":true,"href":"https:\/\/www.largepillow.com\/lv\/wp-json\/wp\/v2\/product_cat?post=3754"},{"taxonomy":"product_tag","embeddable":true,"href":"https:\/\/www.largepillow.com\/lv\/wp-json\/wp\/v2\/product_tag?post=3754"}],"curies":[{"name":"wp","href":"https:\/\/api.w.org\/{rel}","templated":true}]}}