{"id":3808,"date":"2024-09-04T01:51:07","date_gmt":"2024-09-04T01:51:07","guid":{"rendered":"https:\/\/www.largepillow.com\/product\/3-in-1-dog-car-seat-carrier-for-small-dogs-cats"},"modified":"2024-10-03T16:31:25","modified_gmt":"2024-10-03T16:31:25","slug":"3-viena-sunu-automasinas-sedeklis-maziem-suniem-un-kakiem","status":"publish","type":"product","link":"https:\/\/www.largepillow.com\/lv\/product\/3-in-1-dog-car-seat-carrier-for-small-dogs-cats","title":{"rendered":"3 vien\u0101 su\u0146u autokr\u0113sli\u0146\u0161 un p\u0101rn\u0113s\u0101t\u0101js maziem su\u0146iem un ka\u0137iem"},"content":{"rendered":"[zc_getpagecontent mb=&#8221;mb_aplus&#8221; apid=&#8221;94&#8243;]\n","protected":false},"excerpt":{"rendered":"<ul>\n<li><strong>Dro\u0161s un stabils dizains:<\/strong> M\u016bsu su\u0146u autokr\u0113sli\u0146am ir dro\u0161s un stabils dizains, kas nodro\u0161ina j\u016bsu m\u0101jdz\u012bvnieka dro\u0161\u012bbu un komfortu ce\u013cojuma laik\u0101. Tas ir apr\u012bkots ar speci\u0101lu su\u0146u dro\u0161\u012bbas jostu, kas dro\u0161i piestiprina su\u0146u autokr\u0113sli\u0146u pie automa\u0161\u012bnas s\u0113dek\u013ca, nov\u0113r\u0161ot jebk\u0101du \u0161\u016bpo\u0161anos vai sl\u012bd\u0113\u0161anu. Turkl\u0101t b\u016brim ir iztur\u012bga konstrukcija un pastiprin\u0101tas malas, lai nodro\u0161in\u0101tu papildu atbalstu un stabilit\u0101ti.<\/li>\n<li><strong>3-in-1 su\u0146u autokr\u0113sli\u0146\u0161:<\/strong> M\u016bsu su\u0146u gulti\u0146a ar paaugstin\u0101tu s\u0113dekli automa\u0161\u012bnai ir piem\u0113rota ne tikai lieto\u0161anai automa\u0161\u012bn\u0101, bet ar\u012b kalpo k\u0101 p\u0101rn\u0113s\u0101jams m\u0101jdz\u012bvnieku ce\u013cojumu p\u0101rvad\u0101t\u0101js, su\u0146u gulta automa\u0161\u012bn\u0101 un su\u0146u pakl\u0101ji\u0146\u0161 kemping\u0101, apmierinot da\u017e\u0101das vajadz\u012bbas un lieto\u0161anas scen\u0101rijus. T\u0101s daudzfunkcion\u0101lais dizains \u013cauj m\u0101jdz\u012bvniekiem sajust paz\u012bstamo smar\u017eu, sniedzot dro\u0161\u012bbas un \u0113rt\u012bbas saj\u016btu. Neatkar\u012bgi no t\u0101, vai atrodaties automa\u0161\u012bn\u0101, \u0101r\u0101 vai iek\u0161telp\u0101s, m\u016bsu b\u016bris nodro\u0161ina \u0113rtu vietu m\u0101jdz\u012bvniekiem atp\u016btai un gul\u0113\u0161anai.<\/li>\n<li><strong>\u0112rts un elpojo\u0161s materi\u0101ls:<\/strong> M\u016bsu maz\u0101 su\u0146a autokr\u0113sli\u0146\u0161 ir izgatavots no elpojo\u0161a, mitrumiztur\u012bga un iztur\u012bga Oksfordas auduma, kas nodro\u0161ina j\u016bsu m\u0101jdz\u012bvnieka komfortu un ventil\u0101ciju. Tam ir iek\u0161\u0113jais pretmitruma spilventi\u0146\u0161, un tas ir pild\u012bts ar augstas kvalit\u0101tes PP kokvilnu papildu maigumam un komfortam. Nodilumiztur\u012bg\u0101 veiktsp\u0113ja \u013cauj su\u0146a autokr\u0113sli\u0146am iztur\u0113t ikdienas lieto\u0161anas rad\u012bto ilgsto\u0161o nodilumu un pagarin\u0101t t\u0101 kalpo\u0161anas laiku.<\/li>\n<li><strong>Viegli uzst\u0101d\u012bt:<\/strong> M\u016bsu mazo su\u0146u autos\u0113dekl\u012b\u0161i ir viegli uzst\u0101d\u0101mi un no\u0146emami, pateicoties lietot\u0101jam draudz\u012bgajai uzst\u0101d\u012b\u0161anas metodei. Nav nepiecie\u0161amas sare\u017e\u0123\u012btas darb\u012bbas vai instrumenti \u2014 tikai da\u017eas vienk\u0101r\u0161as darb\u012bbas, lai dro\u0161i piestiprin\u0101tu kuc\u0113na autos\u0113dekl\u012bti pie autos\u0113dek\u013ca, ietaupot laiku un p\u016bles.<\/li>\n<li><strong>Viegli t\u012br\u0101ms:<\/strong> T\u012br\u012b\u0161ana ir vienk\u0101r\u0161a. Vienk\u0101r\u0161i noslaukiet virsmu un \u013caujiet tai no\u017e\u016bt vai izmantojiet sav\u0101c\u0113ju net\u012bro vietu t\u012br\u012b\u0161anai. L\u016bdzu, \u0146emiet v\u0113r\u0101, ka mazg\u0101\u0161ana ve\u013cas ma\u0161\u012bn\u0101 nav ieteicama. \u0160is dizains ietaupa laiku un p\u016bles, vienlaikus nodro\u0161inot sak\u0101rtotu vidi m\u0101jdz\u012bvniekiem.<\/li>\n<\/ul>","protected":false},"featured_media":3800,"comment_status":"open","ping_status":"closed","template":"","meta":[],"product_brand":[],"product_cat":[227],"product_tag":[],"class_list":{"0":"post-3808","1":"product","2":"type-product","3":"status-publish","4":"has-post-thumbnail","6":"product_cat-pet-supplies","8":"first","9":"instock","10":"shipping-taxable","11":"purchasable","12":"product-type-simple"},"_links":{"self":[{"href":"https:\/\/www.largepillow.com\/lv\/wp-json\/wp\/v2\/product\/3808","targetHints":{"allow":["GET"]}}],"collection":[{"href":"https:\/\/www.largepillow.com\/lv\/wp-json\/wp\/v2\/product"}],"about":[{"href":"https:\/\/www.largepillow.com\/lv\/wp-json\/wp\/v2\/types\/product"}],"replies":[{"embeddable":true,"href":"https:\/\/www.largepillow.com\/lv\/wp-json\/wp\/v2\/comments?post=3808"}],"wp:featuredmedia":[{"embeddable":true,"href":"https:\/\/www.largepillow.com\/lv\/wp-json\/wp\/v2\/media\/3800"}],"wp:attachment":[{"href":"https:\/\/www.largepillow.com\/lv\/wp-json\/wp\/v2\/media?parent=3808"}],"wp:term":[{"taxonomy":"product_brand","embeddable":true,"href":"https:\/\/www.largepillow.com\/lv\/wp-json\/wp\/v2\/product_brand?post=3808"},{"taxonomy":"product_cat","embeddable":true,"href":"https:\/\/www.largepillow.com\/lv\/wp-json\/wp\/v2\/product_cat?post=3808"},{"taxonomy":"product_tag","embeddable":true,"href":"https:\/\/www.largepillow.com\/lv\/wp-json\/wp\/v2\/product_tag?post=3808"}],"curies":[{"name":"wp","href":"https:\/\/api.w.org\/{rel}","templated":true}]}}