{"id":3919,"date":"2024-09-05T03:12:00","date_gmt":"2024-09-05T03:12:00","guid":{"rendered":"https:\/\/www.largepillow.com\/product\/plush-reading-pillow-for-bed-sofa-dorm-with-back-support"},"modified":"2025-12-07T17:34:58","modified_gmt":"2025-12-07T17:34:58","slug":"plisa-lasisanas-spilvens-gultai-divanam-kopmitnei-ar-muguras-atbalstu","status":"publish","type":"product","link":"https:\/\/www.largepillow.com\/lv\/product\/plush-reading-pillow-for-bed-sofa-dorm-with-back-support","title":{"rendered":"Pl\u012b\u0161a las\u012b\u0161anas spilvens gultai, d\u012bv\u0101nam un kopm\u012btnei ar muguras atbalstu"},"content":{"rendered":"[zc_getpagecontent mb=&#8221;mb_aplus&#8221; apid=&#8221;88&#8243;]\n","protected":false},"excerpt":{"rendered":"<ul>\n<li><strong>Fiks\u0113tais izm\u0113rs:<\/strong> 95 x 45 x 25 cm galvga\u013ca spilvens, \u0137erme\u0146a atbalsta spilvens atzveltnei, pieejams tr\u012bs kr\u0101s\u0101s: meln\u0101, dzelten\u0101 un balt\u0101. Apdruka neizbal\u0113. Bez pog\u0101m.<\/li>\n<li><strong>Materi\u0101la jaunin\u0101jums:<\/strong> (ar pp kokvilnas pild\u012bjumu) Izgatavots no granul\u0113ta samta, m\u012bksts un \u0113rts. \u0160is audums ir r\u016bp\u012bgi atlas\u012bts, \u0146emot v\u0113r\u0101 t\u0101 kvalit\u0101ti un lieto\u0161anas \u0113rtumu, lai nodro\u0161in\u0101tu \u012bpa\u0161u iztur\u012bbu un ilgm\u016b\u017e\u012bbu. \u012ass pl\u012b\u0161a audums palielina \u0101das komfortu un spilvena maigumu, padarot to par lielisku spilvenu \u0137erme\u0146a atzveltn\u0113m un gultas dekor\u0101cij\u0101m.<\/li>\n<li><strong>Vid\u0113ja biezuma spilvens:<\/strong> Vid\u0113ja biezuma spilvens neaiz\u0146em daudz gultas un d\u012bv\u0101na plat\u012bbas, nodro\u0161inot pietiekami daudz s\u0113d\u0113\u0161anas vietas. Galvga\u013ca spilvens var nodro\u0161in\u0101t optim\u0101lu \u0137erme\u0146a aug\u0161da\u013cas pac\u0113lumu, pal\u012bdz\u0113t nov\u0113rst daudzas vesel\u012bbas probl\u0113mas. Da\u017e\u0101di izm\u0113ri ir piem\u0113roti da\u017e\u0101d\u0101m ain\u0101m, mazina bezmiegu un skeleta musku\u013cu s\u0101pes, k\u0101 ar\u012b pal\u012bdz vec\u0101ka gadag\u0101juma cilv\u0113kiem ar varikoz\u0101m v\u0113n\u0101m un jogas cien\u012bt\u0101jiem veikt stiep\u0161an\u0101s vingrin\u0101jumus.<\/li>\n<li><strong>Ide\u0101la p\u0101rsteiguma d\u0101vana:<\/strong> Pl\u012b\u0161a izm\u0113ra divviet\u012bgais galvga\u013ca spilvens uzlabo tr\u012bsdimensiju saj\u016btu un lieliski atspogu\u013co ergonomikas apsv\u0113rumus. Lielisks biezums un atbalsts, lai s\u0113d\u0113tu un las\u012btu gult\u0101, k\u0101 ar\u012b sniedz komfortu miega, las\u012b\u0161anas un televizora skat\u012b\u0161an\u0101s laik\u0101. V\u0101rdi \u201cLABI\u201d, kas neizbal\u0113, lab\u0101k atsl\u0101bina garast\u0101vokli.<\/li>\n<li><strong>Skaists un praktisks spilvens:<\/strong> M\u016bsu galvga\u013ca spilvens ir moderns m\u0101jas rot\u0101jums, kas piem\u0113rots gultai, d\u012bv\u0101nam, tatami, soli\u0146am, atp\u016btas kr\u0113slam, s\u0113deklim pie palodzes, gu\u013camistabai, erkeram, visiem gadalaikiem, kopm\u012bt\u0146u gultai, studentu gultai, b\u0113rnu gultas galvas balstam utt.<\/li>\n<\/ul>","protected":false},"featured_media":3899,"comment_status":"open","ping_status":"closed","template":"","meta":[],"product_brand":[],"product_cat":[228],"product_tag":[],"class_list":{"0":"post-3919","1":"product","2":"type-product","3":"status-publish","4":"has-post-thumbnail","6":"product_cat-cushions","8":"first","9":"instock","10":"shipping-taxable","11":"purchasable","12":"product-type-variable","13":"has-default-attributes"},"_links":{"self":[{"href":"https:\/\/www.largepillow.com\/lv\/wp-json\/wp\/v2\/product\/3919","targetHints":{"allow":["GET"]}}],"collection":[{"href":"https:\/\/www.largepillow.com\/lv\/wp-json\/wp\/v2\/product"}],"about":[{"href":"https:\/\/www.largepillow.com\/lv\/wp-json\/wp\/v2\/types\/product"}],"replies":[{"embeddable":true,"href":"https:\/\/www.largepillow.com\/lv\/wp-json\/wp\/v2\/comments?post=3919"}],"wp:featuredmedia":[{"embeddable":true,"href":"https:\/\/www.largepillow.com\/lv\/wp-json\/wp\/v2\/media\/3899"}],"wp:attachment":[{"href":"https:\/\/www.largepillow.com\/lv\/wp-json\/wp\/v2\/media?parent=3919"}],"wp:term":[{"taxonomy":"product_brand","embeddable":true,"href":"https:\/\/www.largepillow.com\/lv\/wp-json\/wp\/v2\/product_brand?post=3919"},{"taxonomy":"product_cat","embeddable":true,"href":"https:\/\/www.largepillow.com\/lv\/wp-json\/wp\/v2\/product_cat?post=3919"},{"taxonomy":"product_tag","embeddable":true,"href":"https:\/\/www.largepillow.com\/lv\/wp-json\/wp\/v2\/product_tag?post=3919"}],"curies":[{"name":"wp","href":"https:\/\/api.w.org\/{rel}","templated":true}]}}