{"id":4064,"date":"2024-09-06T01:40:07","date_gmt":"2024-09-06T01:40:07","guid":{"rendered":"https:\/\/www.largepillow.com\/product\/large-wedge-reading-pillow-for-bed-daybed-bolster-backrest-pink"},"modified":"2025-11-30T11:11:37","modified_gmt":"2025-11-30T11:11:37","slug":"liels-kilveida-lasisanas-spilvens-gultai-divangultas-atzveltne-roza-krasa","status":"publish","type":"product","link":"https:\/\/www.largepillow.com\/lv\/product\/large-wedge-reading-pillow-for-bed-daybed-bolster-backrest-pink","title":{"rendered":"Liels \u0137\u012b\u013cveida las\u012b\u0161anas spilvens gultai, dienas gultai, atzveltnes polster\u0113jums, roz\u0101"},"content":{"rendered":"","protected":false},"excerpt":{"rendered":"<ul>\n<li>Izcils komforts: \u0160is XL izm\u0113ra galvga\u013ca spilvens pied\u0101v\u0101 izcilu komfortu, pateicoties t\u0101 tr\u012bsst\u016brveida formas dizainam. Gultas atbalsta spilvens labi piegu\u013c mugurai un viduklim, samazinot jostasvietas\/muguras spiedienu. \u0160is \u0137\u012b\u013cveida las\u012b\u0161anas spilvens var pal\u012bdz\u0113t jums saglab\u0101t sasprindzin\u0101jumu gult\u0101 vai d\u012bv\u0101n\u0101, kas ir ide\u0101li piem\u0113rots naktsputniem, gr\u0101matu t\u0101rpiem un televizora skat\u012b\u0161anai gult\u0101. \u0160is \u012bpa\u0161i lielais \u0137\u012b\u013cveida galvga\u013ca spilvens ir vien\u012bgais \u0137\u012b\u013cveida galvga\u013ca spilvens, kas var uz\u0146emt divas personas.<\/li>\n<li>3\u00a0vien\u0101 liels galvga\u013ca spilvens: spilvenu var izmantot vertik\u0101li k\u0101 muguras atbalsta galvga\u013ca spilvenu s\u0113\u017eot gult\u0101 vai novietot horizont\u0101li uz gultas, lai izmantotu to k\u0101 lielu \u0137\u012b\u013cveida spilvenu, gu\u013cot uz muguras vai s\u0101niem, vai k\u0101 k\u0101ju spilvenu, lai paceltu k\u0101jas. Ja v\u0113laties lielu galvga\u013ca spilvenu, kas sniedz atbalstu gan jums, gan j\u016bsu dz\u012bvesbiedram, t\u0101 ir lieliska alternat\u012bva.<\/li>\n<li>Daudzfunkcion\u0101ls dizains: Da\u017ei cilv\u0113ki izmanto tr\u012bsst\u016brveida lielo spilvenu k\u0101 galvga\u013ca spilvenu, bet citi to izmanto k\u0101 bufera spilvenu, to var izmantot ar\u012b k\u0101 d\u012bv\u0101na vai dienas gultas atzveltnes spilvenu. Tas ir gan stil\u012bgs, gan funkcion\u0101ls, padarot to par lielisku papildin\u0101jumu jebkurai gu\u013camistabai.<\/li>\n<li>Izcila meistar\u012bba: Spilvendr\u0101na ir veidota no korduroja imit\u0101cijas, un t\u0101s sast\u0101vs ir 100% poliesters. M\u016bsu galvga\u013ca spilvens ir elpojo\u0161s un pietiekami \u0113rts, lai saglab\u0101tu savu formu un laika gait\u0101 to nezaud\u0113tu. S\u0101nu kabata katr\u0101 pus\u0113 \u013cauj ievietot gr\u0101matu vai t\u0101lruni.<\/li>\n<li>Viegli mazg\u0101jams: Las\u012b\u0161anas spilvena p\u0101rvalks ir piestiprin\u0101ts pie spilvena ar pog\u0101m un ir viegli no\u0146emams ar vienk\u0101r\u0161u r\u0101v\u0113jsl\u0113dz\u0113ju. Tas padara t\u0101 t\u012br\u012b\u0161anu vienk\u0101r\u0161u. Vienk\u0101r\u0161i no\u0146emiet p\u0101rvalku un \u0101tri izmazg\u0101jiet to ve\u013cas ma\u0161\u012bn\u0101, lai spilvens izskat\u012btos k\u0101 jauns.<\/li>\n<li><strong>Izm\u0113rs:<\/strong> 60 cm (60*20*50 cm, 2 pogas), 80 cm (80*20*50 cm, 2 pogas), 100 cm (100*20*50 cm, 3 pogas), 120 cm (120*20*50 cm, 4 pogas), 140 cm (140*20*50 cm, 4 pogas), 160 cm (160*20*50 cm, 5 pogas), 180 cm (180*20*50 cm, 6 pogas), 200 cm (200*20*50 cm, 7 pogas)<\/li>\n<\/ul>","protected":false},"featured_media":4048,"comment_status":"open","ping_status":"closed","template":"","meta":[],"product_brand":[],"product_cat":[15],"product_tag":[],"class_list":{"0":"post-4064","1":"product","2":"type-product","3":"status-publish","4":"has-post-thumbnail","6":"product_cat-large-wedge-pillow","8":"first","9":"instock","10":"shipping-taxable","11":"purchasable","12":"product-type-variable","13":"has-default-attributes"},"_links":{"self":[{"href":"https:\/\/www.largepillow.com\/lv\/wp-json\/wp\/v2\/product\/4064","targetHints":{"allow":["GET"]}}],"collection":[{"href":"https:\/\/www.largepillow.com\/lv\/wp-json\/wp\/v2\/product"}],"about":[{"href":"https:\/\/www.largepillow.com\/lv\/wp-json\/wp\/v2\/types\/product"}],"replies":[{"embeddable":true,"href":"https:\/\/www.largepillow.com\/lv\/wp-json\/wp\/v2\/comments?post=4064"}],"wp:featuredmedia":[{"embeddable":true,"href":"https:\/\/www.largepillow.com\/lv\/wp-json\/wp\/v2\/media\/4048"}],"wp:attachment":[{"href":"https:\/\/www.largepillow.com\/lv\/wp-json\/wp\/v2\/media?parent=4064"}],"wp:term":[{"taxonomy":"product_brand","embeddable":true,"href":"https:\/\/www.largepillow.com\/lv\/wp-json\/wp\/v2\/product_brand?post=4064"},{"taxonomy":"product_cat","embeddable":true,"href":"https:\/\/www.largepillow.com\/lv\/wp-json\/wp\/v2\/product_cat?post=4064"},{"taxonomy":"product_tag","embeddable":true,"href":"https:\/\/www.largepillow.com\/lv\/wp-json\/wp\/v2\/product_tag?post=4064"}],"curies":[{"name":"wp","href":"https:\/\/api.w.org\/{rel}","templated":true}]}}