{"id":4160,"date":"2024-09-12T03:12:48","date_gmt":"2024-09-12T03:12:48","guid":{"rendered":"https:\/\/www.largepillow.com\/product\/headboard-pillow-white-plush-large-wedge-reading-pillow"},"modified":"2025-08-27T10:53:28","modified_gmt":"2025-08-27T10:53:28","slug":"galvgala-spilvens-balts-plisa-liels-kilveida-lasisanas-spilvens","status":"publish","type":"product","link":"https:\/\/www.largepillow.com\/lv\/product\/headboard-pillow-white-plush-large-wedge-reading-pillow","title":{"rendered":"Galvga\u013ca spilvens, balts, pl\u012b\u0161a, liels, \u0137\u012b\u013cveida las\u012b\u0161anas spilvens"},"content":{"rendered":"","protected":false},"excerpt":{"rendered":"<ul>\n<li><strong>DAUDZFUNKCIONALIT\u0100TE:<\/strong> M\u016bsu \u0137\u012b\u013cveida gultas spilvens ir vair\u0101k nek\u0101 tikai galvga\u013ca spilvens \u2014 to var izmantot da\u017e\u0101diem m\u0113r\u0137iem un k\u0101 ide\u0101lu pal\u012bgl\u012bdzekli muguras atbalstam, k\u0101ju pacel\u0161anai, las\u012b\u0161anai, televizora skat\u012b\u0161anai un daudz\u0101m cit\u0101m poz\u0101m, lai apmierin\u0101tu j\u016bsu daudzveid\u012bg\u0101s vajadz\u012bbas.<\/li>\n<li><strong>ERGONOMISKS DIZAINS:<\/strong> Int\u012bm\u0101 apr\u016bpe, ergonomiska atjaut\u012bba. Nodro\u0161ina vis\u0113rt\u0101ko atbalstu, samazina spiedienu uz kakla un jostas skrieme\u013ciem, izbauda katru komforta un m\u0101j\u012bguma mirkli.<\/li>\n<li><strong>\u0112RT\u012aBA:<\/strong> Lielais tr\u012bsst\u016brveida \u0137\u012b\u013cveida spilvens ir izgatavots no augstas kvalit\u0101tes materi\u0101liem un smalkas apstr\u0101des tehnolo\u0123ijas, lai nodro\u0161in\u0101tu \u0137\u012b\u013cveida galvas balsta spilvena maigumu un komfortu, lai j\u016bs var\u0113tu baud\u012bt int\u012bmu piegul\u0161anu, siltumu un komforta saj\u016btu.<\/li>\n<li><strong>MATERI\u0100LS:<\/strong> Dienasgultas atzveltnes spilveni ir izgatavoti no augstas kvalit\u0101tes audumiem, kas ir m\u012bksti un \u0101dai draudz\u012bgi, grumbu un nodilumiztur\u012bgi, nodro\u0161inot komfortablu piesk\u0101rienu un lielisku elpojam\u012bbu, saglab\u0101jot sausumu un komfortu.<\/li>\n<li><strong>VIEGLI T\u012aR\u012aT:<\/strong> \u0136\u012b\u013cveida gultas spilvenam ir no\u0146emams un mazg\u0101jams p\u0101rvalks, kas ir viegli kopjams, lai jums vienm\u0113r b\u016btu svaiga un sakopta atp\u016btas vide.<\/li>\n<li><strong>Izm\u0113rs:<\/strong> 60 cm (60 * 20 * 50 cm), 80 cm (80 * 20 * 50 cm), 100 cm (100 * 20 * 50 cm), 120 cm (120 * 20 * 50 cm), 140 cm (140 * 20 * 50 cm), 160 cm (160 * 20 * 50 cm), 180 cm (180 * 20 * 50 cm), 200 cm (200 * 20 * 50 cm)<\/li>\n<\/ul>","protected":false},"featured_media":4148,"comment_status":"open","ping_status":"closed","template":"","meta":[],"product_brand":[],"product_cat":[15],"product_tag":[],"class_list":{"0":"post-4160","1":"product","2":"type-product","3":"status-publish","4":"has-post-thumbnail","6":"product_cat-large-wedge-pillow","8":"first","9":"instock","10":"shipping-taxable","11":"purchasable","12":"product-type-variable","13":"has-default-attributes"},"_links":{"self":[{"href":"https:\/\/www.largepillow.com\/lv\/wp-json\/wp\/v2\/product\/4160","targetHints":{"allow":["GET"]}}],"collection":[{"href":"https:\/\/www.largepillow.com\/lv\/wp-json\/wp\/v2\/product"}],"about":[{"href":"https:\/\/www.largepillow.com\/lv\/wp-json\/wp\/v2\/types\/product"}],"replies":[{"embeddable":true,"href":"https:\/\/www.largepillow.com\/lv\/wp-json\/wp\/v2\/comments?post=4160"}],"wp:featuredmedia":[{"embeddable":true,"href":"https:\/\/www.largepillow.com\/lv\/wp-json\/wp\/v2\/media\/4148"}],"wp:attachment":[{"href":"https:\/\/www.largepillow.com\/lv\/wp-json\/wp\/v2\/media?parent=4160"}],"wp:term":[{"taxonomy":"product_brand","embeddable":true,"href":"https:\/\/www.largepillow.com\/lv\/wp-json\/wp\/v2\/product_brand?post=4160"},{"taxonomy":"product_cat","embeddable":true,"href":"https:\/\/www.largepillow.com\/lv\/wp-json\/wp\/v2\/product_cat?post=4160"},{"taxonomy":"product_tag","embeddable":true,"href":"https:\/\/www.largepillow.com\/lv\/wp-json\/wp\/v2\/product_tag?post=4160"}],"curies":[{"name":"wp","href":"https:\/\/api.w.org\/{rel}","templated":true}]}}