{"id":4197,"date":"2024-09-12T04:05:24","date_gmt":"2024-09-12T04:05:24","guid":{"rendered":"https:\/\/www.largepillow.com\/product\/large-bed-wedge-pillow-backrest-support-with-side-pocket"},"modified":"2026-03-05T19:55:59","modified_gmt":"2026-03-05T19:55:59","slug":"liela-gultas-kilveida-spilvena-atzveltnes-atbalsts-ar-sanu-kabatu","status":"publish","type":"product","link":"https:\/\/www.largepillow.com\/lv\/product\/large-bed-wedge-pillow-backrest-support-with-side-pocket","title":{"rendered":"Lielas gultas \u0137\u012b\u013cveida spilvena atzveltnes atbalsts ar s\u0101nu kabatu"},"content":{"rendered":"","protected":false},"excerpt":{"rendered":"<ul>\n<li><strong>Augstas kvalit\u0101tes meistar\u012bba:<\/strong> Lai muguras spilveni izskat\u012btos perfekt\u0101ki un harmonisk\u0101ki, dizainers izv\u0113l\u0113j\u0101s dekorat\u012bvu pogu t\u0101d\u0101 pa\u0161\u0101 kr\u0101s\u0101 k\u0101 spilvena p\u0101rvalks. Spilvena p\u0101rvalks ir gluds un iztur\u012bgs, bet \u0137\u012b\u013cveida spilvens ir m\u012bksts un elast\u012bgs. Apak\u0161\u0101 ir r\u0101v\u0113jsl\u0113dz\u0113js, un pild\u012bjuma kokvilna ir ievietota polster\u0113juma sl\u0101n\u012b. PP kokvilnas daudzumu var pievienot vai samazin\u0101t atkar\u012bb\u0101 no j\u016bsu pa\u0161u saj\u016bt\u0101m lieto\u0161anas laik\u0101.<\/li>\n<li><strong>Materi\u0101ls:<\/strong> Apdruk\u0101ts \u0137\u012b\u013cveida spilvena p\u0101rvalks, izgatavots no 100% kokvilnas. Pild\u012bjums ir izgatavots no poliestera \u0161\u0137iedras (PP kokvilna). M\u012bksts piesk\u0101rienam, kr\u0101sots videi draudz\u012bg\u0101 veid\u0101, nep\u016bkojas un neizbal\u0113. Smalki apdrukas lab\u0101k dekor\u0113 iek\u0161telpu vidi.<\/li>\n<li><strong>Funkcija:<\/strong>\u00a0M\u016bsu funkcion\u0101lie atbalsta spilveni var atbalst\u012bt j\u016bsu muguru, str\u0101d\u0101jot vai lasot, lai j\u016bs nejustos tik noguris. Vienk\u0101r\u0161i pa\u0146emiet tos m\u0101j\u0101s, un j\u016bsu parastie d\u012bv\u0101ni un gultas k\u013c\u016bs izsmalcin\u0101t\u0101kas. Turkl\u0101t m\u016bsu rakstainais pl\u012b\u0161a galvga\u013ca spilvens var pie\u0161\u0137irt svaigu un stil\u012bgu izskatu iek\u0161telpu viesistabas balkoniem un \u0101ra d\u0101rza kr\u0113sliem. Mobilos t\u0101lru\u0146us vai citas ikdienas nepiecie\u0161am\u0101s lietas var glab\u0101t spilvenu s\u0101nu kabat\u0101s.<\/li>\n<li><strong>Izm\u0113rs:<\/strong> 60 cm (60 * 20 * 50 cm), 140 cm (140 * 20 * 50 cm), 180 cm (180 * 20 * 50 cm)<\/li>\n<li>L\u016bdzu, \u0146emiet v\u0113r\u0101, ka pogas nav no\u0146emamas un ir stingri pie\u0161\u016btas spilvena kodol\u0101. Zem katras pogas ir caurums, kas apzin\u0101ti atst\u0101ts, lai atvieglotu spilvena p\u0101rvalka no\u0146em\u0161anu.<\/li>\n<\/ul>","protected":false},"featured_media":4186,"comment_status":"open","ping_status":"closed","template":"","meta":[],"product_brand":[],"product_cat":[15],"product_tag":[],"class_list":{"0":"post-4197","1":"product","2":"type-product","3":"status-publish","4":"has-post-thumbnail","6":"product_cat-large-wedge-pillow","8":"first","9":"instock","10":"shipping-taxable","11":"purchasable","12":"product-type-variable","13":"has-default-attributes"},"_links":{"self":[{"href":"https:\/\/www.largepillow.com\/lv\/wp-json\/wp\/v2\/product\/4197","targetHints":{"allow":["GET"]}}],"collection":[{"href":"https:\/\/www.largepillow.com\/lv\/wp-json\/wp\/v2\/product"}],"about":[{"href":"https:\/\/www.largepillow.com\/lv\/wp-json\/wp\/v2\/types\/product"}],"replies":[{"embeddable":true,"href":"https:\/\/www.largepillow.com\/lv\/wp-json\/wp\/v2\/comments?post=4197"}],"wp:featuredmedia":[{"embeddable":true,"href":"https:\/\/www.largepillow.com\/lv\/wp-json\/wp\/v2\/media\/4186"}],"wp:attachment":[{"href":"https:\/\/www.largepillow.com\/lv\/wp-json\/wp\/v2\/media?parent=4197"}],"wp:term":[{"taxonomy":"product_brand","embeddable":true,"href":"https:\/\/www.largepillow.com\/lv\/wp-json\/wp\/v2\/product_brand?post=4197"},{"taxonomy":"product_cat","embeddable":true,"href":"https:\/\/www.largepillow.com\/lv\/wp-json\/wp\/v2\/product_cat?post=4197"},{"taxonomy":"product_tag","embeddable":true,"href":"https:\/\/www.largepillow.com\/lv\/wp-json\/wp\/v2\/product_tag?post=4197"}],"curies":[{"name":"wp","href":"https:\/\/api.w.org\/{rel}","templated":true}]}}