{"id":4221,"date":"2024-09-13T00:46:56","date_gmt":"2024-09-13T00:46:56","guid":{"rendered":"https:\/\/www.largepillow.com\/product\/space-themed-backrest-cushion-for-kids-headboard-pillow-jupiter"},"modified":"2024-10-03T16:31:23","modified_gmt":"2024-10-03T16:31:23","slug":"kosmosa-tematikas-atzveltnes-spilvens-berniem-galvgala-spilvens-jupiters","status":"publish","type":"product","link":"https:\/\/www.largepillow.com\/lv\/product\/space-themed-backrest-cushion-for-kids-headboard-pillow-jupiter","title":{"rendered":"Kosmosa tematikas muguras spilvens b\u0113rniem \u2013 galvga\u013ca spilvens (Jupiters)"},"content":{"rendered":"[zc_getpagecontent mb=&#8221;mb_aplus&#8221; apid=&#8221;90&#8243;]\n","protected":false},"excerpt":{"rendered":"<ul>\n<li><strong>Produkta izm\u0113rs:<\/strong>\u00a0Mums ir pieejami 3 veidu plan\u0113tas muguras atbalsta spilveni \u2014 Zemes, M\u0113ness un Jupitera \u2014, kuru izm\u0113ri ir aptuveni 39 x 19,6 collas. J\u016bs varat izv\u0113l\u0113ties savu iecien\u012bt\u0101ko spilvenu izskatu atbilsto\u0161i savam noska\u0146ojumam. Radiet sap\u0146ainu un izt\u0113les bag\u0101tu gu\u013camistabu ar \u0161o burv\u012bgo plan\u0113tas muguras atbalsta spilvenu, kas rad\u012bts, lai iedvesmotu j\u016bsu mazuli sap\u0146ot par kosmosa izp\u0113ti.<\/li>\n<li><strong>M\u012bksts un \u0113rts:<\/strong>\u00a0Planet las\u012b\u0161anas spilvens ir izgatavots no \u012bsa, pl\u012b\u0161a auduma, m\u012bksts un \u0113rts, pied\u0101v\u0101jot gludu, siltu un m\u0101j\u012bgu tekst\u016bru; iek\u0161\u0113jais materi\u0101ls ir PP kokvilna, m\u012bksta un atbalst\u012bta, to var novietot uz gultas vai d\u012bv\u0101na, tas sniedz pietiekamu atbalstu mugurai, k\u0101 ar\u012b uzlabo st\u0101ju un mazina meh\u0101niskas muguras s\u0101pes.<\/li>\n<li><strong>Spilgts un dz\u012bv\u012bgs dizains:<\/strong>\u00a0M\u016bsu plan\u0113tu galvga\u013ca spilvenam ir divpus\u0113js apdruk\u0101ts dizains ar apbr\u012bnojamo Kosmosa Visuma Galaktikas Plan\u0113tas t\u0113mu. B\u0113rni var uzzin\u0101t par katru plan\u0113tu ar tekstur\u0113tu deta\u013cu pal\u012bdz\u012bbu un sal\u012bdzin\u0101t to izm\u0113rus, atp\u016b\u0161oties uz m\u012bkstiem spilveniem, kas ir ide\u0101li piem\u0113roti izt\u0113les sp\u0113l\u0113m. \u0160ie for\u0161ie kosmosa galaktiku rot\u0101jumi pie\u0161\u0137ir j\u016bsu galaktikas m\u0101jas dekoram nedaudz galaktisk\u0101 noska\u0146as. Izveidojiet unik\u0101lu astronautu plan\u0113tas stila gu\u013camistabu gan z\u0113niem, gan meiten\u0113m.<\/li>\n<li><strong>Daudzpus\u012bga lieto\u0161ana:<\/strong>\u00a03D simul\u0113tie plan\u0113tas atzveltnes spilvenu dizaini ar spilgtu abpus\u0113jas drukas rakstu, \u0161os spilvenus var izmantot ne tikai k\u0101 at\u0161\u0137ir\u012bgu m\u0101jas dekoru uz gr\u012bdas, gu\u013camistabas, d\u012bv\u0101na, viesistabas un m\u0113bel\u0113m, bet ar\u012b k\u0101 interesantu apsk\u0101vienu spilvenu j\u016bsu \u0123imenei, uzlabojot daudzu vietu izskatu.<\/li>\n<li><strong>Sl\u0113pt\u0101 r\u0101v\u0113jsl\u0113dz\u0113ja dizains:<\/strong>\u00a0Katram plan\u0113tas tipa spilvendr\u0101nam ir sl\u0113pts r\u0101v\u0113jsl\u0113dz\u0113js, kas rada neman\u0101mu un smalku izskatu; Turkl\u0101t tas atvieglo spilvenu iz\u0146em\u0161anu un ievieto\u0161anu t\u012br\u012b\u0161anai vai nomai\u0146ai, \u0161\u012b ir \u012bpa\u0161a, ma\u0123iska dzim\u0161anas dienas Ziemassv\u0113tku d\u0101vana z\u0113niem un meiten\u0113m.<\/li>\n<\/ul>","protected":false},"featured_media":4213,"comment_status":"open","ping_status":"closed","template":"","meta":[],"product_brand":[],"product_cat":[228],"product_tag":[],"class_list":{"0":"post-4221","1":"product","2":"type-product","3":"status-publish","4":"has-post-thumbnail","6":"product_cat-cushions","8":"first","9":"instock","10":"shipping-taxable","11":"purchasable","12":"product-type-simple"},"_links":{"self":[{"href":"https:\/\/www.largepillow.com\/lv\/wp-json\/wp\/v2\/product\/4221","targetHints":{"allow":["GET"]}}],"collection":[{"href":"https:\/\/www.largepillow.com\/lv\/wp-json\/wp\/v2\/product"}],"about":[{"href":"https:\/\/www.largepillow.com\/lv\/wp-json\/wp\/v2\/types\/product"}],"replies":[{"embeddable":true,"href":"https:\/\/www.largepillow.com\/lv\/wp-json\/wp\/v2\/comments?post=4221"}],"wp:featuredmedia":[{"embeddable":true,"href":"https:\/\/www.largepillow.com\/lv\/wp-json\/wp\/v2\/media\/4213"}],"wp:attachment":[{"href":"https:\/\/www.largepillow.com\/lv\/wp-json\/wp\/v2\/media?parent=4221"}],"wp:term":[{"taxonomy":"product_brand","embeddable":true,"href":"https:\/\/www.largepillow.com\/lv\/wp-json\/wp\/v2\/product_brand?post=4221"},{"taxonomy":"product_cat","embeddable":true,"href":"https:\/\/www.largepillow.com\/lv\/wp-json\/wp\/v2\/product_cat?post=4221"},{"taxonomy":"product_tag","embeddable":true,"href":"https:\/\/www.largepillow.com\/lv\/wp-json\/wp\/v2\/product_tag?post=4221"}],"curies":[{"name":"wp","href":"https:\/\/api.w.org\/{rel}","templated":true}]}}