{"id":4260,"date":"2024-09-13T02:12:22","date_gmt":"2024-09-13T02:12:22","guid":{"rendered":"https:\/\/www.largepillow.com\/product\/v-shaped-side-sleeper-pillow-for-shoulder-and-leg-relief"},"modified":"2025-01-23T19:06:54","modified_gmt":"2025-01-23T19:06:54","slug":"v-veida-spilvens-gulesanai-uz-saniem-plecu-un-kaju-atvieglosanai","status":"publish","type":"product","link":"https:\/\/www.largepillow.com\/lv\/product\/v-shaped-side-sleeper-pillow-for-shoulder-and-leg-relief","title":{"rendered":"V veida spilvens gu\u013cam uz s\u0101niem plecu un k\u0101ju atvieglo\u0161anai"},"content":{"rendered":"<p>Iepaz\u012bstin\u0101m ar m\u016bsu V-veida s\u0101nu spilvenu gul\u0113t\u0101jam \u2014 lab\u0101ko risin\u0101jumu \u0113rt\u0101kam un mier\u012bg\u0101kam miegam! \u0160is spilvens, kas \u012bpa\u0161i izstr\u0101d\u0101ts, lai mazin\u0101tu spiedienu uz pleciem un k\u0101j\u0101m, ir veidots ar unik\u0101lu V-veida formu, kas nodro\u0161ina optim\u0101lu atbalstu gul\u0113t\u0101jiem uz s\u0101niem. Polster\u0113tie sl\u012bpumi ab\u0101s spilvena pus\u0113s pal\u012bdz mazin\u0101t spiedienu uz rok\u0101m un k\u0101j\u0101m, savuk\u0101rt augst\u0101kais punkts aug\u0161pus\u0113 pace\u013c un atbalsta plecus.<\/p>\n<p>\u0160is spilvens ne tikai nodro\u0161ina izcilu atbalstu pleciem un k\u0101j\u0101m, bet ar\u012b ir lieliski piem\u0113rots \u0137erme\u0146a aug\u0161da\u013cas pacel\u0161anai, lai mazin\u0101tu gr\u0113mas un kr\u0101k\u0161anas simptomus.<\/p>\n<p>Izgatavots no augstas kvalit\u0101tes 100% poliestera samta, tas pied\u0101v\u0101 greznu un elegantu saj\u016btu, kas ir m\u012bksta piesk\u0101rienam. Turkl\u0101t spilvendr\u0101na ir mazg\u0101jama ve\u013cas ma\u0161\u012bn\u0101, lai to b\u016btu viegli t\u012br\u012bt, nodro\u0161inot, ka j\u016bsu spilvens saglab\u0101jas t\u012brs un svaigs turpm\u0101kai lieto\u0161anai.<\/p>\n<p>Izbaudiet mier\u012bg\u0101ku un atjaunojo\u0161\u0101ku miegu ar m\u016bsu V-veida s\u0101nu spilvenu \u2013 ide\u0101la izv\u0113le gul\u0113t\u0101jiem uz s\u0101niem un ikvienam, kur\u0161 v\u0113las lab\u0101ku miega kvalit\u0101ti!<\/p>","protected":false},"excerpt":{"rendered":"<ul>\n<li><strong>Plecu un k\u0101ju atvieglojums:<\/strong> V-veida spilvens gul\u0113\u0161anai uz s\u0101niem ir \u012bpa\u0161i izstr\u0101d\u0101ts, lai atvieglotu plecu un k\u0101ju slodzi. T\u0101 augst\u0101kais punkts atrodas aug\u0161pus\u0113, lai paceltu un atbalst\u012btu plecus, savuk\u0101rt polster\u0113t\u0101s nog\u0101zes ab\u0101s spilvena pus\u0113s pal\u012bdz mazin\u0101t spiedienu uz rok\u0101m un k\u0101j\u0101m.<\/li>\n<li><strong>Gultas \u0137\u012b\u013cveida spilvens:<\/strong> Tas var pal\u012bdz\u0113t pacelt \u0137erme\u0146a aug\u0161da\u013cu, kas var mazin\u0101t gr\u0113mas un kr\u0101k\u0161anas simptomus. \u0160\u012b sl\u012bp\u0101 poz\u012bcija var ar\u012b uzlabot asinsriti un samazin\u0101t spiedienu uz muguras lejasda\u013cu. Turkl\u0101t spilvena V-veida dizains nodro\u0161ina atbalstu un komfortu pleciem un kaklam.<\/li>\n<li><strong>Izbaudiet mier\u012bgu miegu:<\/strong> M\u016bsu V-veida spilvens gul\u0113\u0161anai uz s\u0101niem ir \u012bpa\u0161i izstr\u0101d\u0101ts tiem, kas gu\u013c uz s\u0101niem, jo tas nodro\u0161ina atbilsto\u0161u atbalstu kaklam, pleciem un k\u0101j\u0101m. M\u016bsu spilvens gul\u0113\u0161anai uz s\u0101niem var pal\u012bdz\u0113t sasniegt lab\u0101ku miega kvalit\u0101ti.<\/li>\n<li><strong>Augst\u0101k\u0101s kvalit\u0101tes:<\/strong> M\u016bsu spilvena p\u0101rvalks gul\u0113\u0161anai uz s\u0101niem ir izgatavots no 100% poliestera samta, kas rada greznu un elegantu saj\u016btu un ir m\u012bksts piesk\u0101rienam. \u0160is materi\u0101ls pied\u0101v\u0101 izcilu komfortu un m\u0101j\u012bgumu, padarot to par ide\u0101lu izv\u0113li mier\u012bgam un atjaunojo\u0161am naktsmieram.<\/li>\n<li><strong>Mazg\u0101jams ve\u013cas ma\u0161\u012bn\u0101:<\/strong> Spilvena samta auduma p\u0101rvalku var viegli no\u0146emt un mazg\u0101t ve\u013cas ma\u0161\u012bn\u0101 \u0113rtai t\u012br\u012b\u0161anai, nodro\u0161inot, ka spilvens saglab\u0101jas higi\u0113nisks turpm\u0101kai lieto\u0161anai.<\/li>\n<\/ul>","protected":false},"featured_media":4251,"comment_status":"open","ping_status":"closed","template":"","meta":[],"product_brand":[],"product_cat":[228],"product_tag":[],"class_list":{"0":"post-4260","1":"product","2":"type-product","3":"status-publish","4":"has-post-thumbnail","6":"product_cat-cushions","8":"first","9":"instock","10":"shipping-taxable","11":"purchasable","12":"product-type-simple"},"_links":{"self":[{"href":"https:\/\/www.largepillow.com\/lv\/wp-json\/wp\/v2\/product\/4260","targetHints":{"allow":["GET"]}}],"collection":[{"href":"https:\/\/www.largepillow.com\/lv\/wp-json\/wp\/v2\/product"}],"about":[{"href":"https:\/\/www.largepillow.com\/lv\/wp-json\/wp\/v2\/types\/product"}],"replies":[{"embeddable":true,"href":"https:\/\/www.largepillow.com\/lv\/wp-json\/wp\/v2\/comments?post=4260"}],"wp:featuredmedia":[{"embeddable":true,"href":"https:\/\/www.largepillow.com\/lv\/wp-json\/wp\/v2\/media\/4251"}],"wp:attachment":[{"href":"https:\/\/www.largepillow.com\/lv\/wp-json\/wp\/v2\/media?parent=4260"}],"wp:term":[{"taxonomy":"product_brand","embeddable":true,"href":"https:\/\/www.largepillow.com\/lv\/wp-json\/wp\/v2\/product_brand?post=4260"},{"taxonomy":"product_cat","embeddable":true,"href":"https:\/\/www.largepillow.com\/lv\/wp-json\/wp\/v2\/product_cat?post=4260"},{"taxonomy":"product_tag","embeddable":true,"href":"https:\/\/www.largepillow.com\/lv\/wp-json\/wp\/v2\/product_tag?post=4260"}],"curies":[{"name":"wp","href":"https:\/\/api.w.org\/{rel}","templated":true}]}}