{"id":4269,"date":"2024-09-13T02:16:20","date_gmt":"2024-09-13T02:16:20","guid":{"rendered":"https:\/\/www.largepillow.com\/product\/multi-functional-creative-seat-cushion-folding-floor-bed"},"modified":"2024-10-03T16:31:23","modified_gmt":"2024-10-03T16:31:23","slug":"daudzfunkcionala-radosa-sedekla-spilvena-saliekama-gridas-gulta","status":"publish","type":"product","link":"https:\/\/www.largepillow.com\/lv\/product\/multi-functional-creative-seat-cushion-folding-floor-bed\/","title":{"rendered":"Daudzfunkcion\u0101la rado\u0161a s\u0113dek\u013ca spilvena saliekam\u0101 gr\u012bdas gulta"},"content":{"rendered":"[zc_getpagecontent mb=&#8221;mb_aplus&#8221; apid=&#8221;53&#8243;]\n","protected":false},"excerpt":{"rendered":"<ul>\n<li><strong>Daudzpus\u012bga kombin\u0101cija:<\/strong>\u00a0M\u016bsu d\u012bv\u0101ngultai ir da\u017e\u0101da izm\u0113ra putu spilveni, kurus var rado\u0161i izvietot atbilsto\u0161i j\u016bsu vajadz\u012bb\u0101m. Izmantojiet to k\u0101 gr\u012bdas pakl\u0101ji\u0146u, palodzes spilvenu vai salieciet to d\u012bv\u0101ngult\u0101 vai gr\u012bdas d\u012bv\u0101ngult\u0101 \u0113rt\u012bbai un elast\u012bbai.<\/li>\n<li><strong>Jautra saliekam\u0101 d\u012bv\u0101ngulta:<\/strong> Izbaudiet m\u016bsu izvelkam\u0101 d\u012bv\u0101na rota\u013c\u012bgo b\u016bt\u012bbu. P\u0101rveidojiet spilvena formu, iesaistieties rado\u0161\u0101s sp\u0113l\u0113s un izbaudiet unik\u0101lu izklaidi. \u013baujiet va\u013cu izt\u0113lei un padariet katru dienu priec\u012bgu ar \u0161o jautro m\u0113beli.<\/li>\n<li><strong>Vietas taup\u012b\u0161ana:<\/strong> M\u016bsu kompakt\u0101, p\u0101rveidojam\u0101 d\u012bv\u0101ngulta ir izstr\u0101d\u0101ta, lai ietaup\u012btu vietu. Atlociet vai salieciet to atbilsto\u0161i sav\u0101m vajadz\u012bb\u0101m, piel\u0101gojoties da\u017e\u0101diem lieto\u0161anas scen\u0101rijiem. Tas ir ide\u0101ls risin\u0101jums, lai maksim\u0101li izmantotu ierobe\u017eoto m\u0101jas vidi, vienlaikus nodro\u0161inot \u0113rtu atp\u016btas un izklaides vietu.<\/li>\n<li><strong>Daudzpus\u012bgs lietojums:<\/strong> M\u016bsu d\u012bv\u0101ngulta ir piem\u0113rota da\u017e\u0101diem gad\u012bjumiem, piem\u0113ram, maz\u0101m viesistab\u0101m, dz\u012bvok\u013ciem un gu\u013camistab\u0101m, un to var izmantot k\u0101 gr\u012bdas spilvenu, palodzes spilvenu, mazu d\u012bv\u0101nu vai saliekamu atp\u016btas kr\u0113slu. T\u0101 apmierin\u0101s j\u016bsu da\u017e\u0101d\u0101s vajadz\u012bbas neatkar\u012bgi no t\u0101, vai t\u0101 ir las\u012b\u0161ana, sp\u0113l\u0113\u0161an\u0101s vai laika pavad\u012b\u0161ana ar draugiem.<\/li>\n<li><strong>Viegli uztur\u0113t:<\/strong> Izgatavots no m\u012bksta, elpojo\u0161a un \u016bdensnecaurlaid\u012bga oksfordas auduma, m\u016bsu d\u012bv\u0101ngulta pied\u0101v\u0101 maigu piesk\u0101rienu un vieglu kop\u0161anu. Vienk\u0101r\u0161i noslaukiet to maigi, lai not\u012br\u012btu. Putu pild\u012bjums nodro\u0161ina stabilit\u0101ti un komfortu, savuk\u0101rt no\u0146emamo auduma spilvenu var mazg\u0101t ve\u013cas ma\u0161\u012bn\u0101, ietaupot laiku un p\u016bles.<\/li>\n<\/ul>","protected":false},"featured_media":4261,"comment_status":"open","ping_status":"closed","template":"","meta":[],"product_brand":[],"product_cat":[228],"product_tag":[],"class_list":{"0":"post-4269","1":"product","2":"type-product","3":"status-publish","4":"has-post-thumbnail","6":"product_cat-cushions","8":"first","9":"instock","10":"shipping-taxable","11":"purchasable","12":"product-type-simple"},"_links":{"self":[{"href":"https:\/\/www.largepillow.com\/lv\/wp-json\/wp\/v2\/product\/4269","targetHints":{"allow":["GET"]}}],"collection":[{"href":"https:\/\/www.largepillow.com\/lv\/wp-json\/wp\/v2\/product"}],"about":[{"href":"https:\/\/www.largepillow.com\/lv\/wp-json\/wp\/v2\/types\/product"}],"replies":[{"embeddable":true,"href":"https:\/\/www.largepillow.com\/lv\/wp-json\/wp\/v2\/comments?post=4269"}],"wp:featuredmedia":[{"embeddable":true,"href":"https:\/\/www.largepillow.com\/lv\/wp-json\/wp\/v2\/media\/4261"}],"wp:attachment":[{"href":"https:\/\/www.largepillow.com\/lv\/wp-json\/wp\/v2\/media?parent=4269"}],"wp:term":[{"taxonomy":"product_brand","embeddable":true,"href":"https:\/\/www.largepillow.com\/lv\/wp-json\/wp\/v2\/product_brand?post=4269"},{"taxonomy":"product_cat","embeddable":true,"href":"https:\/\/www.largepillow.com\/lv\/wp-json\/wp\/v2\/product_cat?post=4269"},{"taxonomy":"product_tag","embeddable":true,"href":"https:\/\/www.largepillow.com\/lv\/wp-json\/wp\/v2\/product_tag?post=4269"}],"curies":[{"name":"wp","href":"https:\/\/api.w.org\/{rel}","templated":true}]}}