{"id":432,"date":"2022-09-16T01:26:03","date_gmt":"2022-09-16T01:26:03","guid":{"rendered":"https:\/\/www.largepillow.com\/product\/headboard-for-bed"},"modified":"2025-11-05T02:15:27","modified_gmt":"2025-11-05T02:15:27","slug":"liels-muguras-atbalsta-spilvens","status":"publish","type":"product","link":"https:\/\/www.largepillow.com\/lv\/product\/large-back-support-pillow","title":{"rendered":"Liels muguras atbalsta spilvens"},"content":{"rendered":"<p>Lielais muguras atbalsta spilvens \u2013 j\u016bsu lab\u0101kais risin\u0101jums m\u0101j\u012bgai un \u0113rtai atp\u016btas pieredzei! \u0160is galvga\u013ca spilvens ir tr\u012bsst\u016brveida form\u0101, kas nodro\u0161ina lielisku atbalstu mugurai un viduklim, t\u0101d\u0113j\u0101di samazinot jostasvietas un muguras spiedienu. Neatkar\u012bgi no t\u0101, vai esat naktsputns, kam pat\u012bk str\u0101d\u0101t gult\u0101, gr\u0101matu t\u0101rps, kam pat\u012bk las\u012bt gult\u0101, vai k\u0101ds, kam pat\u012bk skat\u012bties televizoru gult\u0101, \u0161is \u0137\u012b\u013cveida las\u012b\u0161anas spilvens pal\u012bdz\u0113s jums saglab\u0101t mieru un atbr\u012bvoties no spriedzes.<\/p>\n<p>\u0160is lielais \u0137\u012b\u013cveida galvga\u013ca spilvens ir vien\u012bgais \u0137\u012b\u013cveida galvga\u013ca spilvens, kas var uz\u0146emt divus cilv\u0113kus, padarot to ide\u0101li piem\u0113rotu p\u0101riem, kuriem pat\u012bk \u0113rti iek\u0101rtoties gult\u0101. T\u0101 3-in-1 dizains \u013cauj to izmantot k\u0101 muguras atbalsta galvga\u013ca spilvenu, s\u0113\u017eot gult\u0101, k\u0101 lielu \u0137\u012b\u013cveida spilvenu, gu\u013cot uz muguras vai s\u0101niem, vai k\u0101ju spilvenu, lai paceltu k\u0101jas.<\/p>\n<p>\u0160\u012b tr\u012bsst\u016brveida liel\u0101 spilvena daudzfunkcion\u0101lais dizains padara to patiesi izcilu. To var izmantot k\u0101 bufera spilvenu, d\u012bv\u0101na vai dienas gultas atzveltnes spilvenu vai pat k\u0101 gultas galvga\u013ca spilvenu. Tas ir gan stil\u012bgs, gan funkcion\u0101ls, padarot to par lielisku papildin\u0101jumu jebkurai gu\u013camistabai.<\/p>\n<p>M\u016bsu liel\u0101 muguras atbalsta spilvena izcil\u0101 meistar\u012bba atspogu\u013cojas t\u0101 materi\u0101los un dizain\u0101. Spilvendr\u0101na ir izgatavota no 100% poliestera samta, kas ir m\u012bksts, elegants un \u0113rts piesk\u0101rienam, un polster\u0113jums ir izgatavots no augsta bl\u012bvuma, augstas kvalit\u0101tes poliestera \u0161\u0137iedr\u0101m, kas nov\u0113r\u0161 iegrim\u0161anu pat p\u0113c vair\u0101ku m\u0113ne\u0161u lieto\u0161anas. Tam pat ir s\u0101nu kabatas gr\u0101matas vai t\u0101lru\u0146a glab\u0101\u0161anai.<\/p>\n<p>\u0160\u012b las\u012b\u0161anas spilvena t\u012br\u012b\u0161ana ir vienk\u0101r\u0161a. P\u0101rvalks ir piestiprin\u0101ts pie spilvena ar pog\u0101m un ir viegli no\u0146emams ar vienk\u0101r\u0161u r\u0101v\u0113jsl\u0113dz\u0113ju. Vienk\u0101r\u0161i no\u0146emiet p\u0101rvalku un \u0101tri izmazg\u0101jiet to ve\u013cas ma\u0161\u012bn\u0101, lai spilvens izskat\u012btos k\u0101 jauns.<\/p>\n<p>Pieejams da\u017e\u0101dos izm\u0113ros, no 45 cm l\u012bdz 200 cm, j\u016bs varat izv\u0113l\u0113ties sev piem\u0113rot\u0101ko izm\u0113ru. Turkl\u0101t, pateicoties pla\u0161ajam pieejamo kr\u0101su kl\u0101stam, lielo muguras atbalsta spilvenu varat bez piep\u016bles pieska\u0146ot savas gu\u013camistabas kr\u0101su sh\u0113mai.<\/p>\n<p>Klienti ir saj\u016bsm\u0101 par m\u016bsu lielo muguras atbalsta spilvenu, un da\u017ei to sauc par lab\u0101ko lietu, ko vi\u0146i ir ieg\u0101d\u0101ju\u0161ies savai gultai. Viens klients teica: \u201c\u0160is spilvens ir iev\u0113rojami main\u012bjis manu dz\u012bvi. Tas nodro\u0161ina lielisku atbalstu, un man \u013coti pat\u012bk, k\u0101 tas izskat\u0101s man\u0101 gu\u013camistab\u0101.\u201d Cits teica: \u201cMateri\u0101ls ir tik m\u012bksts un \u0113rts. Es nevaru iedom\u0101ties gul\u0113\u0161anu bez t\u0101.\u201d<\/p>\n<p>Ja mekl\u0113jat komfortu, atbalstu un stilu, tad Lielais muguras atbalsta spilvens ir \u012bst\u0101 izv\u0113le. Izm\u0113\u0123iniet to pa\u0161i un p\u0101rliecinieties, par ko ir visa t\u0101 a\u017eiot\u0101\u017ea!<\/p>","protected":false},"excerpt":{"rendered":"<ul>\n<li><strong>Maksim\u0101ls komforts:<\/strong> \u0160is galvga\u013ca spilvens pied\u0101v\u0101 izcilu komfortu, pateicoties t\u0101 tr\u012bsst\u016brveida formas dizainam. Gultas atbalsta spilvens labi piegu\u013c mugurai un viduklim, samazinot jostasvietas\/muguras spiedienu. \u0160is \u0137\u012b\u013cveida las\u012b\u0161anas spilvens var pal\u012bdz\u0113t jums saglab\u0101t sasprindzin\u0101jumu gult\u0101 vai d\u012bv\u0101n\u0101, kas ir ide\u0101li piem\u0113rots naktsputniem, gr\u0101matu t\u0101rpiem un televizora skat\u012b\u0161anai gult\u0101. \u0160is \u012bpa\u0161i lielais \u0137\u012b\u013cveida galvga\u013ca spilvens ir vien\u012bgais \u0137\u012b\u013cveida galvga\u013ca spilvens, kas var uz\u0146emt divas personas.<\/li>\n<li><strong>3 vien\u0101 liels polster\u0113juma spilvens:<\/strong> Spilvenu var izmantot vertik\u0101li k\u0101 muguras atbalsta galvgali, s\u0113\u017eot gult\u0101, vai ar\u012b nolikt to plakani uz gultas, lai izmantotu to k\u0101 lielu \u0137\u012b\u013cveida spilvenu, gu\u013cot uz muguras vai s\u0101niem, vai k\u0101 k\u0101ju spilvenu, lai paceltu k\u0101jas. Ja v\u0113laties lielu galvga\u013ca spilvenu, kas nodro\u0161ina atbalstu gan jums, gan j\u016bsu dz\u012bvesbiedram, t\u0101 ir lieliska alternat\u012bva.<\/li>\n<li><strong>Daudzfunkcion\u0101ls dizains:<\/strong> Da\u017ei cilv\u0113ki izmanto tr\u012bsst\u016brveida lielo spilvenu k\u0101 galvga\u013ca spilvenu, bet citi to izmanto k\u0101 bufera spilvenu, to var izmantot ar\u012b k\u0101 d\u012bv\u0101na vai dienas gultas atzveltnes spilvenu. Tas ir gan stil\u012bgs, gan funkcion\u0101ls, padarot to par lielisku papildin\u0101jumu jebkurai gu\u013camistabai.<\/li>\n<li><strong>Izcila meistar\u012bba:<\/strong> M\u016bsu spilvendr\u0101na ir izgatavota no 100% poliestera samta, kas ir m\u012bksts, elegants un \u0113rts piesk\u0101rienam. Polster\u0113jums ir izgatavots no augsta bl\u012bvuma, augstas kvalit\u0101tes poliestera \u0161\u0137iedr\u0101m, kas nov\u0113r\u0161 iegrim\u0161anu pat p\u0113c vair\u0101ku m\u0113ne\u0161u lieto\u0161anas. Turkl\u0101t tai ir s\u0101nu kabatas gr\u0101matas vai t\u0101lru\u0146a glab\u0101\u0161anai.<\/li>\n<li><strong>Viegli t\u012br\u0101ms:<\/strong> Las\u012b\u0161anas spilvena p\u0101rvalks ir piestiprin\u0101ts pie spilvena ar pog\u0101m un ir viegli no\u0146emams ar vienk\u0101r\u0161u r\u0101v\u0113jsl\u0113dz\u0113ju. Tas padara t\u0101 t\u012br\u012b\u0161anu vienk\u0101r\u0161u. Vienk\u0101r\u0161i no\u0146emiet p\u0101rvalku un \u0101tri izmazg\u0101jiet to ve\u013cas ma\u0161\u012bn\u0101, lai spilvens izskat\u012btos k\u0101 jauns.<\/li>\n<li><strong>Izm\u0113rs:<\/strong> 45 cm (G45 x P20 x A50 | 0 pogas), 60 cm (G60 x P20 x A50 | 0 pogas), 80 cm (G80 x P20 x A50 | 2 pogas), 100 cm (G100 x P20 x A50 | 3 pogas), 120 cm (G120 x P20 x A50 | 4 pogas), 140 cm (G140 x P20 x A50 | 4 pogas), 160 cm (G160 x P20 x A50 | 5 pogas), 180 cm (G180 x P20 x A50 | 6 pogas), 200 cm (G200 x P20 x A50 | 7 pogas).<\/li>\n<\/ul>","protected":false},"featured_media":414,"comment_status":"open","ping_status":"closed","template":"","meta":[],"product_brand":[],"product_cat":[15],"product_tag":[205,67,204,168,132,163,112,143,71,65],"class_list":{"0":"post-432","1":"product","2":"type-product","3":"status-publish","4":"has-post-thumbnail","6":"product_cat-large-wedge-pillow","7":"product_tag-back-support-headboard-pillow","8":"product_tag-backrest-reading-pillow","9":"product_tag-bed-support-cushion","10":"product_tag-headboard-pillow","11":"product_tag-large-bolster-pillow","12":"product_tag-leg-pillow","13":"product_tag-lumbar-support-pillow","14":"product_tag-multifunctional-pillow","15":"product_tag-tv-pillow","16":"product_tag-wedge-pillow","18":"first","19":"instock","20":"featured","21":"shipping-taxable","22":"purchasable","23":"product-type-variable"},"_links":{"self":[{"href":"https:\/\/www.largepillow.com\/lv\/wp-json\/wp\/v2\/product\/432","targetHints":{"allow":["GET"]}}],"collection":[{"href":"https:\/\/www.largepillow.com\/lv\/wp-json\/wp\/v2\/product"}],"about":[{"href":"https:\/\/www.largepillow.com\/lv\/wp-json\/wp\/v2\/types\/product"}],"replies":[{"embeddable":true,"href":"https:\/\/www.largepillow.com\/lv\/wp-json\/wp\/v2\/comments?post=432"}],"wp:featuredmedia":[{"embeddable":true,"href":"https:\/\/www.largepillow.com\/lv\/wp-json\/wp\/v2\/media\/414"}],"wp:attachment":[{"href":"https:\/\/www.largepillow.com\/lv\/wp-json\/wp\/v2\/media?parent=432"}],"wp:term":[{"taxonomy":"product_brand","embeddable":true,"href":"https:\/\/www.largepillow.com\/lv\/wp-json\/wp\/v2\/product_brand?post=432"},{"taxonomy":"product_cat","embeddable":true,"href":"https:\/\/www.largepillow.com\/lv\/wp-json\/wp\/v2\/product_cat?post=432"},{"taxonomy":"product_tag","embeddable":true,"href":"https:\/\/www.largepillow.com\/lv\/wp-json\/wp\/v2\/product_tag?post=432"}],"curies":[{"name":"wp","href":"https:\/\/api.w.org\/{rel}","templated":true}]}}