{"id":4365,"date":"2024-09-13T03:28:21","date_gmt":"2024-09-13T03:28:21","guid":{"rendered":"https:\/\/www.largepillow.com\/product\/large-headboard-reading-pillow-bolster-body-pillow-gray"},"modified":"2024-10-03T16:31:33","modified_gmt":"2024-10-03T16:31:33","slug":"liels-galvgalis-lasisanas-spilvens-parvalks-kermena-spilvens-peleks","status":"publish","type":"product","link":"https:\/\/www.largepillow.com\/lv\/product\/large-headboard-reading-pillow-bolster-body-pillow-gray","title":{"rendered":"Liels galvgalis las\u012b\u0161anai, spilvens \u0137erme\u0146a polster\u0113\u0161anai, pel\u0113ks"},"content":{"rendered":"[zc_getpagecontent mb=&#8221;mb_aplus&#8221; apid=&#8221;60&#8243;]\n","protected":false},"excerpt":{"rendered":"<ul>\n<li>Moderns dizains: Izstr\u0101d\u0101ts ar pog\u0101m un \u0161\u016bt\u0101m deta\u013c\u0101m, velm\u0113t\u0101m mal\u0101m pie\u0161\u0137ir ar\u012b papildu dekorat\u012bvu izskatu. \u0160is lielais jostasvietas spilvens ar bag\u0101t\u012bgo pild\u012bjumu nodro\u0161ina papildu komfortu un vislab\u0101ko atbalstu, atp\u016b\u0161oties un atp\u016b\u0161oties. Izmantojiet to atsevi\u0161\u0137i k\u0101 akcenta elementu vai kombin\u0113jiet ar citiem standarta apdruk\u0101tiem\/vienkr\u0101sainiem vai cita veida iz\u0161\u016btiem spilveniem, lai ieg\u016btu saska\u0146otu izskatu.<\/li>\n<li>Lielisks muguras atbalsta spilvens: \u0160is lielais dekorat\u012bvais spilvens sniedz lab\u0101ku atbalstu nek\u0101 parastie p\u016bkainie dekorat\u012bvie spilveni, budu\u0101ra spilveni vai eiro spilveni, un tas ir iztur\u012bgs, lai saglab\u0101tu savu formu. \u0160is lielais galvga\u013ca spilvens ar bag\u0101t\u012bgu pild\u012bjumu sniedz papildu komfortu, un kop\u0101 ar m\u012bkstu matraci tas nodro\u0161ina vislab\u0101ko atbalstu, atliecoties un atp\u016b\u0161oties. \u0160is modernais lielais atzveltnes spilvens atrisin\u0101s ar\u012b probl\u0113mu, ka j\u016bsu gultas spilveni sl\u012bd starp matraci un galvgali.<\/li>\n<li>Daudzfunkcion\u0101ls: Izmantojiet \u0161o lielo muguras atbalsta spilvenu k\u0101 galvga\u013ca alternat\u012bvu vai d\u012bv\u0101na atzveltni, vai ar\u012b novietojiet to uz soli\u0146a, lai ieg\u016btu jaunu d\u012bv\u0101nu. \u0160o garo gultas spilvenu var izmantot ar\u012b k\u0101 lielu \u0137erme\u0146a spilvenu, lai pal\u012bdz\u0113tu jums labi izgul\u0113ties. \u0160is polster\u0113tais galvga\u013ca spilvens ir tik kr\u0101\u0161\u0146s, tik izcilas kvalit\u0101tes un super\u0113rts, pret kuru atbalst\u012bties. Vienlaikus tas labi iederas da\u017e\u0101dos m\u0101jas interjera stilos, pie\u0161\u0137irot gu\u013camistabai siltu un omul\u012bgu saj\u016btu.<\/li>\n<li>Izcila meistar\u012bba: 100% poliestera auduma garais spilvens ir \u012bpa\u0161i m\u012bksts un \u0113rts j\u016bsu \u0101dai. Tradicion\u0101lie dekorat\u012bvie spilveni laika gait\u0101 m\u0113dz nosl\u012bd\u0113t, bet \u0161im las\u012b\u0161anas spilvenam ir polster\u0113tas pogas, kas ne tikai nodro\u0161ina m\u016bsdien\u012bgu stilu, bet ar\u012b notur pild\u012bjumu viet\u0101, nodro\u0161inot iztur\u012bbu. Raib\u0101s \u0161uves un atlokveida malas pie\u0161\u0137ir ar\u012b papildu dekorat\u012bvu efektu.<\/li>\n<li>Spilvendr\u0101nas kop\u0161anas instrukcijas: Spilvendr\u0101nas ir no\u0146emamas, neizbal\u0113 un neirst, t\u0101s ir viegli kopjamas un mazg\u0101jamas ve\u013cas ma\u0161\u012bn\u0101, pateicoties pog\u0101m un neredzamajam r\u0101v\u0113jsl\u0113dz\u0113jam.<\/li>\n<\/ul>","protected":false},"featured_media":4347,"comment_status":"open","ping_status":"closed","template":"","meta":[],"product_brand":[],"product_cat":[28],"product_tag":[],"class_list":{"0":"post-4365","1":"product","2":"type-product","3":"status-publish","4":"has-post-thumbnail","6":"product_cat-large-body-pillow","8":"first","9":"instock","10":"shipping-taxable","11":"purchasable","12":"product-type-variable","13":"has-default-attributes"},"_links":{"self":[{"href":"https:\/\/www.largepillow.com\/lv\/wp-json\/wp\/v2\/product\/4365","targetHints":{"allow":["GET"]}}],"collection":[{"href":"https:\/\/www.largepillow.com\/lv\/wp-json\/wp\/v2\/product"}],"about":[{"href":"https:\/\/www.largepillow.com\/lv\/wp-json\/wp\/v2\/types\/product"}],"replies":[{"embeddable":true,"href":"https:\/\/www.largepillow.com\/lv\/wp-json\/wp\/v2\/comments?post=4365"}],"wp:featuredmedia":[{"embeddable":true,"href":"https:\/\/www.largepillow.com\/lv\/wp-json\/wp\/v2\/media\/4347"}],"wp:attachment":[{"href":"https:\/\/www.largepillow.com\/lv\/wp-json\/wp\/v2\/media?parent=4365"}],"wp:term":[{"taxonomy":"product_brand","embeddable":true,"href":"https:\/\/www.largepillow.com\/lv\/wp-json\/wp\/v2\/product_brand?post=4365"},{"taxonomy":"product_cat","embeddable":true,"href":"https:\/\/www.largepillow.com\/lv\/wp-json\/wp\/v2\/product_cat?post=4365"},{"taxonomy":"product_tag","embeddable":true,"href":"https:\/\/www.largepillow.com\/lv\/wp-json\/wp\/v2\/product_tag?post=4365"}],"curies":[{"name":"wp","href":"https:\/\/api.w.org\/{rel}","templated":true}]}}