{"id":4585,"date":"2024-10-25T04:02:31","date_gmt":"2024-10-25T04:02:31","guid":{"rendered":"https:\/\/www.largepillow.com\/product\/ergonomic-u-shaped-reading-support-pillow-with-armrests"},"modified":"2025-12-03T14:22:08","modified_gmt":"2025-12-03T14:22:08","slug":"ergonomisks-u-formas-lasisanas-atbalsta-spilvens-ar-roku-balstiem","status":"publish","type":"product","link":"https:\/\/www.largepillow.com\/lv\/product\/ergonomic-u-shaped-reading-support-pillow-with-armrests","title":{"rendered":"Ergonomisks U-veida sp\u0113\u013cu un las\u012b\u0161anas atbalsta spilvens ar roku balstiem"},"content":{"rendered":"[zc_getpagecontent mb=&#8221;mb_aplus&#8221; apid=&#8221;84&#8243;]\n","protected":false},"excerpt":{"rendered":"<ul>\n<li><strong>P\u0101rn\u0113s\u0101jams roku balsta spilvens:<\/strong>\u00a0M\u016bsu roku balsta spilvena izm\u0113ri ir 2,8 \u00d7 2,5 \u00d7 0,6 collas garum\u0101, platum\u0101 un augstum\u0101, un ar p\u0101rn\u0113s\u0101jamu rokturi roku balsta spilvenu var viegli p\u0101rnest uz citu istabu vai novietot uz gr\u012bdas. M\u016bsu roku balsta spilvenam ir s\u0101nu kabatas, kur\u0101s \u0113rti ievietot t\u0101lruni, t\u0101lvad\u012bbas pulti, piez\u012bmju gr\u0101mati\u0146u, gr\u0101matu, \u017eurn\u0101lu utt.<\/li>\n<li><strong>Las\u012b\u0161anas spilvens komfortam:<\/strong> Plati un m\u012bksti roku balsti kalpo ar\u012b k\u0101 las\u012b\u0161anas spilvens, kas piegu\u013c j\u016bsu \u0137erme\u0146a kont\u016br\u0101m, nodro\u0161inot komfortu un atbalstu j\u016bsu rok\u0101m un elko\u0146iem. Tie ir liel\u0101ki un \u0113rt\u0101ki, ar roku atbalstu roku sp\u0113ka atsl\u0101bin\u0101\u0161anai un l\u012bdzenu virsmu darbam pie datora. Tie efekt\u012bvi mazina roku un kakla nogurumu, ko izraisa ilgsto\u0161s darbs, sp\u0113\u013cu sp\u0113l\u0113\u0161ana, las\u012b\u0161ana vai televizora skat\u012b\u0161an\u0101s.<\/li>\n<li><strong>\u0136erme\u0146a atbalsta spilvens:<\/strong> Tas ir vair\u0101k nek\u0101 tikai las\u012b\u0161anas spilvens, to var izmantot ar\u012b k\u0101 relaks\u0113jo\u0161u miega spilvenu. Ergonomiskais U-veida dizains un \u0137erme\u0146a atbalsta spilvena sl\u012bpuma buferis uztur mugurkaulu neitr\u0101l\u0101 st\u0101vokl\u012b, nodro\u0161inot pietiekamu atbalstu galvai un kaklam. Efekt\u012bvi piel\u0101gojot un kori\u0123\u0113jot j\u016bsu gul\u0113\u0161anas poz\u012bciju uz s\u0101niem, m\u016bsu U-veida spilvens pal\u012bdz mazin\u0101t galvass\u0101pes, kakla sastiepumus un plecu s\u0101pes, lai j\u016bs var\u0113tu \u0113rti gul\u0113t uz abiem s\u0101niem.<\/li>\n<li><strong>Augst\u0101k\u0101s kvalit\u0101tes materi\u0101li:<\/strong> M\u016bsu sp\u0113\u013cu spilvens ir izgatavots no unik\u0101la, p\u016bkaina samta auduma ar elpojo\u0161u sietu s\u0101nos, kas ir elpojo\u0161s un p\u016bkains, un pild\u012bts ar PP kokvilnu, kas nodro\u0161ina ilgsto\u0161u atbalstu un, saspie\u017eot, pat\u012bkami atliecas atpaka\u013c. \u012apa\u0161i liels las\u012b\u0161anas spilvens ar roku balstiem nodro\u0161ina pietiekamu atbalstu rok\u0101m, mazinot spiedienu uz pleciem, kaklu un k\u0101j\u0101m. U-veida iedobums piel\u0101gojas \u0137erme\u0146a kont\u016br\u0101m, kori\u0123\u0113jot st\u0101ju.<\/li>\n<li><strong>Ergonomisks dizains:<\/strong> Sp\u0113\u013cu las\u012b\u0161anas spilvena s\u0101niem ir \u0161\u016bpol\u0113m l\u012bdz\u012bgs arkas dizains, un atbalsta spilvena priek\u0161\u0113jo un aizmugur\u0113jo augstumu var regul\u0113t atbilsto\u0161i da\u017e\u0101d\u0101m s\u0113d\u0113\u0161anas poz\u0101m. Ergonomiskais dizains \u013cauj ac\u012bm atrasties sapr\u0101t\u012bg\u0101 att\u0101lum\u0101 no t\u0101lru\u0146a un kl\u0113pjdatora, t\u0101d\u0113j\u0101di aizsarg\u0101jot redzi. Tas ir labi mugurkaulam, uzlabojot visp\u0101r\u0113jo komfortu un nodro\u0161inot mier\u012bgu pieredzi.<\/li>\n<\/ul>","protected":false},"featured_media":4577,"comment_status":"open","ping_status":"closed","template":"","meta":[],"product_brand":[],"product_cat":[228],"product_tag":[],"class_list":{"0":"post-4585","1":"product","2":"type-product","3":"status-publish","4":"has-post-thumbnail","6":"product_cat-cushions","8":"first","9":"outofstock","10":"shipping-taxable","11":"purchasable","12":"product-type-simple"},"_links":{"self":[{"href":"https:\/\/www.largepillow.com\/lv\/wp-json\/wp\/v2\/product\/4585","targetHints":{"allow":["GET"]}}],"collection":[{"href":"https:\/\/www.largepillow.com\/lv\/wp-json\/wp\/v2\/product"}],"about":[{"href":"https:\/\/www.largepillow.com\/lv\/wp-json\/wp\/v2\/types\/product"}],"replies":[{"embeddable":true,"href":"https:\/\/www.largepillow.com\/lv\/wp-json\/wp\/v2\/comments?post=4585"}],"wp:featuredmedia":[{"embeddable":true,"href":"https:\/\/www.largepillow.com\/lv\/wp-json\/wp\/v2\/media\/4577"}],"wp:attachment":[{"href":"https:\/\/www.largepillow.com\/lv\/wp-json\/wp\/v2\/media?parent=4585"}],"wp:term":[{"taxonomy":"product_brand","embeddable":true,"href":"https:\/\/www.largepillow.com\/lv\/wp-json\/wp\/v2\/product_brand?post=4585"},{"taxonomy":"product_cat","embeddable":true,"href":"https:\/\/www.largepillow.com\/lv\/wp-json\/wp\/v2\/product_cat?post=4585"},{"taxonomy":"product_tag","embeddable":true,"href":"https:\/\/www.largepillow.com\/lv\/wp-json\/wp\/v2\/product_tag?post=4585"}],"curies":[{"name":"wp","href":"https:\/\/api.w.org\/{rel}","templated":true}]}}