{"id":4620,"date":"2024-10-29T01:07:52","date_gmt":"2024-10-29T01:07:52","guid":{"rendered":"https:\/\/www.largepillow.com\/product\/space-saving-ottoman-pouf-with-storage-round-comfy-for-any-room"},"modified":"2024-10-29T11:16:09","modified_gmt":"2024-10-29T11:16:09","slug":"vietu-tauposs-pufs-ar-apalu-uzglabasanas-vietu-erts-jebkurai-telpai","status":"publish","type":"product","link":"https:\/\/www.largepillow.com\/lv\/product\/space-saving-ottoman-pouf-with-storage-round-comfy-for-any-room\/","title":{"rendered":"Vietu taupo\u0161s Osma\u0146u pufs ar uzglab\u0101\u0161anas vietu \u2013 apa\u013c\u0161 un \u0113rts jebkurai telpai"},"content":{"rendered":"[zc_getpagecontent mb=&#8221;mb_aplus&#8221; apid=&#8221;97&#8243;]\n","protected":false},"excerpt":{"rendered":"<ul>\n<li><strong>Inovat\u012bvs dizains:<\/strong> M\u016bsu pufs ar uzglab\u0101\u0161anas vietu ir praktiskuma un skaistuma apvienojums. \u0160im pufam ir unik\u0101ls tr\u012bs sl\u0101\u0146u pild\u012bjums, m\u012bksts poliestera \u0161\u0137iedras virs\u0113jais sl\u0101nis, palielin\u0101ta uzglab\u0101\u0161anas ietilp\u012bba vid\u016b un iztur\u012bga, augsta bl\u012bvuma putu pamatne iztur\u012bbai un komfortam. Lieliski piem\u0113rots t\u0101du lietu glab\u0101\u0161anai, kuras jums j\u0101atrodas pa rokai.<\/li>\n<li><strong>Daudzpus\u012bgs un stil\u012bgs:<\/strong> M\u016bsu apa\u013cais pufs ir daudzpus\u012bgs papildin\u0101jums jebkurai telpai. Neatkar\u012bgi no t\u0101, vai jums nepiecie\u0161ama papildu s\u0113dvieta, k\u0101ju balsts vai vienk\u0101r\u0161i stil\u012bgs akcenta elements, \u0161is pufs ir ide\u0101la izv\u0113le j\u016bsu viesistabai, gu\u013camistabai, b\u0113rnu istabai, kopm\u012btn\u0113m, balkonam vai atp\u016btas zonai.<\/li>\n<li><strong>\u0112rti un viegli kopjami:<\/strong> \u0160im vieglajam, polster\u0113tajam pufam-k\u0101ju balstam ir roku balsti \u0113rtai p\u0101rvieto\u0161anai m\u0101j\u0101s. Gludais r\u0101v\u0113jsl\u0113dz\u0113js \u013cauj viegli piel\u0101got vai nomain\u012bt pild\u012bjumu, nodro\u0161inot personaliz\u0113tu komfortu un \u0113rtu t\u012br\u012b\u0161anu. Nesl\u012bdo\u0161ais apak\u0161\u0113jais dizains nodro\u0161ina stabilit\u0101ti.<\/li>\n<li><strong>Maksim\u0101ls komforts un iztur\u012bba:<\/strong> Izbaudiet nep\u0101rsp\u0113jamu maigumu un komfortu ar augst\u0101k\u0101s kvalit\u0101tes \u012bso pl\u012b\u0161a virs\u0113jo sl\u0101ni un iztur\u012bgaj\u0101m augsta bl\u012bvuma put\u0101m, kas laika gait\u0101 saglab\u0101 savu formu. Zil\u0101 un balt\u0101 sv\u012btrain\u0101 \u0101das \u0101rpuse pie\u0161\u0137ir stila un izsmalcin\u0101t\u012bbas piesk\u0101rienu, neman\u0101mi iederoties jebkur\u0101 interjer\u0101.<\/li>\n<li><strong>Ilgsto\u0161s atbalsts:<\/strong> Pieg\u0101d\u0101ts vakuuma iepakojum\u0101 efekt\u012bvai pieg\u0101dei, \u013caujot k\u0101ju balstiem piln\u012bb\u0101 izplesties l\u012bdz pat 72 stund\u0101m, lai sasniegtu optim\u0101lu izm\u0113ru un komfortu. 5 dienu laik\u0101 izbaudiet ilgsto\u0161u atbalstu un labsaj\u016btu, ko nodro\u0161ina augstas kvalit\u0101tes putas, radot m\u0101j\u012bgu un m\u0101j\u012bgu atmosf\u0113ru.<\/li>\n<\/ul>","protected":false},"featured_media":4613,"comment_status":"open","ping_status":"closed","template":"","meta":[],"product_brand":[],"product_cat":[228],"product_tag":[],"class_list":{"0":"post-4620","1":"product","2":"type-product","3":"status-publish","4":"has-post-thumbnail","6":"product_cat-cushions","8":"first","9":"instock","10":"shipping-taxable","11":"purchasable","12":"product-type-simple"},"_links":{"self":[{"href":"https:\/\/www.largepillow.com\/lv\/wp-json\/wp\/v2\/product\/4620","targetHints":{"allow":["GET"]}}],"collection":[{"href":"https:\/\/www.largepillow.com\/lv\/wp-json\/wp\/v2\/product"}],"about":[{"href":"https:\/\/www.largepillow.com\/lv\/wp-json\/wp\/v2\/types\/product"}],"replies":[{"embeddable":true,"href":"https:\/\/www.largepillow.com\/lv\/wp-json\/wp\/v2\/comments?post=4620"}],"wp:featuredmedia":[{"embeddable":true,"href":"https:\/\/www.largepillow.com\/lv\/wp-json\/wp\/v2\/media\/4613"}],"wp:attachment":[{"href":"https:\/\/www.largepillow.com\/lv\/wp-json\/wp\/v2\/media?parent=4620"}],"wp:term":[{"taxonomy":"product_brand","embeddable":true,"href":"https:\/\/www.largepillow.com\/lv\/wp-json\/wp\/v2\/product_brand?post=4620"},{"taxonomy":"product_cat","embeddable":true,"href":"https:\/\/www.largepillow.com\/lv\/wp-json\/wp\/v2\/product_cat?post=4620"},{"taxonomy":"product_tag","embeddable":true,"href":"https:\/\/www.largepillow.com\/lv\/wp-json\/wp\/v2\/product_tag?post=4620"}],"curies":[{"name":"wp","href":"https:\/\/api.w.org\/{rel}","templated":true}]}}