{"id":4670,"date":"2024-11-05T04:13:37","date_gmt":"2024-11-05T04:13:37","guid":{"rendered":"https:\/\/www.largepillow.com\/product\/wood-log-ottoman-pouf-cushion-foam-removable-cover"},"modified":"2025-11-24T01:41:33","modified_gmt":"2025-11-24T01:41:33","slug":"koka-balka-pufa-spilvena-putu-nonemams-parvalks","status":"publish","type":"product","link":"https:\/\/www.largepillow.com\/lv\/product\/wood-log-ottoman-pouf-cushion-foam-removable-cover","title":{"rendered":"Koka ba\u013c\u0137a pufa spilvens \u2013 putas un no\u0146emams p\u0101rvalks"},"content":{"rendered":"[zc_getpagecontent mb=&#8221;mb_aplus&#8221; apid=&#8221;101&#8243;]\n","protected":false},"excerpt":{"rendered":"<ul>\n<li>\u012apatn\u0113js koka tekst\u016bras dizains: Ar rado\u0161u stumbra rakstu \u0161is inovat\u012bvais koka pufs izstaro stilu un pie\u0161\u0137ir j\u016bsu telpai gan vizu\u0101lu, gan funkcion\u0101lu dr\u0101mu. T\u0101 ko\u0161\u0101s kr\u0101sas un daudzpus\u012bgais pielietojums padara to par izcilu papildin\u0101jumu jebkuram m\u0113be\u013cu izk\u0101rtojumam, uzlabojot kop\u0113jo est\u0113tiku.<\/li>\n<li>Daudzfunkcion\u0101ls un stil\u012bgs: \u0160is stil\u012bgais kombin\u0113tais k\u0101ju kr\u0113sls ir lieliski piem\u0113rots da\u017e\u0101d\u0101m viet\u0101m, piem\u0113ram, gu\u013camistabas spogulis priek\u0161\u0101, k\u0101 papildu s\u0113dvieta vai k\u0101ju balsts, un pie\u0161\u0137ir jebkurai telpai eleganci. Izmantojiet to k\u0101 kafijas galdi\u0146u ar papl\u0101ti dekoram, padarot to par daudzpus\u012bgu dekorat\u012bvu elementu.<\/li>\n<li>Komforts un kvalit\u0101te: Izgatavots ar m\u012bkstu samta p\u0101rvalku un pild\u012bts ar augsta bl\u012bvuma put\u0101m, \u0161is \u0123eometriskais k\u0101ju balsts pied\u0101v\u0101 \u0113rtu un atbalsto\u0161u s\u0113d\u0113\u0161anas pieredzi. T\u0101 \u0101dai draudz\u012bgie materi\u0101li un iztur\u012bg\u0101 konstrukcija padara pufu ide\u0101li piem\u0113rotu jebkuram m\u0101jas interjera stilam.<\/li>\n<li>\u0112rta kop\u0161ana: \u0160is pild\u012btais pufs-ostamana dizains ir paredz\u0113ts lieto\u0161anai iek\u0161telp\u0101s, un tam ir gluds r\u0101v\u0113jsl\u0113dz\u0113js, lai p\u0101rvalku b\u016btu viegli no\u0146emt t\u012br\u012b\u0161anai. Tas ir viegls un viegli p\u0101rvietojams starp istab\u0101m, nodro\u0161inot \u0113rtu kop\u0161anu, lai j\u016bsu telpa izskat\u012btos svaiga un k\u0101rt\u012bga.<\/li>\n<li>Efekt\u012bva pieg\u0101de un atloc\u012b\u0161ana: Lai garant\u0113tu dro\u0161u un efekt\u012bvu pieg\u0101des procesu, m\u016bsu pufa k\u0101ju balsts ir vakuum\u0101 iepakots. Vienk\u0101r\u0161i \u013caujiet tam atloc\u012bties 24\u201348 stundas p\u0113c pieg\u0101des, lai nodro\u0161in\u0101tu vislab\u0101ko pieredzi, nodro\u0161inot, ka j\u016bsu \u0123eometriskais pufs ir gatavs uzlabot j\u016bsu telpu ar stilu un komfortu.<\/li>\n<\/ul>","protected":false},"featured_media":4659,"comment_status":"open","ping_status":"closed","template":"","meta":[],"product_brand":[],"product_cat":[228],"product_tag":[],"class_list":{"0":"post-4670","1":"product","2":"type-product","3":"status-publish","4":"has-post-thumbnail","6":"product_cat-cushions","8":"first","9":"instock","10":"shipping-taxable","11":"purchasable","12":"product-type-variable","13":"has-default-attributes"},"_links":{"self":[{"href":"https:\/\/www.largepillow.com\/lv\/wp-json\/wp\/v2\/product\/4670","targetHints":{"allow":["GET"]}}],"collection":[{"href":"https:\/\/www.largepillow.com\/lv\/wp-json\/wp\/v2\/product"}],"about":[{"href":"https:\/\/www.largepillow.com\/lv\/wp-json\/wp\/v2\/types\/product"}],"replies":[{"embeddable":true,"href":"https:\/\/www.largepillow.com\/lv\/wp-json\/wp\/v2\/comments?post=4670"}],"wp:featuredmedia":[{"embeddable":true,"href":"https:\/\/www.largepillow.com\/lv\/wp-json\/wp\/v2\/media\/4659"}],"wp:attachment":[{"href":"https:\/\/www.largepillow.com\/lv\/wp-json\/wp\/v2\/media?parent=4670"}],"wp:term":[{"taxonomy":"product_brand","embeddable":true,"href":"https:\/\/www.largepillow.com\/lv\/wp-json\/wp\/v2\/product_brand?post=4670"},{"taxonomy":"product_cat","embeddable":true,"href":"https:\/\/www.largepillow.com\/lv\/wp-json\/wp\/v2\/product_cat?post=4670"},{"taxonomy":"product_tag","embeddable":true,"href":"https:\/\/www.largepillow.com\/lv\/wp-json\/wp\/v2\/product_tag?post=4670"}],"curies":[{"name":"wp","href":"https:\/\/api.w.org\/{rel}","templated":true}]}}