{"id":4855,"date":"2024-11-21T03:10:06","date_gmt":"2024-11-21T03:10:06","guid":{"rendered":"https:\/\/www.largepillow.com\/product\/round-ottoman-table-with-tassel-cushioned-for-bedroom-living"},"modified":"2024-12-13T02:58:30","modified_gmt":"2024-12-13T02:58:30","slug":"apals-pufs-ar-polsteretu-puskiti-gulamistabai","status":"publish","type":"product","link":"https:\/\/www.largepillow.com\/lv\/product\/round-ottoman-table-with-tassel-cushioned-for-bedroom-living","title":{"rendered":"Apa\u013c\u0161 Osma\u0146u galds ar pu\u0161\u0137i, polster\u0113ts gu\u013camistabai un viesistabai"},"content":{"rendered":"[zc_getpagecontent mb=&#8221;mb_aplus&#8221; apid=&#8221;104&#8243;]\n","protected":false},"excerpt":{"rendered":"<ul>\n<li>Grezns \u2014 paceliet savu viesistabu, re\u0123istrat\u016bru vai san\u0101ksmju zonu ar \u0161o 40 collu apa\u013co pufu, kas kalpo k\u0101 stil\u012bgs kafijas galdi\u0146\u0161. Apvilkts ar m\u012bkstu samtu un balst\u012bts uz augsta bl\u012bvuma put\u0101m, tas pied\u0101v\u0101 gan komfortu, gan izsmalcin\u0101tu izskatu, ide\u0101li piem\u0113rots neform\u0101l\u0101m san\u0101k\u0161an\u0101m vai ofici\u0101liem pas\u0101kumiem.<\/li>\n<li>Augst\u0101k\u0101s kvalit\u0101tes \u2014 gai\u0161i zilais samts ne tikai rada nomierino\u0161u un pat\u012bkamu vizu\u0101lo efektu, bet ar\u012b grezn\u012bbas saj\u016btu, ko izce\u013c t\u0101 sp\u0113ja atstarot gaismu un pie\u0161\u0137irt m\u0113bel\u0113m augstas klases piesk\u0101rienu; sudrabaini baltie pu\u0161\u0137i pie\u0161\u0137ir modernu un elegantu apdari, uzlabojot pufa eleganci; \u0161\u012b materi\u0101la un dizaina kombin\u0101cija rada produktu, kas ir gan est\u0113tiski pievilc\u012bgs, gan \u0113rts.<\/li>\n<li>Daudzpus\u012bga funkcionalit\u0101te \u2014 ar 16 collu augstumu \u0161is pufs pilda divas funkcijas \u2014 \u0113rtu \u0123\u0113rbtuves kr\u0113slu vai atbalsto\u0161u k\u0101ju balstu; t\u0101 iztur\u012bg\u0101 konstrukcija un m\u012bkst\u0101 virsma nodro\u0161ina komfortu gan p\u0101r\u0123\u0113rbjoties, gan atp\u016btinot k\u0101jas, padarot to par b\u016btisku papildin\u0101jumu jebkur\u0101s m\u0101j\u0101s.<\/li>\n<li>Elegance bez piep\u016bles \u2013 pufs ir izstr\u0101d\u0101ts \u0113rtai lieto\u0161anai, nov\u0113r\u0161ot nepiecie\u0161am\u012bbu p\u0113c sare\u017e\u0123\u012btas mont\u0101\u017eas; vienk\u0101r\u0161i iz\u0146emiet to no iepakojuma, uzlieciet samta p\u0101rvalku p\u0101r put\u0101m un \u013caujiet 2\u20133 dien\u0101m, lai putas atg\u016btu pareizo formu; \u0161\u012b lietot\u0101jam draudz\u012bg\u0101 pieeja nodro\u0161ina bezr\u016bp\u012bgu lieto\u0161anas pieredzi, padarot to gatavu lieto\u0161anai jebkur\u0101 j\u016bsu m\u0101jas telp\u0101 ar minim\u0101lu piep\u016bli.<\/li>\n<\/ul>","protected":false},"featured_media":4847,"comment_status":"open","ping_status":"closed","template":"","meta":[],"product_brand":[],"product_cat":[228],"product_tag":[],"class_list":{"0":"post-4855","1":"product","2":"type-product","3":"status-publish","4":"has-post-thumbnail","6":"product_cat-cushions","8":"first","9":"instock","10":"shipping-taxable","11":"purchasable","12":"product-type-simple"},"_links":{"self":[{"href":"https:\/\/www.largepillow.com\/lv\/wp-json\/wp\/v2\/product\/4855","targetHints":{"allow":["GET"]}}],"collection":[{"href":"https:\/\/www.largepillow.com\/lv\/wp-json\/wp\/v2\/product"}],"about":[{"href":"https:\/\/www.largepillow.com\/lv\/wp-json\/wp\/v2\/types\/product"}],"replies":[{"embeddable":true,"href":"https:\/\/www.largepillow.com\/lv\/wp-json\/wp\/v2\/comments?post=4855"}],"wp:featuredmedia":[{"embeddable":true,"href":"https:\/\/www.largepillow.com\/lv\/wp-json\/wp\/v2\/media\/4847"}],"wp:attachment":[{"href":"https:\/\/www.largepillow.com\/lv\/wp-json\/wp\/v2\/media?parent=4855"}],"wp:term":[{"taxonomy":"product_brand","embeddable":true,"href":"https:\/\/www.largepillow.com\/lv\/wp-json\/wp\/v2\/product_brand?post=4855"},{"taxonomy":"product_cat","embeddable":true,"href":"https:\/\/www.largepillow.com\/lv\/wp-json\/wp\/v2\/product_cat?post=4855"},{"taxonomy":"product_tag","embeddable":true,"href":"https:\/\/www.largepillow.com\/lv\/wp-json\/wp\/v2\/product_tag?post=4855"}],"curies":[{"name":"wp","href":"https:\/\/api.w.org\/{rel}","templated":true}]}}